{"id":41131,"date":"2020-01-26T01:44:25","date_gmt":"2020-01-26T01:44:25","guid":{"rendered":"https:\/\/occasionmachines.com\/?post_type=product&#038;p=41131"},"modified":"2025-01-31T17:30:11","modified_gmt":"2025-01-31T17:30:11","slug":"maquina-desmontar-pneus-de-pesados-diametro-maximo-da-roda-1600-mm-63","status":"publish","type":"product","link":"https:\/\/occasionmachines.com\/pt\/produto\/maquina-desmontar-pneus-de-pesados-diametro-maximo-da-roda-1600-mm-63\/","title":{"rendered":"Maq. Desmontar Pneus Pesados 400V PTTC63"},"content":{"rendered":"<table border=1 cellspacing=0 cellpadding=0 width=\"100%\">\n<tr>\n<td bgcolor=AntiqueWhite align=left>&nbsp;Caracter\u00edsticas T\u00e9cnicas<\/td>\n<td bgcolor=AntiqueWhite align=left>&nbsp;&#8211;<\/td>\n<td bgcolor=AntiqueWhite align=left>&nbsp;&#8212;<\/td>\n<\/tr>\n<tr>\n<td bgcolor=White>&nbsp;Pot\u00eancia do Motor<\/td>\n<td bgcolor=White>&nbsp;W<\/td>\n<td bgcolor=White>&nbsp;2200<\/td>\n<\/tr>\n<tr>\n<td bgcolor=White>&nbsp;Pot\u00eancia Bomba Hidr\u00e1ul.<\/td>\n<td bgcolor=White>&nbsp;W<\/td>\n<td bgcolor=White>&nbsp;1500<\/td>\n<\/tr>\n<tr>\n<td bgcolor=White>&nbsp;Voltagem<\/td>\n<td bgcolor=White>&nbsp;V<\/td>\n<td bgcolor=White>&nbsp;400<\/td>\n<\/tr>\n<tr>\n<td bgcolor=White>&nbsp;Frequ\u00eancia<\/td>\n<td bgcolor=White>&nbsp;Hz<\/td>\n<td bgcolor=White>&nbsp;50<\/td>\n<\/tr>\n<tr>\n<td bgcolor=White>&nbsp;Capacid. Grampo Bloqueio<\/td>\n<td bgcolor=White>&nbsp;<\/td>\n<td bgcolor=White>&nbsp;14~26\u201d<\/td>\n<\/tr>\n<tr>\n<td bgcolor=White>&nbsp;Di\u00e2metro M\u00e1ximo Roda<\/td>\n<td bgcolor=White>&nbsp;mm<\/td>\n<td bgcolor=White>&nbsp;1600<\/td>\n<\/tr>\n<tr>\n<td bgcolor=White>&nbsp;Largura M\u00e1xima Roda<\/td>\n<td bgcolor=White>&nbsp;mm<\/td>\n<td bgcolor=White>&nbsp;780<\/td>\n<\/tr>\n<tr>\n<td bgcolor=White>&nbsp;Capac. Grampo Eleva\u00e7\u00e3o<\/td>\n<td bgcolor=White>&nbsp;Kg<\/td>\n<td bgcolor=White>&nbsp;500<\/td>\n<\/tr>\n<tr>\n<td bgcolor=White>&nbsp;Ruido<\/td>\n<td bgcolor=White>&nbsp;dB<\/td>\n<td bgcolor=White>&nbsp;&lt;75<\/td>\n<\/tr>\n<tr>\n<td bgcolor=White>&nbsp;Press\u00e3o de Trabal<\/td>\n<td bgcolor=White>&nbsp;bar<\/td>\n<td bgcolor=White>&nbsp;8-10<\/td>\n<\/tr>\n<tr>\n<td bgcolor=White>&nbsp;Gama<\/td>\n<td bgcolor=White>&nbsp;<\/td>\n<td bgcolor=White>&nbsp;pesados<\/td>\n<\/tr>\n<tr>\n<td bgcolor=White>&nbsp;Opera\u00e7\u00e3o<\/td>\n<td bgcolor=White>&nbsp;<\/td>\n<td bgcolor=White>&nbsp;Eletro-Hidr\u00e1ulica<\/td>\n<\/tr>\n<\/table>\n","protected":false},"excerpt":{"rendered":"<p>&nbsp;Caracter\u00edsticas T\u00e9cnicas &nbsp;&#8211; &nbsp;&#8212; &nbsp;Pot\u00eancia do Motor &nbsp;W &nbsp;2200 &nbsp;Pot\u00eancia Bomba Hidr\u00e1ul. &nbsp;W &nbsp;1500 &nbsp;Voltagem &nbsp;V &nbsp;400 &nbsp;Frequ\u00eancia &nbsp;Hz &nbsp;50 &nbsp;Capacid. Grampo Bloqueio &nbsp; &nbsp;14~26\u201d &nbsp;Di\u00e2metro M\u00e1ximo Roda &nbsp;mm &nbsp;1600 &nbsp;Largura M\u00e1xima Roda &nbsp;mm &nbsp;780 &nbsp;Capac. Grampo Eleva\u00e7\u00e3o &nbsp;Kg &nbsp;500 &nbsp;Ruido &nbsp;dB &nbsp;&lt;75 &nbsp;Press\u00e3o de Trabal &nbsp;bar &nbsp;8-10 &nbsp;Gama &nbsp; &nbsp;pesados &nbsp;Opera\u00e7\u00e3o &nbsp; &nbsp;Eletro-Hidr\u00e1ulica<\/p>\n","protected":false},"featured_media":63220,"comment_status":"closed","ping_status":"closed","template":"","meta":[],"product_brand":[],"product_cat":[5013],"product_tag":[],"class_list":{"0":"post-41131","1":"product","2":"type-product","3":"status-publish","4":"has-post-thumbnail","6":"product_cat-desmontadoras-de-pneus","8":"first","9":"onbackorder","10":"sold-individually","11":"taxable","12":"shipping-taxable","13":"purchasable","14":"product-type-simple"},"_links":{"self":[{"href":"https:\/\/occasionmachines.com\/pt\/wp-json\/wp\/v2\/product\/41131","targetHints":{"allow":["GET"]}}],"collection":[{"href":"https:\/\/occasionmachines.com\/pt\/wp-json\/wp\/v2\/product"}],"about":[{"href":"https:\/\/occasionmachines.com\/pt\/wp-json\/wp\/v2\/types\/product"}],"replies":[{"embeddable":true,"href":"https:\/\/occasionmachines.com\/pt\/wp-json\/wp\/v2\/comments?post=41131"}],"wp:featuredmedia":[{"embeddable":true,"href":"https:\/\/occasionmachines.com\/pt\/wp-json\/wp\/v2\/media\/63220"}],"wp:attachment":[{"href":"https:\/\/occasionmachines.com\/pt\/wp-json\/wp\/v2\/media?parent=41131"}],"wp:term":[{"taxonomy":"product_brand","embeddable":true,"href":"https:\/\/occasionmachines.com\/pt\/wp-json\/wp\/v2\/product_brand?post=41131"},{"taxonomy":"product_cat","embeddable":true,"href":"https:\/\/occasionmachines.com\/pt\/wp-json\/wp\/v2\/product_cat?post=41131"},{"taxonomy":"product_tag","embeddable":true,"href":"https:\/\/occasionmachines.com\/pt\/wp-json\/wp\/v2\/product_tag?post=41131"}],"curies":[{"name":"wp","href":"https:\/\/api.w.org\/{rel}","templated":true}]}}