{"id":41133,"date":"2020-01-26T01:55:13","date_gmt":"2020-01-26T01:55:13","guid":{"rendered":"https:\/\/occasionmachines.com\/?post_type=product&#038;p=41133"},"modified":"2025-01-31T17:29:42","modified_gmt":"2025-01-31T17:29:42","slug":"maquina-desmontar-pneus-agro-diametro-maximo-roda-2300-mm-90","status":"publish","type":"product","link":"https:\/\/occasionmachines.com\/pt\/produto\/maquina-desmontar-pneus-agro-diametro-maximo-roda-2300-mm-90\/","title":{"rendered":"Maq. Desmontar Pneus Agro 400V PTC90"},"content":{"rendered":"<table border=1 cellspacing=0 cellpadding=0 width=\"100%\">\n<tr>\n<td bgcolor=AntiqueWhite align=left>&nbsp;Caracter\u00edsticas T\u00e9cnicas<\/td>\n<td bgcolor=AntiqueWhite align=left>&nbsp;&#8211;<\/td>\n<td bgcolor=AntiqueWhite align=left>&nbsp;&#8212;<\/td>\n<\/tr>\n<tr>\n<td bgcolor=White>&nbsp;Voltagem Alimenta\u00e7\u00e3o<\/td>\n<td bgcolor=White>&nbsp;<\/td>\n<td bgcolor=White>&nbsp;400 V AC +\/-15%. 50Hz<\/td>\n<\/tr>\n<tr>\n<td bgcolor=White>&nbsp;Pot\u00eancia Motor Bomba Hidr\u00e1ulica<\/td>\n<td bgcolor=White>&nbsp;kW<\/td>\n<td bgcolor=White>&nbsp;2.2<\/td>\n<\/tr>\n<tr>\n<td bgcolor=White>&nbsp;Pot\u00eancia Motor Girat\u00f3rio<\/td>\n<td bgcolor=White>&nbsp;kW<\/td>\n<td bgcolor=White>&nbsp;2.2<\/td>\n<\/tr>\n<tr>\n<td bgcolor=White>&nbsp;Capacidade Fixa\u00e7\u00e3o<\/td>\n<td bgcolor=White>&nbsp;<\/td>\n<td bgcolor=White>&nbsp;355 ~ 1066 mm (14&#8243; ~ 42&#8243;)<\/td>\n<\/tr>\n<tr>\n<td bgcolor=White>&nbsp;M\u00e1x. Di\u00e2metro Roda<\/td>\n<td bgcolor=White>&nbsp;<\/td>\n<td bgcolor=White>&nbsp;2300 mm (90&#8243;)<\/td>\n<\/tr>\n<tr>\n<td bgcolor=White>&nbsp;M\u00e1x. Largura Roda<\/td>\n<td bgcolor=White>&nbsp;<\/td>\n<td bgcolor=White>&nbsp;1050 mm (41\u201d)<\/td>\n<\/tr>\n<tr>\n<td bgcolor=White>&nbsp;M\u00e1x. Peso Roda<\/td>\n<td bgcolor=White>&nbsp;<\/td>\n<td bgcolor=White>&nbsp;1200 kg (2645 Lb)<\/td>\n<\/tr>\n<tr>\n<td bgcolor=White>&nbsp;Press\u00e3o Trabalho<\/td>\n<td bgcolor=White>&nbsp;<\/td>\n<td bgcolor=White>&nbsp;8 ~ 10 bar<\/td>\n<\/tr>\n<tr>\n<td bgcolor=White>&nbsp;N\u00edvel Press\u00e3o Ac\u00fastica<\/td>\n<td bgcolor=White>&nbsp;<\/td>\n<td bgcolor=White>&nbsp;&lt;70dB (A)<\/td>\n<\/tr>\n<tr>\n<td bgcolor=White>&nbsp;Dimens\u00e3o Embalagem<\/td>\n<td bgcolor=White>&nbsp;<\/td>\n<td bgcolor=White>&nbsp;2100 x 1900 x 1000 mm<\/td>\n<\/tr>\n<\/table>\n","protected":false},"excerpt":{"rendered":"<p>&nbsp;Caracter\u00edsticas T\u00e9cnicas &nbsp;&#8211; &nbsp;&#8212; &nbsp;Voltagem Alimenta\u00e7\u00e3o &nbsp; &nbsp;400 V AC +\/-15%. 50Hz &nbsp;Pot\u00eancia Motor Bomba Hidr\u00e1ulica &nbsp;kW &nbsp;2.2 &nbsp;Pot\u00eancia Motor Girat\u00f3rio &nbsp;kW &nbsp;2.2 &nbsp;Capacidade Fixa\u00e7\u00e3o &nbsp; &nbsp;355 ~ 1066 mm (14&#8243; ~ 42&#8243;) &nbsp;M\u00e1x. Di\u00e2metro Roda &nbsp; &nbsp;2300 mm (90&#8243;) &nbsp;M\u00e1x. Largura Roda &nbsp; &nbsp;1050 mm (41\u201d) &nbsp;M\u00e1x. Peso Roda &nbsp; &nbsp;1200 kg (2645 Lb) [&hellip;]<\/p>\n","protected":false},"featured_media":63234,"comment_status":"closed","ping_status":"closed","template":"","meta":[],"product_brand":[],"product_cat":[5013],"product_tag":[],"class_list":{"0":"post-41133","1":"product","2":"type-product","3":"status-publish","4":"has-post-thumbnail","6":"product_cat-desmontadoras-de-pneus","8":"first","9":"onbackorder","10":"sold-individually","11":"taxable","12":"shipping-taxable","13":"purchasable","14":"product-type-simple"},"_links":{"self":[{"href":"https:\/\/occasionmachines.com\/pt\/wp-json\/wp\/v2\/product\/41133","targetHints":{"allow":["GET"]}}],"collection":[{"href":"https:\/\/occasionmachines.com\/pt\/wp-json\/wp\/v2\/product"}],"about":[{"href":"https:\/\/occasionmachines.com\/pt\/wp-json\/wp\/v2\/types\/product"}],"replies":[{"embeddable":true,"href":"https:\/\/occasionmachines.com\/pt\/wp-json\/wp\/v2\/comments?post=41133"}],"wp:featuredmedia":[{"embeddable":true,"href":"https:\/\/occasionmachines.com\/pt\/wp-json\/wp\/v2\/media\/63234"}],"wp:attachment":[{"href":"https:\/\/occasionmachines.com\/pt\/wp-json\/wp\/v2\/media?parent=41133"}],"wp:term":[{"taxonomy":"product_brand","embeddable":true,"href":"https:\/\/occasionmachines.com\/pt\/wp-json\/wp\/v2\/product_brand?post=41133"},{"taxonomy":"product_cat","embeddable":true,"href":"https:\/\/occasionmachines.com\/pt\/wp-json\/wp\/v2\/product_cat?post=41133"},{"taxonomy":"product_tag","embeddable":true,"href":"https:\/\/occasionmachines.com\/pt\/wp-json\/wp\/v2\/product_tag?post=41133"}],"curies":[{"name":"wp","href":"https:\/\/api.w.org\/{rel}","templated":true}]}}