{"id":41228,"date":"2020-01-29T19:01:34","date_gmt":"2020-01-29T19:01:34","guid":{"rendered":"https:\/\/occasionmachines.com\/?post_type=product&#038;p=41228"},"modified":"2025-01-31T17:20:07","modified_gmt":"2025-01-31T17:20:07","slug":"estacao-de-carga-de-ar-condicionado-sistema-automatico-17-5bar","status":"publish","type":"product","link":"https:\/\/occasionmachines.com\/pt\/produto\/estacao-de-carga-de-ar-condicionado-sistema-automatico-17-5bar\/","title":{"rendered":"Esta\u00e7\u00e3o de Carga de Ar Condicionado Sistema Autom\u00e1tico 17.5Bar"},"content":{"rendered":"<p><b>Dados T\u00e9cnicos<\/b><\/p>\n<ul>\n<li>Pot\u00eancia do Compressor: 280 W<\/li>\n<li>Press\u00e3o M\u00e1x. Trabalho: 17.5 Bar<\/li>\n<li>Voltagem de Alimenta\u00e7\u00e3o: 220 V AC +\/-15%, 50Hz<\/li>\n<li>Refrigerante: R134A<\/li>\n<li>Preciss\u00e3o Escala Refrig.: +\/- 5g<\/li>\n<li>Escala Refrigerante: 0-35 Kg<\/li>\n<li>Bomba de V\u00e1cuo: 60 l\/min<\/li>\n<li>Taxa Repara\u00e7\u00e3o: 180~350 g\/min<\/li>\n<li>Taxa Recarga: 800~1500 g\/min<\/li>\n<li>Capac. Dep\u00f3sito Refrig.: 10 Kg<\/li>\n<li>Capac. Dep\u00f3sito \u00d3leo.: 300 ml<\/li>\n<li>Peso: 84 Kg<\/li>\n<\/ul>\n<p><\/p>","protected":false},"excerpt":{"rendered":"<p>Dados T\u00e9cnicos Pot\u00eancia do Compressor: 280 W Press\u00e3o M\u00e1x. Trabalho: 17.5 Bar Voltagem de Alimenta\u00e7\u00e3o: 220 V AC +\/-15%, 50Hz Refrigerante: R134A Preciss\u00e3o Escala Refrig.: +\/- 5g Escala Refrigerante: 0-35 Kg Bomba de V\u00e1cuo: 60 l\/min Taxa Repara\u00e7\u00e3o: 180~350 g\/min Taxa Recarga: 800~1500 g\/min Capac. Dep\u00f3sito Refrig.: 10 Kg Capac. Dep\u00f3sito \u00d3leo.: 300 ml Peso: [&hellip;]<\/p>\n","protected":false},"featured_media":41229,"comment_status":"open","ping_status":"closed","template":"","meta":[],"product_brand":[],"product_cat":[5678],"product_tag":[],"class_list":{"0":"post-41228","1":"product","2":"type-product","3":"status-publish","4":"has-post-thumbnail","6":"product_cat-automovel-e-oficina","8":"first","9":"onbackorder","10":"sold-individually","11":"taxable","12":"shipping-taxable","13":"purchasable","14":"product-type-simple"},"_links":{"self":[{"href":"https:\/\/occasionmachines.com\/pt\/wp-json\/wp\/v2\/product\/41228","targetHints":{"allow":["GET"]}}],"collection":[{"href":"https:\/\/occasionmachines.com\/pt\/wp-json\/wp\/v2\/product"}],"about":[{"href":"https:\/\/occasionmachines.com\/pt\/wp-json\/wp\/v2\/types\/product"}],"replies":[{"embeddable":true,"href":"https:\/\/occasionmachines.com\/pt\/wp-json\/wp\/v2\/comments?post=41228"}],"wp:featuredmedia":[{"embeddable":true,"href":"https:\/\/occasionmachines.com\/pt\/wp-json\/wp\/v2\/media\/41229"}],"wp:attachment":[{"href":"https:\/\/occasionmachines.com\/pt\/wp-json\/wp\/v2\/media?parent=41228"}],"wp:term":[{"taxonomy":"product_brand","embeddable":true,"href":"https:\/\/occasionmachines.com\/pt\/wp-json\/wp\/v2\/product_brand?post=41228"},{"taxonomy":"product_cat","embeddable":true,"href":"https:\/\/occasionmachines.com\/pt\/wp-json\/wp\/v2\/product_cat?post=41228"},{"taxonomy":"product_tag","embeddable":true,"href":"https:\/\/occasionmachines.com\/pt\/wp-json\/wp\/v2\/product_tag?post=41228"}],"curies":[{"name":"wp","href":"https:\/\/api.w.org\/{rel}","templated":true}]}}