{"id":41629,"date":"2020-02-10T13:41:48","date_gmt":"2020-02-10T13:41:48","guid":{"rendered":"https:\/\/occasionmachines.com\/?post_type=product&#038;p=41629"},"modified":"2025-01-31T17:07:44","modified_gmt":"2025-01-31T17:07:44","slug":"mesa-de-elevacao-de-tesoura-dupla-350kg","status":"publish","type":"product","link":"https:\/\/occasionmachines.com\/pt\/produto\/mesa-de-elevacao-de-tesoura-dupla-350kg\/","title":{"rendered":"Mesa Elevacao Tesoura Dupla PDSLT350 &#8211; 350KG"},"content":{"rendered":"<table border=1 cellspacing=0 cellpadding=0 width=\"100%\">\n<tr>\n<td bgcolor=AntiqueWhite align=left>&nbsp;Caracter\u00edsticas T\u00e9cnicas<\/td>\n<td bgcolor=AntiqueWhite align=left>&nbsp;&#8211;<\/td>\n<td bgcolor=AntiqueWhite align=left>&nbsp;&#8212;<\/td>\n<\/tr>\n<tr>\n<td bgcolor=White>&nbsp;CAPACIDADE<\/td>\n<td bgcolor=White>&nbsp;Kg<\/td>\n<td bgcolor=White>&nbsp;350<\/td>\n<\/tr>\n<tr>\n<td bgcolor=White>&nbsp;DIMENS\u00d5ES DA MESA<\/td>\n<td bgcolor=White>&nbsp;mm<\/td>\n<td bgcolor=White>&nbsp;910X500<\/td>\n<\/tr>\n<tr>\n<td bgcolor=White>&nbsp;ALTURA M\u00c1XIMA<\/td>\n<td bgcolor=White>&nbsp;mm<\/td>\n<td bgcolor=White>&nbsp;1300 <\/td>\n<\/tr>\n<tr>\n<td bgcolor=White>&nbsp;ALTURA MINIMA<\/td>\n<td bgcolor=White>&nbsp;mm<\/td>\n<td bgcolor=White>&nbsp;350<\/td>\n<\/tr>\n<tr>\n<td bgcolor=White>&nbsp;N\u00ba MANOBRAS POR M\u00c1XIMA ALTURA<\/td>\n<td bgcolor=White>&nbsp;<\/td>\n<td bgcolor=White>&nbsp;&lt;60<\/td>\n<\/tr>\n<tr>\n<td bgcolor=White>&nbsp;DI\u00c2METRO DAS RODAS<\/td>\n<td bgcolor=White>&nbsp;mm<\/td>\n<td bgcolor=White>&nbsp;127<\/td>\n<\/tr>\n<tr>\n<td bgcolor=White>&nbsp;TIPO DE TESOURA<\/td>\n<td bgcolor=White>&nbsp;<\/td>\n<td bgcolor=White>&nbsp;Dupla<\/td>\n<\/tr>\n<\/table>\n","protected":false},"excerpt":{"rendered":"<p>&nbsp;Caracter\u00edsticas T\u00e9cnicas &nbsp;&#8211; &nbsp;&#8212; &nbsp;CAPACIDADE &nbsp;Kg &nbsp;350 &nbsp;DIMENS\u00d5ES DA MESA &nbsp;mm &nbsp;910X500 &nbsp;ALTURA M\u00c1XIMA &nbsp;mm &nbsp;1300 &nbsp;ALTURA MINIMA &nbsp;mm &nbsp;350 &nbsp;N\u00ba MANOBRAS POR M\u00c1XIMA ALTURA &nbsp; &nbsp;&lt;60 &nbsp;DI\u00c2METRO DAS RODAS &nbsp;mm &nbsp;127 &nbsp;TIPO DE TESOURA &nbsp; &nbsp;Dupla<\/p>\n","protected":false},"featured_media":64323,"comment_status":"closed","ping_status":"closed","template":"","meta":[],"product_brand":[],"product_cat":[7798],"product_tag":[],"class_list":{"0":"post-41629","1":"product","2":"type-product","3":"status-publish","4":"has-post-thumbnail","6":"product_cat-ferramentas-ferramentas","8":"first","9":"onbackorder","10":"sold-individually","11":"taxable","12":"shipping-taxable","13":"purchasable","14":"product-type-simple"},"_links":{"self":[{"href":"https:\/\/occasionmachines.com\/pt\/wp-json\/wp\/v2\/product\/41629","targetHints":{"allow":["GET"]}}],"collection":[{"href":"https:\/\/occasionmachines.com\/pt\/wp-json\/wp\/v2\/product"}],"about":[{"href":"https:\/\/occasionmachines.com\/pt\/wp-json\/wp\/v2\/types\/product"}],"replies":[{"embeddable":true,"href":"https:\/\/occasionmachines.com\/pt\/wp-json\/wp\/v2\/comments?post=41629"}],"wp:featuredmedia":[{"embeddable":true,"href":"https:\/\/occasionmachines.com\/pt\/wp-json\/wp\/v2\/media\/64323"}],"wp:attachment":[{"href":"https:\/\/occasionmachines.com\/pt\/wp-json\/wp\/v2\/media?parent=41629"}],"wp:term":[{"taxonomy":"product_brand","embeddable":true,"href":"https:\/\/occasionmachines.com\/pt\/wp-json\/wp\/v2\/product_brand?post=41629"},{"taxonomy":"product_cat","embeddable":true,"href":"https:\/\/occasionmachines.com\/pt\/wp-json\/wp\/v2\/product_cat?post=41629"},{"taxonomy":"product_tag","embeddable":true,"href":"https:\/\/occasionmachines.com\/pt\/wp-json\/wp\/v2\/product_tag?post=41629"}],"curies":[{"name":"wp","href":"https:\/\/api.w.org\/{rel}","templated":true}]}}