{"id":41639,"date":"2020-02-10T13:51:04","date_gmt":"2020-02-10T13:51:04","guid":{"rendered":"https:\/\/occasionmachines.com\/?post_type=product&#038;p=41639"},"modified":"2025-01-31T17:07:08","modified_gmt":"2025-01-31T17:07:08","slug":"mesa-de-elevacao-de-tesoura-dupla-800-kg","status":"publish","type":"product","link":"https:\/\/occasionmachines.com\/pt\/produto\/mesa-de-elevacao-de-tesoura-dupla-800-kg\/","title":{"rendered":"Mesa Elevacao Tesoura Dupla PDSLT800 &#8211; 800KG"},"content":{"rendered":"<table border=1 cellspacing=0 cellpadding=0 width=\"100%\">\n<tr>\n<td bgcolor=AntiqueWhite align=left>&nbsp;Caracter\u00edsticas T\u00e9cnicas<\/td>\n<td bgcolor=AntiqueWhite align=left>&nbsp;&#8211;<\/td>\n<td bgcolor=AntiqueWhite align=left>&nbsp;&#8212;<\/td>\n<\/tr>\n<tr>\n<td bgcolor=White>&nbsp;CAPACIDADE<\/td>\n<td bgcolor=White>&nbsp;<\/td>\n<td bgcolor=White>&nbsp;350<\/td>\n<\/tr>\n<tr>\n<td bgcolor=White>&nbsp;DIMENS\u00d5ES DA MESA<\/td>\n<td bgcolor=White>&nbsp;<\/td>\n<td bgcolor=White>&nbsp;910X500X52MM<\/td>\n<\/tr>\n<tr>\n<td bgcolor=White>&nbsp;ALTURA M\u00c1XIMA<\/td>\n<td bgcolor=White>&nbsp;<\/td>\n<td bgcolor=White>&nbsp;1300 MM<\/td>\n<\/tr>\n<tr>\n<td bgcolor=White>&nbsp;ALTURA ELEVA\u00c7\u00c3O (H1)<\/td>\n<td bgcolor=White>&nbsp;<\/td>\n<td bgcolor=White>&nbsp;370 MM<\/td>\n<\/tr>\n<tr>\n<td bgcolor=White>&nbsp;ALTURA ELEVA\u00c7\u00c3O<\/td>\n<td bgcolor=White>&nbsp;<\/td>\n<td bgcolor=White>&nbsp;370 MM<\/td>\n<\/tr>\n<tr>\n<td bgcolor=White>&nbsp;ALTURA MINIMA<\/td>\n<td bgcolor=White>&nbsp;<\/td>\n<td bgcolor=White>&nbsp;348.5MM<\/td>\n<\/tr>\n<tr>\n<td bgcolor=White>&nbsp;N\u00ba MANOBRAS POR M\u00c1XIMA ALTURA<\/td>\n<td bgcolor=White>&nbsp;<\/td>\n<td bgcolor=White>&nbsp;55<\/td>\n<\/tr>\n<tr>\n<td bgcolor=White>&nbsp;DI\u00c2METRO DAS RODAS D<\/td>\n<td bgcolor=White>&nbsp;<\/td>\n<td bgcolor=White>&nbsp;127MM<\/td>\n<\/tr>\n<tr>\n<td bgcolor=White>&nbsp;DI\u00c2METRO DAS RODAS<\/td>\n<td bgcolor=White>&nbsp;<\/td>\n<td bgcolor=White>&nbsp;127MM<\/td>\n<\/tr>\n<\/table>\n","protected":false},"excerpt":{"rendered":"<p>&nbsp;Caracter\u00edsticas T\u00e9cnicas &nbsp;&#8211; &nbsp;&#8212; &nbsp;CAPACIDADE &nbsp; &nbsp;350 &nbsp;DIMENS\u00d5ES DA MESA &nbsp; &nbsp;910X500X52MM &nbsp;ALTURA M\u00c1XIMA &nbsp; &nbsp;1300 MM &nbsp;ALTURA ELEVA\u00c7\u00c3O (H1) &nbsp; &nbsp;370 MM &nbsp;ALTURA ELEVA\u00c7\u00c3O &nbsp; &nbsp;370 MM &nbsp;ALTURA MINIMA &nbsp; &nbsp;348.5MM &nbsp;N\u00ba MANOBRAS POR M\u00c1XIMA ALTURA &nbsp; &nbsp;55 &nbsp;DI\u00c2METRO DAS RODAS D &nbsp; &nbsp;127MM &nbsp;DI\u00c2METRO DAS RODAS &nbsp; &nbsp;127MM<\/p>\n","protected":false},"featured_media":64355,"comment_status":"closed","ping_status":"closed","template":"","meta":[],"product_brand":[],"product_cat":[7798],"product_tag":[],"class_list":{"0":"post-41639","1":"product","2":"type-product","3":"status-publish","4":"has-post-thumbnail","6":"product_cat-ferramentas-ferramentas","8":"first","9":"onbackorder","10":"sold-individually","11":"taxable","12":"shipping-taxable","13":"purchasable","14":"product-type-simple"},"_links":{"self":[{"href":"https:\/\/occasionmachines.com\/pt\/wp-json\/wp\/v2\/product\/41639","targetHints":{"allow":["GET"]}}],"collection":[{"href":"https:\/\/occasionmachines.com\/pt\/wp-json\/wp\/v2\/product"}],"about":[{"href":"https:\/\/occasionmachines.com\/pt\/wp-json\/wp\/v2\/types\/product"}],"replies":[{"embeddable":true,"href":"https:\/\/occasionmachines.com\/pt\/wp-json\/wp\/v2\/comments?post=41639"}],"wp:featuredmedia":[{"embeddable":true,"href":"https:\/\/occasionmachines.com\/pt\/wp-json\/wp\/v2\/media\/64355"}],"wp:attachment":[{"href":"https:\/\/occasionmachines.com\/pt\/wp-json\/wp\/v2\/media?parent=41639"}],"wp:term":[{"taxonomy":"product_brand","embeddable":true,"href":"https:\/\/occasionmachines.com\/pt\/wp-json\/wp\/v2\/product_brand?post=41639"},{"taxonomy":"product_cat","embeddable":true,"href":"https:\/\/occasionmachines.com\/pt\/wp-json\/wp\/v2\/product_cat?post=41639"},{"taxonomy":"product_tag","embeddable":true,"href":"https:\/\/occasionmachines.com\/pt\/wp-json\/wp\/v2\/product_tag?post=41639"}],"curies":[{"name":"wp","href":"https:\/\/api.w.org\/{rel}","templated":true}]}}