{"id":41676,"date":"2020-02-10T15:41:10","date_gmt":"2020-02-10T15:41:10","guid":{"rendered":"https:\/\/occasionmachines.com\/?post_type=product&#038;p=41676"},"modified":"2025-01-31T15:32:31","modified_gmt":"2025-01-31T15:32:31","slug":"porta-paletes-com-balanca-digital-impressora-2500-kg","status":"publish","type":"product","link":"https:\/\/occasionmachines.com\/pt\/produto\/porta-paletes-com-balanca-digital-impressora-2500-kg\/","title":{"rendered":"Porta Paletes Balan\u00e7a Impressora 2.5t 540x1150mm Pu Duplo"},"content":{"rendered":"<table border=1 cellspacing=0 cellpadding=0 width=\"100%\">\n<tr>\n<td bgcolor=AntiqueWhite align=left>&nbsp;Caracter\u00edsticas T\u00e9cnicas<\/td>\n<td bgcolor=AntiqueWhite align=left>&nbsp;&#8211;<\/td>\n<td bgcolor=AntiqueWhite align=left>&nbsp;&#8212;<\/td>\n<\/tr>\n<tr>\n<td bgcolor=White>&nbsp;Capacidade Eleva\u00e7\u00e3o<\/td>\n<td bgcolor=White>&nbsp;Kg<\/td>\n<td bgcolor=White>&nbsp;2500<\/td>\n<\/tr>\n<tr>\n<td bgcolor=White>&nbsp;Altura M\u00e1x. Eleva\u00e7\u00e3o<\/td>\n<td bgcolor=White>&nbsp;mm<\/td>\n<td bgcolor=White>&nbsp;200<\/td>\n<\/tr>\n<tr>\n<td bgcolor=White>&nbsp;Altura Min<\/td>\n<td bgcolor=White>&nbsp;mm<\/td>\n<td bgcolor=White>&nbsp;75<\/td>\n<\/tr>\n<tr>\n<td bgcolor=White>&nbsp;Tipo de Eleva\u00e7\u00e3o<\/td>\n<td bgcolor=White>&nbsp;<\/td>\n<td bgcolor=White>&nbsp;Manual<\/td>\n<\/tr>\n<tr>\n<td bgcolor=White>&nbsp;Forquilhas<\/td>\n<td bgcolor=White>&nbsp;mm<\/td>\n<td bgcolor=White>&nbsp;1150 x 540 <\/td>\n<\/tr>\n<tr>\n<td bgcolor=White>&nbsp;Quantidade \u00d3leo<\/td>\n<td bgcolor=White>&nbsp;ml<\/td>\n<td bgcolor=White>&nbsp;260<\/td>\n<\/tr>\n<tr>\n<td bgcolor=White>&nbsp;Tipo \u00d3leo<\/td>\n<td bgcolor=White>&nbsp;<\/td>\n<td bgcolor=White>&nbsp;L-HV46<\/td>\n<\/tr>\n<tr>\n<td bgcolor=White>&nbsp;Rodas<\/td>\n<td bgcolor=White>&nbsp;<\/td>\n<td bgcolor=White>&nbsp;PU &#8211; Poliuretano<\/td>\n<\/tr>\n<tr>\n<td bgcolor=White>&nbsp;Resolu\u00e7\u00e3o Balan\u00e7a<\/td>\n<td bgcolor=White>&nbsp;<\/td>\n<td bgcolor=White>&nbsp;0.5 Kg (+\/- 0.5 %)<\/td>\n<\/tr>\n<\/table>\n","protected":false},"excerpt":{"rendered":"<p>&nbsp;Caracter\u00edsticas T\u00e9cnicas &nbsp;&#8211; &nbsp;&#8212; &nbsp;Capacidade Eleva\u00e7\u00e3o &nbsp;Kg &nbsp;2500 &nbsp;Altura M\u00e1x. Eleva\u00e7\u00e3o &nbsp;mm &nbsp;200 &nbsp;Altura Min &nbsp;mm &nbsp;75 &nbsp;Tipo de Eleva\u00e7\u00e3o &nbsp; &nbsp;Manual &nbsp;Forquilhas &nbsp;mm &nbsp;1150 x 540 &nbsp;Quantidade \u00d3leo &nbsp;ml &nbsp;260 &nbsp;Tipo \u00d3leo &nbsp; &nbsp;L-HV46 &nbsp;Rodas &nbsp; &nbsp;PU &#8211; Poliuretano &nbsp;Resolu\u00e7\u00e3o Balan\u00e7a &nbsp; &nbsp;0.5 Kg (+\/- 0.5 %)<\/p>\n","protected":false},"featured_media":64358,"comment_status":"closed","ping_status":"closed","template":"","meta":[],"product_brand":[],"product_cat":[5778],"product_tag":[],"class_list":{"0":"post-41676","1":"product","2":"type-product","3":"status-publish","4":"has-post-thumbnail","6":"product_cat-porta-paletes","8":"first","9":"onbackorder","10":"sold-individually","11":"taxable","12":"shipping-taxable","13":"purchasable","14":"product-type-simple"},"_links":{"self":[{"href":"https:\/\/occasionmachines.com\/pt\/wp-json\/wp\/v2\/product\/41676","targetHints":{"allow":["GET"]}}],"collection":[{"href":"https:\/\/occasionmachines.com\/pt\/wp-json\/wp\/v2\/product"}],"about":[{"href":"https:\/\/occasionmachines.com\/pt\/wp-json\/wp\/v2\/types\/product"}],"replies":[{"embeddable":true,"href":"https:\/\/occasionmachines.com\/pt\/wp-json\/wp\/v2\/comments?post=41676"}],"wp:featuredmedia":[{"embeddable":true,"href":"https:\/\/occasionmachines.com\/pt\/wp-json\/wp\/v2\/media\/64358"}],"wp:attachment":[{"href":"https:\/\/occasionmachines.com\/pt\/wp-json\/wp\/v2\/media?parent=41676"}],"wp:term":[{"taxonomy":"product_brand","embeddable":true,"href":"https:\/\/occasionmachines.com\/pt\/wp-json\/wp\/v2\/product_brand?post=41676"},{"taxonomy":"product_cat","embeddable":true,"href":"https:\/\/occasionmachines.com\/pt\/wp-json\/wp\/v2\/product_cat?post=41676"},{"taxonomy":"product_tag","embeddable":true,"href":"https:\/\/occasionmachines.com\/pt\/wp-json\/wp\/v2\/product_tag?post=41676"}],"curies":[{"name":"wp","href":"https:\/\/api.w.org\/{rel}","templated":true}]}}