{"id":41762,"date":"2020-02-11T18:40:05","date_gmt":"2020-02-11T18:40:05","guid":{"rendered":"https:\/\/occasionmachines.com\/?post_type=product&#038;p=41762"},"modified":"2025-01-31T15:28:21","modified_gmt":"2025-01-31T15:28:21","slug":"diferencial-guincho-eletrico-de-corrente-sem-carro-0-5-t-3-metros-2-velocidades","status":"publish","type":"product","link":"https:\/\/occasionmachines.com\/pt\/produto\/diferencial-guincho-eletrico-de-corrente-sem-carro-0-5-t-3-metros-2-velocidades\/","title":{"rendered":"Guincho Elect. Trifasico 2 VELOCIDADES 500KG 3MTS"},"content":{"rendered":"<table border=1 cellspacing=0 cellpadding=0 width=\"100%\">\n<tr>\n<td bgcolor=AntiqueWhite align=left>&nbsp;Caracter\u00edsticas T\u00e9cnicas<\/td>\n<td bgcolor=AntiqueWhite align=left>&nbsp;&#8211;<\/td>\n<td bgcolor=AntiqueWhite align=left>&nbsp;&#8212;<\/td>\n<\/tr>\n<tr>\n<td bgcolor=White>&nbsp;Voltagem<\/td>\n<td bgcolor=White>&nbsp;V<\/td>\n<td bgcolor=White>&nbsp;380<\/td>\n<\/tr>\n<tr>\n<td bgcolor=White>&nbsp;Frequ\u00eancia<\/td>\n<td bgcolor=White>&nbsp;Hz<\/td>\n<td bgcolor=White>&nbsp;50<\/td>\n<\/tr>\n<tr>\n<td bgcolor=White>&nbsp;Capacidade<\/td>\n<td bgcolor=White>&nbsp;t<\/td>\n<td bgcolor=White>&nbsp;0.5<\/td>\n<\/tr>\n<tr>\n<td bgcolor=White>&nbsp;Comprimento Corrente<\/td>\n<td bgcolor=White>&nbsp;m<\/td>\n<td bgcolor=White>&nbsp;3<\/td>\n<\/tr>\n<tr>\n<td bgcolor=White>&nbsp;Pot\u00eancia Motor<\/td>\n<td bgcolor=White>&nbsp;kW<\/td>\n<td bgcolor=White>&nbsp;1.1<\/td>\n<\/tr>\n<tr>\n<td bgcolor=White>&nbsp;Ramais Corrente<\/td>\n<td bgcolor=White>&nbsp;<\/td>\n<td bgcolor=White>&nbsp;1<\/td>\n<\/tr>\n<tr>\n<td bgcolor=White>&nbsp;Di\u00e2metro Corrente<\/td>\n<td bgcolor=White>&nbsp;mm<\/td>\n<td bgcolor=White>&nbsp;6.3<\/td>\n<\/tr>\n<tr>\n<td bgcolor=White>&nbsp;Velocidade Eleva\u00e7\u00e3o<\/td>\n<td bgcolor=White>&nbsp;m\/min<\/td>\n<td bgcolor=White>&nbsp;Duas velocidades: 7.2 \/ 2.4<\/td>\n<\/tr>\n<tr>\n<td bgcolor=White>&nbsp;Pot\u00eancia Sonora<\/td>\n<td bgcolor=White>&nbsp;dB(A)<\/td>\n<td bgcolor=White>&nbsp;81<\/td>\n<\/tr>\n<\/table>\n","protected":false},"excerpt":{"rendered":"<p>&nbsp;Caracter\u00edsticas T\u00e9cnicas &nbsp;&#8211; &nbsp;&#8212; &nbsp;Voltagem &nbsp;V &nbsp;380 &nbsp;Frequ\u00eancia &nbsp;Hz &nbsp;50 &nbsp;Capacidade &nbsp;t &nbsp;0.5 &nbsp;Comprimento Corrente &nbsp;m &nbsp;3 &nbsp;Pot\u00eancia Motor &nbsp;kW &nbsp;1.1 &nbsp;Ramais Corrente &nbsp; &nbsp;1 &nbsp;Di\u00e2metro Corrente &nbsp;mm &nbsp;6.3 &nbsp;Velocidade Eleva\u00e7\u00e3o &nbsp;m\/min &nbsp;Duas velocidades: 7.2 \/ 2.4 &nbsp;Pot\u00eancia Sonora &nbsp;dB(A) &nbsp;81<\/p>\n","protected":false},"featured_media":63393,"comment_status":"closed","ping_status":"closed","template":"","meta":[],"product_brand":[],"product_cat":[3014],"product_tag":[],"class_list":{"0":"post-41762","1":"product","2":"type-product","3":"status-publish","4":"has-post-thumbnail","6":"product_cat-guinchos-eletricos-de-elevacao","7":"product_shipping_class-ferramentas-pequenas","9":"first","10":"onbackorder","11":"sold-individually","12":"taxable","13":"shipping-taxable","14":"purchasable","15":"product-type-simple"},"_links":{"self":[{"href":"https:\/\/occasionmachines.com\/pt\/wp-json\/wp\/v2\/product\/41762","targetHints":{"allow":["GET"]}}],"collection":[{"href":"https:\/\/occasionmachines.com\/pt\/wp-json\/wp\/v2\/product"}],"about":[{"href":"https:\/\/occasionmachines.com\/pt\/wp-json\/wp\/v2\/types\/product"}],"replies":[{"embeddable":true,"href":"https:\/\/occasionmachines.com\/pt\/wp-json\/wp\/v2\/comments?post=41762"}],"wp:featuredmedia":[{"embeddable":true,"href":"https:\/\/occasionmachines.com\/pt\/wp-json\/wp\/v2\/media\/63393"}],"wp:attachment":[{"href":"https:\/\/occasionmachines.com\/pt\/wp-json\/wp\/v2\/media?parent=41762"}],"wp:term":[{"taxonomy":"product_brand","embeddable":true,"href":"https:\/\/occasionmachines.com\/pt\/wp-json\/wp\/v2\/product_brand?post=41762"},{"taxonomy":"product_cat","embeddable":true,"href":"https:\/\/occasionmachines.com\/pt\/wp-json\/wp\/v2\/product_cat?post=41762"},{"taxonomy":"product_tag","embeddable":true,"href":"https:\/\/occasionmachines.com\/pt\/wp-json\/wp\/v2\/product_tag?post=41762"}],"curies":[{"name":"wp","href":"https:\/\/api.w.org\/{rel}","templated":true}]}}