{"id":4277,"date":"2016-02-25T15:50:14","date_gmt":"2016-02-25T15:50:14","guid":{"rendered":"http:\/\/occasionmachines.com\/?post_type=product&#038;p=4277"},"modified":"2025-03-07T17:43:35","modified_gmt":"2025-03-07T17:43:35","slug":"macaco-hidraulico-5ton","status":"publish","type":"product","link":"https:\/\/occasionmachines.com\/pt\/produto\/macaco-hidraulico-5ton\/","title":{"rendered":"Macaco Hidr\u00e1ulico 5Ton"},"content":{"rendered":"<p>Macaco Hidr\u00e1ulico 5Ton<br \/>\nEleva\u00e7\u00e3o at\u00e9 60cm<br \/>\nPeso: 86 kg<\/p>\n<p>Produto novo envio de v\u00e1rias unidades por encomenda, prazo de entrega 7 a 15dias.<\/p>\n<p>Envio \u00e0 cobran\u00e7a ou correio normal por transportadora.<\/p>\n<p>Mais informa\u00e7\u00f5es contacte-nos:<\/p>\n<p>TEL: 916791367<br \/>\nE-mail: occasionmachines@gmail.com<\/p>","protected":false},"excerpt":{"rendered":"<p>Macaco Hidr\u00e1ulico 5Ton Eleva\u00e7\u00e3o at\u00e9 60cm Peso: 86 kg Produto novo envio de v\u00e1rias unidades por encomenda, prazo de entrega 7 a 15dias. Envio \u00e0 cobran\u00e7a ou correio normal por transportadora. Mais informa\u00e7\u00f5es contacte-nos: TEL: 916791367 E-mail: occasionmachines@gmail.com<\/p>\n","protected":false},"featured_media":4279,"comment_status":"open","ping_status":"closed","template":"","meta":[],"product_brand":[],"product_cat":[2789],"product_tag":[2792,2791,2795,2799,2794,2790,2793,2798,2802,2801,2797,2800,2796],"class_list":{"0":"post-4277","1":"product","2":"type-product","3":"status-publish","4":"has-post-thumbnail","6":"product_cat-macacos-hidraulicos","7":"product_tag-2ton-macaco-hidraulico","8":"product_tag-5ton","9":"product_tag-macaco-2500kg","10":"product_tag-macaco-de-rodas-garagem","11":"product_tag-macaco-hidraulico","12":"product_tag-macaco-hidraulico-2","13":"product_tag-macaco-hidraulico-2500kg","14":"product_tag-macaco-hidraulico-4-rodas","15":"product_tag-macaco-hidraulico-5000kg","16":"product_tag-macaco-hidraulico-5ton","17":"product_tag-macaco-hidraulico-monobloco","18":"product_tag-macaco-hidrualico-de-rodas-garagem","19":"product_tag-macacos-hidrualicos","20":"product_shipping_class-ferramentas-medias","22":"first","23":"onbackorder","24":"taxable","25":"shipping-taxable","26":"purchasable","27":"product-type-simple"},"_links":{"self":[{"href":"https:\/\/occasionmachines.com\/pt\/wp-json\/wp\/v2\/product\/4277","targetHints":{"allow":["GET"]}}],"collection":[{"href":"https:\/\/occasionmachines.com\/pt\/wp-json\/wp\/v2\/product"}],"about":[{"href":"https:\/\/occasionmachines.com\/pt\/wp-json\/wp\/v2\/types\/product"}],"replies":[{"embeddable":true,"href":"https:\/\/occasionmachines.com\/pt\/wp-json\/wp\/v2\/comments?post=4277"}],"wp:featuredmedia":[{"embeddable":true,"href":"https:\/\/occasionmachines.com\/pt\/wp-json\/wp\/v2\/media\/4279"}],"wp:attachment":[{"href":"https:\/\/occasionmachines.com\/pt\/wp-json\/wp\/v2\/media?parent=4277"}],"wp:term":[{"taxonomy":"product_brand","embeddable":true,"href":"https:\/\/occasionmachines.com\/pt\/wp-json\/wp\/v2\/product_brand?post=4277"},{"taxonomy":"product_cat","embeddable":true,"href":"https:\/\/occasionmachines.com\/pt\/wp-json\/wp\/v2\/product_cat?post=4277"},{"taxonomy":"product_tag","embeddable":true,"href":"https:\/\/occasionmachines.com\/pt\/wp-json\/wp\/v2\/product_tag?post=4277"}],"curies":[{"name":"wp","href":"https:\/\/api.w.org\/{rel}","templated":true}]}}