{"id":43521,"date":"2020-10-04T17:23:13","date_gmt":"2020-10-04T16:23:13","guid":{"rendered":"https:\/\/occasionmachines.com\/?post_type=product&#038;p=43521"},"modified":"2025-05-26T17:28:34","modified_gmt":"2025-05-26T16:28:34","slug":"cabecote-divisor-semi-universal","status":"publish","type":"product","link":"https:\/\/occasionmachines.com\/pt\/produto\/cabecote-divisor-semi-universal\/","title":{"rendered":"Cabe\u00e7ote Divisor Semi-Universal"},"content":{"rendered":"<p><span class=\"tlid-translation translation\" lang=\"pt\" tabindex=\"-1\"><span class=\"\" title=\"\">Cabe\u00e7ote Divisor pode dividir em qualquer \u00e2ngulo pelos m\u00e9todos diretos, indiretos ou diferentes.<\/span> <span title=\"\">A propor\u00e7\u00e3o entre a engrenagem e o mecanismo de engrenagem \u00e9 de 40: 1<\/span><\/span><\/p>\n<p><span title=\"\">O fuso temperado e retificado \u00e9 rigidamente mantido em um rolamento de rolos c\u00f4nicos.<\/span> A engrenagem<span title=\"\"> \u00e9 endurecido e retificada <\/span><\/p>\n<p><span title=\"\">O c<span class=\"tlid-translation translation\" lang=\"pt\" tabindex=\"-1\"><span class=\"\" title=\"\">abe\u00e7ote divisor <\/span><\/span> pode ser bloqueado em um \u00e2ngulo desde 10\u00ba abaixo da horizontal a 90\u00ba de precis\u00e3o vertical.<\/span> <span title=\"\">O encaixe na base garante uma rota\u00e7\u00e3o suave<\/span><\/p>\n<p><span title=\"\">Todos os modelos possuem ponta de fuso rosqueada e placa divis\u00f3ria de 24 furos com f\u00e1cil convers\u00e3o para indexa\u00e7\u00e3o direta r\u00e1pida nos n\u00fameros: 2, 3, 4, 6, 8, 12 e 24<\/span><\/p>\n<p><span title=\"\">F\u00e1cil indexa\u00e7\u00e3o de todos os n\u00fameros de 2 a 50 e muitos n\u00fameros de 52 a 380. O modelo BS-2 tamb\u00e9m est\u00e1 equipado para indexa\u00e7\u00e3o diferente de todos os n\u00fameros de 2 a 380 e para corte em espiral<\/span><\/p>\n<p><span title=\"\">Precis\u00e3o precisa, pouca folga, apar\u00eancia fina e estrutura forte para garantir uma rota\u00e7\u00e3o suave<\/span><\/p>\n<p><img loading=\"lazy\" decoding=\"async\" class=\"alignnone size-full wp-image-43525\" src=\"https:\/\/occasionmachines.com\/wp-content\/uploads\/2020\/10\/bs-0-pt.png\" alt=\"\" width=\"1517\" height=\"164\" srcset=\"https:\/\/occasionmachines.com\/wp-content\/uploads\/2020\/10\/bs-0-pt.png 1517w, https:\/\/occasionmachines.com\/wp-content\/uploads\/2020\/10\/bs-0-pt-416x45.png 416w, https:\/\/occasionmachines.com\/wp-content\/uploads\/2020\/10\/bs-0-pt-768x83.png 768w, https:\/\/occasionmachines.com\/wp-content\/uploads\/2020\/10\/bs-0-pt-550x59.png 550w\" sizes=\"auto, (max-width: 1517px) 100vw, 1517px\" \/><\/p>","protected":false},"excerpt":{"rendered":"<p>Cabe\u00e7ote Divisor pode dividir em qualquer \u00e2ngulo pelos m\u00e9todos diretos, indiretos ou diferentes. A propor\u00e7\u00e3o entre a engrenagem e o mecanismo de engrenagem \u00e9 de 40: 1 O fuso temperado e retificado \u00e9 rigidamente mantido em um rolamento de rolos c\u00f4nicos. A engrenagem \u00e9 endurecido e retificada O cabe\u00e7ote divisor pode ser bloqueado em um [&hellip;]<\/p>\n","protected":false},"featured_media":43523,"comment_status":"open","ping_status":"closed","template":"","meta":[],"product_brand":[],"product_cat":[5361,1432],"product_tag":[],"class_list":{"0":"post-43521","1":"product","2":"type-product","3":"status-publish","4":"has-post-thumbnail","6":"product_cat-cabecotes-divisores","7":"product_cat-ferramentas","8":"product_shipping_class-ferramentas-pequenas","10":"first","11":"onbackorder","12":"sold-individually","13":"taxable","14":"shipping-taxable","15":"purchasable","16":"product-type-variable","17":"has-default-attributes"},"_links":{"self":[{"href":"https:\/\/occasionmachines.com\/pt\/wp-json\/wp\/v2\/product\/43521","targetHints":{"allow":["GET"]}}],"collection":[{"href":"https:\/\/occasionmachines.com\/pt\/wp-json\/wp\/v2\/product"}],"about":[{"href":"https:\/\/occasionmachines.com\/pt\/wp-json\/wp\/v2\/types\/product"}],"replies":[{"embeddable":true,"href":"https:\/\/occasionmachines.com\/pt\/wp-json\/wp\/v2\/comments?post=43521"}],"wp:featuredmedia":[{"embeddable":true,"href":"https:\/\/occasionmachines.com\/pt\/wp-json\/wp\/v2\/media\/43523"}],"wp:attachment":[{"href":"https:\/\/occasionmachines.com\/pt\/wp-json\/wp\/v2\/media?parent=43521"}],"wp:term":[{"taxonomy":"product_brand","embeddable":true,"href":"https:\/\/occasionmachines.com\/pt\/wp-json\/wp\/v2\/product_brand?post=43521"},{"taxonomy":"product_cat","embeddable":true,"href":"https:\/\/occasionmachines.com\/pt\/wp-json\/wp\/v2\/product_cat?post=43521"},{"taxonomy":"product_tag","embeddable":true,"href":"https:\/\/occasionmachines.com\/pt\/wp-json\/wp\/v2\/product_tag?post=43521"}],"curies":[{"name":"wp","href":"https:\/\/api.w.org\/{rel}","templated":true}]}}