{"id":43541,"date":"2020-10-06T15:27:49","date_gmt":"2020-10-06T14:27:49","guid":{"rendered":"https:\/\/occasionmachines.com\/?post_type=product&#038;p=43541"},"modified":"2025-05-26T17:28:57","modified_gmt":"2025-05-26T16:28:57","slug":"super-espacador-de-indexacao","status":"publish","type":"product","link":"https:\/\/occasionmachines.com\/pt\/produto\/super-espacador-de-indexacao\/","title":{"rendered":"Cabe\u00e7ote Divisor de Indexa\u00e7\u00e3o"},"content":{"rendered":"<p>Este produto combina as vantagens do Super Index com as de um \u00edndice com engrenagem sem-fim. Quando utilizado numa fresa, mandrilamento ou outra m\u00e1quina, pode executar indexa\u00e7\u00e3o de prop\u00f3sito \u00fanico e indexa\u00e7\u00e3o indireta usando o mecanismo de rosca sem-fim. Desengatando a unidade sem-fim, a placa mestre de 24 entalhes permite: 2, 3, 4, 6, 8, 12 e 24 dividindo-se da mesma maneira que o \u00cdndice Simples. Quando o mandril \u00e9 removido, a unidade pode ser usada como uma mesa rotativa do tipo horizontal e vertical. A manobra de opera\u00e7\u00e3o para a mesa rotativa \u00e9 a propor\u00e7\u00e3o de redu\u00e7\u00e3o da engrenagem sem-fim de 1:90. O colar da al\u00e7a de opera\u00e7\u00e3o \u00e9 graduado em um minuto e a leitura at\u00e9 dez segundos pode ser definida no vernier.<\/p>\n<p>O Super Espa\u00e7ador de Indexa\u00e7\u00e3o inclui mandril de 3 garras, placa frontal de 10 &#8220;\/ 250 mm, placas de m\u00e1scara 2, 3, 4, 6, 8, 12.<\/p>\n<p><img loading=\"lazy\" decoding=\"async\" class=\"alignnone size-full wp-image-43550\" src=\"https:\/\/occasionmachines.com\/wp-content\/uploads\/2020\/10\/SuperIndexing_pt.png\" alt=\"\" width=\"943\" height=\"121\" srcset=\"https:\/\/occasionmachines.com\/wp-content\/uploads\/2020\/10\/SuperIndexing_pt.png 943w, https:\/\/occasionmachines.com\/wp-content\/uploads\/2020\/10\/SuperIndexing_pt-416x53.png 416w, https:\/\/occasionmachines.com\/wp-content\/uploads\/2020\/10\/SuperIndexing_pt-768x99.png 768w, https:\/\/occasionmachines.com\/wp-content\/uploads\/2020\/10\/SuperIndexing_pt-550x71.png 550w\" sizes=\"auto, (max-width: 943px) 100vw, 943px\" \/><\/p>\n<p><img loading=\"lazy\" decoding=\"async\" class=\"alignnone size-full wp-image-43548\" src=\"https:\/\/occasionmachines.com\/wp-content\/uploads\/2020\/10\/SuperIndexing_2_pt.png\" alt=\"\" width=\"943\" height=\"81\" srcset=\"https:\/\/occasionmachines.com\/wp-content\/uploads\/2020\/10\/SuperIndexing_2_pt.png 943w, https:\/\/occasionmachines.com\/wp-content\/uploads\/2020\/10\/SuperIndexing_2_pt-416x36.png 416w, https:\/\/occasionmachines.com\/wp-content\/uploads\/2020\/10\/SuperIndexing_2_pt-768x66.png 768w, https:\/\/occasionmachines.com\/wp-content\/uploads\/2020\/10\/SuperIndexing_2_pt-550x47.png 550w\" sizes=\"auto, (max-width: 943px) 100vw, 943px\" \/><\/p>","protected":false},"excerpt":{"rendered":"<p>Este produto combina as vantagens do Super Index com as de um \u00edndice com engrenagem sem-fim. Quando utilizado numa fresa, mandrilamento ou outra m\u00e1quina, pode executar indexa\u00e7\u00e3o de prop\u00f3sito \u00fanico e indexa\u00e7\u00e3o indireta usando o mecanismo de rosca sem-fim. Desengatando a unidade sem-fim, a placa mestre de 24 entalhes permite: 2, 3, 4, 6, 8, [&hellip;]<\/p>\n","protected":false},"featured_media":43551,"comment_status":"open","ping_status":"closed","template":"","meta":[],"product_brand":[],"product_cat":[5361,1432],"product_tag":[],"class_list":{"0":"post-43541","1":"product","2":"type-product","3":"status-publish","4":"has-post-thumbnail","6":"product_cat-cabecotes-divisores","7":"product_cat-ferramentas","8":"product_shipping_class-ferramentas-pequenas","10":"first","11":"onbackorder","12":"sold-individually","13":"taxable","14":"shipping-taxable","15":"product-type-variable","16":"has-default-attributes"},"_links":{"self":[{"href":"https:\/\/occasionmachines.com\/pt\/wp-json\/wp\/v2\/product\/43541","targetHints":{"allow":["GET"]}}],"collection":[{"href":"https:\/\/occasionmachines.com\/pt\/wp-json\/wp\/v2\/product"}],"about":[{"href":"https:\/\/occasionmachines.com\/pt\/wp-json\/wp\/v2\/types\/product"}],"replies":[{"embeddable":true,"href":"https:\/\/occasionmachines.com\/pt\/wp-json\/wp\/v2\/comments?post=43541"}],"wp:featuredmedia":[{"embeddable":true,"href":"https:\/\/occasionmachines.com\/pt\/wp-json\/wp\/v2\/media\/43551"}],"wp:attachment":[{"href":"https:\/\/occasionmachines.com\/pt\/wp-json\/wp\/v2\/media?parent=43541"}],"wp:term":[{"taxonomy":"product_brand","embeddable":true,"href":"https:\/\/occasionmachines.com\/pt\/wp-json\/wp\/v2\/product_brand?post=43541"},{"taxonomy":"product_cat","embeddable":true,"href":"https:\/\/occasionmachines.com\/pt\/wp-json\/wp\/v2\/product_cat?post=43541"},{"taxonomy":"product_tag","embeddable":true,"href":"https:\/\/occasionmachines.com\/pt\/wp-json\/wp\/v2\/product_tag?post=43541"}],"curies":[{"name":"wp","href":"https:\/\/api.w.org\/{rel}","templated":true}]}}