{"id":43618,"date":"2020-10-07T15:16:51","date_gmt":"2020-10-07T14:16:51","guid":{"rendered":"https:\/\/occasionmachines.com\/?post_type=product&#038;p=43618"},"modified":"2025-05-26T17:28:24","modified_gmt":"2025-05-26T16:28:24","slug":"mesa-rotativa-inclinada-universal","status":"publish","type":"product","link":"https:\/\/occasionmachines.com\/pt\/produto\/mesa-rotativa-inclinada-universal\/","title":{"rendered":"Mesa Rotativa Inclinada Universal"},"content":{"rendered":"<p>Faixa de inclina\u00e7\u00e3o de 0\u00ba &#8211; 90\u00ba graus, da posi\u00e7\u00e3o horizontal \u00e0 vertical. \u00c9 de alta rigidez.<\/p>\n<p>Tempo m\u00ednimo de configura\u00e7\u00e3o: possui dois parafusos de ajuste da configura\u00e7\u00e3o. Corpo de baixo perfil para maior capacidade.<\/p>\n<p>A engrenagem \u00e9 endurecida e retificada. A propor\u00e7\u00e3o \u00e9 de 90: 1. A mesa de trabalho \u00e9 graduada a 360\u00ba para que a manivela mova a mesa em 4\u00ba. O Colar \u00e9 graduado em etapas de 2 &#8216;min.<\/p>\n<p>Para corte de arco ou \u00edndice em fresadoras, retificadoras ou perfuradoras.<\/p>\n<p><img loading=\"lazy\" decoding=\"async\" class=\"alignnone size-full wp-image-43620\" src=\"https:\/\/occasionmachines.com\/wp-content\/uploads\/2020\/10\/vu_pt_.png\" alt=\"\" width=\"981\" height=\"101\" srcset=\"https:\/\/occasionmachines.com\/wp-content\/uploads\/2020\/10\/vu_pt_.png 981w, https:\/\/occasionmachines.com\/wp-content\/uploads\/2020\/10\/vu_pt_-416x43.png 416w, https:\/\/occasionmachines.com\/wp-content\/uploads\/2020\/10\/vu_pt_-768x79.png 768w, https:\/\/occasionmachines.com\/wp-content\/uploads\/2020\/10\/vu_pt_-550x57.png 550w\" sizes=\"auto, (max-width: 981px) 100vw, 981px\" \/><\/p>","protected":false},"excerpt":{"rendered":"<p>Faixa de inclina\u00e7\u00e3o de 0\u00ba &#8211; 90\u00ba graus, da posi\u00e7\u00e3o horizontal \u00e0 vertical. \u00c9 de alta rigidez. Tempo m\u00ednimo de configura\u00e7\u00e3o: possui dois parafusos de ajuste da configura\u00e7\u00e3o. Corpo de baixo perfil para maior capacidade. A engrenagem \u00e9 endurecida e retificada. A propor\u00e7\u00e3o \u00e9 de 90: 1. A mesa de trabalho \u00e9 graduada a 360\u00ba [&hellip;]<\/p>\n","protected":false},"featured_media":43623,"comment_status":"open","ping_status":"closed","template":"","meta":[],"product_brand":[],"product_cat":[1432],"product_tag":[],"class_list":{"0":"post-43618","1":"product","2":"type-product","3":"status-publish","4":"has-post-thumbnail","6":"product_cat-ferramentas","8":"first","9":"instock","10":"sold-individually","11":"taxable","12":"shipping-taxable","13":"purchasable","14":"product-type-variable"},"_links":{"self":[{"href":"https:\/\/occasionmachines.com\/pt\/wp-json\/wp\/v2\/product\/43618","targetHints":{"allow":["GET"]}}],"collection":[{"href":"https:\/\/occasionmachines.com\/pt\/wp-json\/wp\/v2\/product"}],"about":[{"href":"https:\/\/occasionmachines.com\/pt\/wp-json\/wp\/v2\/types\/product"}],"replies":[{"embeddable":true,"href":"https:\/\/occasionmachines.com\/pt\/wp-json\/wp\/v2\/comments?post=43618"}],"wp:featuredmedia":[{"embeddable":true,"href":"https:\/\/occasionmachines.com\/pt\/wp-json\/wp\/v2\/media\/43623"}],"wp:attachment":[{"href":"https:\/\/occasionmachines.com\/pt\/wp-json\/wp\/v2\/media?parent=43618"}],"wp:term":[{"taxonomy":"product_brand","embeddable":true,"href":"https:\/\/occasionmachines.com\/pt\/wp-json\/wp\/v2\/product_brand?post=43618"},{"taxonomy":"product_cat","embeddable":true,"href":"https:\/\/occasionmachines.com\/pt\/wp-json\/wp\/v2\/product_cat?post=43618"},{"taxonomy":"product_tag","embeddable":true,"href":"https:\/\/occasionmachines.com\/pt\/wp-json\/wp\/v2\/product_tag?post=43618"}],"curies":[{"name":"wp","href":"https:\/\/api.w.org\/{rel}","templated":true}]}}