{"id":44484,"date":"2020-10-16T02:22:47","date_gmt":"2020-10-16T01:22:47","guid":{"rendered":"https:\/\/occasionmachines.com\/?post_type=product&#038;p=44484"},"modified":"2025-01-15T12:12:34","modified_gmt":"2025-01-15T12:12:34","slug":"cabeca-escatelar-para-fresadora-e-suporte","status":"publish","type":"product","link":"https:\/\/occasionmachines.com\/pt\/produto\/cabeca-escatelar-para-fresadora-e-suporte\/","title":{"rendered":"Cabe\u00e7a Escatelar para Fresadora e Suporte"},"content":{"rendered":"<p><strong>Caracter\u00edsticas<\/strong><\/p>\n<ul>\n<li>Projeto especial sem-fim e engrenagem sem-fim com mecanismo de transmiss\u00e3o de articula\u00e7\u00e3o, alta pot\u00eancia de sa\u00edda.<\/li>\n<li>A superf\u00edcie deslizante do \u00eambolo \u00e9 endurecida e retificada com precis\u00e3o<\/li>\n<li>Sistema de lubrifica\u00e7\u00e3o integrado para um funcionamento suave e prolongar a vida \u00fatil da cabe\u00e7a<\/li>\n<li>Montagem dispon\u00edvel em qualquer tipo de fresadora m\/c na parte traseira do pist\u00e3o<\/li>\n<\/ul>\n<p><strong>Especifica\u00e7\u00f5es<\/strong><\/p>\n<ul>\n<li>Curso: 125 mm (5 &#8220;)<\/li>\n<li>N\u00famero de altera\u00f5es de velocidade do curso: 5 etapas<\/li>\n<li>Velocidade de curso (curso \/ min): 30, 47, 69, 98, 140 spm (50 Hz)<\/li>\n<li>Velocidade de curso (curso \/ min): 35, 54, 79, 112, 160 spm (60 Hz)<\/li>\n<li>Motor de acionamento: 3\/4 Hp-6P<\/li>\n<li>Peso: 150 kg<\/li>\n<\/ul>\n<p><img loading=\"lazy\" decoding=\"async\" class=\"alignnone size-full wp-image-44485\" src=\"https:\/\/occasionmachines.com\/wp-content\/uploads\/2020\/10\/VSH_5.png\" alt=\"\" width=\"416\" height=\"364\" \/><\/p>","protected":false},"excerpt":{"rendered":"<p>Caracter\u00edsticas Projeto especial sem-fim e engrenagem sem-fim com mecanismo de transmiss\u00e3o de articula\u00e7\u00e3o, alta pot\u00eancia de sa\u00edda. A superf\u00edcie deslizante do \u00eambolo \u00e9 endurecida e retificada com precis\u00e3o Sistema de lubrifica\u00e7\u00e3o integrado para um funcionamento suave e prolongar a vida \u00fatil da cabe\u00e7a Montagem dispon\u00edvel em qualquer tipo de fresadora m\/c na parte traseira do [&hellip;]<\/p>\n","protected":false},"featured_media":44489,"comment_status":"open","ping_status":"closed","template":"","meta":[],"product_brand":[],"product_cat":[7725],"product_tag":[],"class_list":{"0":"post-44484","1":"product","2":"type-product","3":"status-publish","4":"has-post-thumbnail","6":"product_cat-fresadoras-usadas","8":"first","9":"onbackorder","10":"sold-individually","11":"taxable","12":"shipping-taxable","13":"purchasable","14":"product-type-variable","15":"has-default-attributes"},"_links":{"self":[{"href":"https:\/\/occasionmachines.com\/pt\/wp-json\/wp\/v2\/product\/44484","targetHints":{"allow":["GET"]}}],"collection":[{"href":"https:\/\/occasionmachines.com\/pt\/wp-json\/wp\/v2\/product"}],"about":[{"href":"https:\/\/occasionmachines.com\/pt\/wp-json\/wp\/v2\/types\/product"}],"replies":[{"embeddable":true,"href":"https:\/\/occasionmachines.com\/pt\/wp-json\/wp\/v2\/comments?post=44484"}],"wp:featuredmedia":[{"embeddable":true,"href":"https:\/\/occasionmachines.com\/pt\/wp-json\/wp\/v2\/media\/44489"}],"wp:attachment":[{"href":"https:\/\/occasionmachines.com\/pt\/wp-json\/wp\/v2\/media?parent=44484"}],"wp:term":[{"taxonomy":"product_brand","embeddable":true,"href":"https:\/\/occasionmachines.com\/pt\/wp-json\/wp\/v2\/product_brand?post=44484"},{"taxonomy":"product_cat","embeddable":true,"href":"https:\/\/occasionmachines.com\/pt\/wp-json\/wp\/v2\/product_cat?post=44484"},{"taxonomy":"product_tag","embeddable":true,"href":"https:\/\/occasionmachines.com\/pt\/wp-json\/wp\/v2\/product_tag?post=44484"}],"curies":[{"name":"wp","href":"https:\/\/api.w.org\/{rel}","templated":true}]}}