{"id":44548,"date":"2020-10-19T15:36:05","date_gmt":"2020-10-19T14:36:05","guid":{"rendered":"https:\/\/occasionmachines.com\/?post_type=product&#038;p=44548"},"modified":"2023-05-29T16:30:02","modified_gmt":"2023-05-29T15:30:02","slug":"maquina-chanfrar-rebarbar-portatil-700","status":"publish","type":"product","link":"https:\/\/occasionmachines.com\/pt\/produto\/maquina-chanfrar-rebarbar-portatil-700\/","title":{"rendered":"M\u00e1quina Chanfrar \/ Rebarbar Portatil 700"},"content":{"rendered":"<p><strong>Pr\u00e1tico<\/strong><\/p>\n<ul>\n<li>Usando rolo de pano de areia para corte.<\/li>\n<li>Bom para pe\u00e7as endurecidas de a\u00e7o e ferro fundido.<\/li>\n<li>N\u00e3o \u00e9 para ferro macio ou alum\u00ednio<\/li>\n<li>Se a pe\u00e7a de trabalho dobrada for usada, a superf\u00edcie de chanfragem n\u00e3o ficar\u00e1 suavemente reta<\/li>\n<\/ul>\n<p><strong>Recursos<\/strong><\/p>\n<ul>\n<li>A m\u00e1quina \u00e9 utilizada para realizar chanfragens em qualquer tipo de material ferroso, em particular a\u00e7os e ferros fundidos. Equipado com pastilhas de carboneto de tungst\u00eanio em formato quadrado &#8211; 12,7&#215;12,7&#215;3,18 ISO 1203 SPUN. Opera\u00e7\u00e3o simplificada adequada para pessoal n\u00e3o qualificado. 3\u2205220V \/ 3\u2205380V<\/li>\n<\/ul>\n<p><strong>Dados t\u00e9cnicos<\/strong><\/p>\n<ul>\n<li>Requisito de espa\u00e7o: 360x200x260 mm<\/li>\n<li>Peso (kg): 14<\/li>\n<li>Tens\u00e3o: 3\u2205 220 V ou 1\u2205 110 V \/ 220 V 3\u2205 380 V \/ 415 V 50 Hz \/ 60 Hz<\/li>\n<li>Sa\u00edda do motor: 0,37 kw<\/li>\n<li>Velocidade: 3500 rpm<\/li>\n<li>Comprimento dos trilhos guia: 200 mm<\/li>\n<li>Altura do bisel: 0-7 mm<\/li>\n<li>\u00c2ngulo de chanfro: 15\u00ba ~ 45\u00ba ajust\u00e1vel<\/li>\n<\/ul>\n<p><\/p>","protected":false},"excerpt":{"rendered":"<p>Pr\u00e1tico Usando rolo de pano de areia para corte. Bom para pe\u00e7as endurecidas de a\u00e7o e ferro fundido. N\u00e3o \u00e9 para ferro macio ou alum\u00ednio Se a pe\u00e7a de trabalho dobrada for usada, a superf\u00edcie de chanfragem n\u00e3o ficar\u00e1 suavemente reta Recursos A m\u00e1quina \u00e9 utilizada para realizar chanfragens em qualquer tipo de material ferroso, [&hellip;]<\/p>\n","protected":false},"featured_media":44549,"comment_status":"open","ping_status":"closed","template":"","meta":[],"product_brand":[],"product_cat":[7798],"product_tag":[],"class_list":{"0":"post-44548","1":"product","2":"type-product","3":"status-publish","4":"has-post-thumbnail","6":"product_cat-ferramentas-ferramentas","7":"product_shipping_class-ferramentas-pequenas","9":"first","10":"onbackorder","11":"taxable","12":"shipping-taxable","13":"purchasable","14":"product-type-simple"},"_links":{"self":[{"href":"https:\/\/occasionmachines.com\/pt\/wp-json\/wp\/v2\/product\/44548","targetHints":{"allow":["GET"]}}],"collection":[{"href":"https:\/\/occasionmachines.com\/pt\/wp-json\/wp\/v2\/product"}],"about":[{"href":"https:\/\/occasionmachines.com\/pt\/wp-json\/wp\/v2\/types\/product"}],"replies":[{"embeddable":true,"href":"https:\/\/occasionmachines.com\/pt\/wp-json\/wp\/v2\/comments?post=44548"}],"wp:featuredmedia":[{"embeddable":true,"href":"https:\/\/occasionmachines.com\/pt\/wp-json\/wp\/v2\/media\/44549"}],"wp:attachment":[{"href":"https:\/\/occasionmachines.com\/pt\/wp-json\/wp\/v2\/media?parent=44548"}],"wp:term":[{"taxonomy":"product_brand","embeddable":true,"href":"https:\/\/occasionmachines.com\/pt\/wp-json\/wp\/v2\/product_brand?post=44548"},{"taxonomy":"product_cat","embeddable":true,"href":"https:\/\/occasionmachines.com\/pt\/wp-json\/wp\/v2\/product_cat?post=44548"},{"taxonomy":"product_tag","embeddable":true,"href":"https:\/\/occasionmachines.com\/pt\/wp-json\/wp\/v2\/product_tag?post=44548"}],"curies":[{"name":"wp","href":"https:\/\/api.w.org\/{rel}","templated":true}]}}