{"id":45113,"date":"2020-11-11T16:26:22","date_gmt":"2020-11-11T16:26:22","guid":{"rendered":"https:\/\/occasionmachines.com\/?post_type=product&#038;p=45113"},"modified":"2023-05-29T15:16:10","modified_gmt":"2023-05-29T14:16:10","slug":"punch-former-com-placa-senoidal","status":"publish","type":"product","link":"https:\/\/occasionmachines.com\/pt\/produto\/punch-former-com-placa-senoidal\/","title":{"rendered":"Punch Former Com Placa Senoidal"},"content":{"rendered":"<p>Tipo V-PB e V-PS com placa sinusoidal<\/p>\n<p>V-PB-BS 2 maneiras<\/p>\n<p>V-PB-SS 1 via \u00d830 orif\u00edcio de passagem<\/p>\n<p><strong>V-PS-BS<\/strong><\/p>\n<ul>\n<li>A: 108<\/li>\n<li>B: \u00d890<\/li>\n<li>C: \u00d830<\/li>\n<li>D: 80-81<\/li>\n<li>E: 133<\/li>\n<li>F: 83<\/li>\n<li>G: 45<\/li>\n<li>H: 25<\/li>\n<li>L: 215<\/li>\n<li>Altura Total: 136<\/li>\n<li>Centro Sine Bar: 50<\/li>\n<li>Peso: 13,6 kg<\/li>\n<\/ul>\n<p><strong>V-PS-SS<\/strong><\/p>\n<ul>\n<li>A: 108<\/li>\n<li>B: \u00d890<\/li>\n<li>C: \u00d830<\/li>\n<li>D: 80-81<\/li>\n<li>E: 133<\/li>\n<li>F: 83<\/li>\n<li>G: \/<\/li>\n<li>H: 25<\/li>\n<li>L: 197<\/li>\n<li>Altura Total: 136<\/li>\n<li>Centro Sine Bar: 50<\/li>\n<li>Peso: 13 kg<\/li>\n<\/ul>\n<p><\/p>","protected":false},"excerpt":{"rendered":"<p>Tipo V-PB e V-PS com placa sinusoidal V-PB-BS 2 maneiras V-PB-SS 1 via \u00d830 orif\u00edcio de passagem V-PS-BS A: 108 B: \u00d890 C: \u00d830 D: 80-81 E: 133 F: 83 G: 45 H: 25 L: 215 Altura Total: 136 Centro Sine Bar: 50 Peso: 13,6 kg V-PS-SS A: 108 B: \u00d890 C: \u00d830 D: 80-81 [&hellip;]<\/p>\n","protected":false},"featured_media":47355,"comment_status":"open","ping_status":"closed","template":"","meta":[],"product_brand":[],"product_cat":[7798],"product_tag":[],"class_list":{"0":"post-45113","1":"product","2":"type-product","3":"status-publish","4":"has-post-thumbnail","6":"product_cat-ferramentas-ferramentas","7":"product_shipping_class-ferramentas-pequenas","9":"first","10":"onbackorder","11":"taxable","12":"shipping-taxable","13":"product-type-variable"},"_links":{"self":[{"href":"https:\/\/occasionmachines.com\/pt\/wp-json\/wp\/v2\/product\/45113","targetHints":{"allow":["GET"]}}],"collection":[{"href":"https:\/\/occasionmachines.com\/pt\/wp-json\/wp\/v2\/product"}],"about":[{"href":"https:\/\/occasionmachines.com\/pt\/wp-json\/wp\/v2\/types\/product"}],"replies":[{"embeddable":true,"href":"https:\/\/occasionmachines.com\/pt\/wp-json\/wp\/v2\/comments?post=45113"}],"wp:featuredmedia":[{"embeddable":true,"href":"https:\/\/occasionmachines.com\/pt\/wp-json\/wp\/v2\/media\/47355"}],"wp:attachment":[{"href":"https:\/\/occasionmachines.com\/pt\/wp-json\/wp\/v2\/media?parent=45113"}],"wp:term":[{"taxonomy":"product_brand","embeddable":true,"href":"https:\/\/occasionmachines.com\/pt\/wp-json\/wp\/v2\/product_brand?post=45113"},{"taxonomy":"product_cat","embeddable":true,"href":"https:\/\/occasionmachines.com\/pt\/wp-json\/wp\/v2\/product_cat?post=45113"},{"taxonomy":"product_tag","embeddable":true,"href":"https:\/\/occasionmachines.com\/pt\/wp-json\/wp\/v2\/product_tag?post=45113"}],"curies":[{"name":"wp","href":"https:\/\/api.w.org\/{rel}","templated":true}]}}