{"id":45200,"date":"2020-10-25T15:04:43","date_gmt":"2020-10-25T15:04:43","guid":{"rendered":"https:\/\/occasionmachines.com\/?post_type=product&#038;p=45200"},"modified":"2024-05-15T16:30:25","modified_gmt":"2024-05-15T15:30:25","slug":"prensa-angular-de-precisao-universal","status":"publish","type":"product","link":"https:\/\/occasionmachines.com\/pt\/produto\/prensa-angular-de-precisao-universal\/","title":{"rendered":"Prensa Angular de Precis\u00e3o Universal"},"content":{"rendered":"<p>Gradua\u00e7\u00e3o de precis\u00e3o para uma leitura precisa.<\/p>\n<p>Caracter\u00edsticas de giro e inclina\u00e7\u00e3o tornam esta unidade adequada para superf\u00edcies retas ou inclinadas, usinagem de fura\u00e7\u00e3o angular, em retificadoras de precis\u00e3o, mandriladora e fresadora, m\u00e1quina de descarga el\u00e9trica, etc.<\/p>\n<p>Toler\u00e2ncia: \u00b1 0,01 mm \/ 100 mm<\/p>\n<p>Vise fundo para paralelismo de base \u00b1 0,02 mm<\/p>\n<p>Quadratura \u00b1 0,02<\/p>\n<p>Rota\u00e7\u00e3o horizontal 360\u00ba<\/p>\n<p>Inclina\u00e7\u00e3o vertical de 45\u00ba<\/p>\n<p>Terreno de precis\u00e3o<\/p>\n<p>Material: SK-2<\/p>\n<p>Dureza: HRC 52\u00ba \u00b1 2\u00ba<\/p>\n<p><img loading=\"lazy\" decoding=\"async\" class=\"alignnone size-full wp-image-45436\" src=\"https:\/\/occasionmachines.com\/wp-content\/uploads\/2020\/10\/vua-3.png\" alt=\"\" width=\"1403\" height=\"172\" srcset=\"https:\/\/occasionmachines.com\/wp-content\/uploads\/2020\/10\/vua-3.png 1403w, https:\/\/occasionmachines.com\/wp-content\/uploads\/2020\/10\/vua-3-416x51.png 416w, https:\/\/occasionmachines.com\/wp-content\/uploads\/2020\/10\/vua-3-768x94.png 768w, https:\/\/occasionmachines.com\/wp-content\/uploads\/2020\/10\/vua-3-550x67.png 550w\" sizes=\"auto, (max-width: 1403px) 100vw, 1403px\" \/><\/p>","protected":false},"excerpt":{"rendered":"<p>Gradua\u00e7\u00e3o de precis\u00e3o para uma leitura precisa. Caracter\u00edsticas de giro e inclina\u00e7\u00e3o tornam esta unidade adequada para superf\u00edcies retas ou inclinadas, usinagem de fura\u00e7\u00e3o angular, em retificadoras de precis\u00e3o, mandriladora e fresadora, m\u00e1quina de descarga el\u00e9trica, etc. Toler\u00e2ncia: \u00b1 0,01 mm \/ 100 mm Vise fundo para paralelismo de base \u00b1 0,02 mm Quadratura \u00b1 [&hellip;]<\/p>\n","protected":false},"featured_media":45201,"comment_status":"open","ping_status":"closed","template":"","meta":[],"product_brand":[],"product_cat":[4963],"product_tag":[],"class_list":{"0":"post-45200","1":"product","2":"type-product","3":"status-publish","4":"has-post-thumbnail","6":"product_cat-prensas-de-aperto","7":"product_shipping_class-ferramentas-pequenas","9":"first","10":"onbackorder","11":"taxable","12":"shipping-taxable","13":"purchasable","14":"product-type-variable"},"_links":{"self":[{"href":"https:\/\/occasionmachines.com\/pt\/wp-json\/wp\/v2\/product\/45200","targetHints":{"allow":["GET"]}}],"collection":[{"href":"https:\/\/occasionmachines.com\/pt\/wp-json\/wp\/v2\/product"}],"about":[{"href":"https:\/\/occasionmachines.com\/pt\/wp-json\/wp\/v2\/types\/product"}],"replies":[{"embeddable":true,"href":"https:\/\/occasionmachines.com\/pt\/wp-json\/wp\/v2\/comments?post=45200"}],"wp:featuredmedia":[{"embeddable":true,"href":"https:\/\/occasionmachines.com\/pt\/wp-json\/wp\/v2\/media\/45201"}],"wp:attachment":[{"href":"https:\/\/occasionmachines.com\/pt\/wp-json\/wp\/v2\/media?parent=45200"}],"wp:term":[{"taxonomy":"product_brand","embeddable":true,"href":"https:\/\/occasionmachines.com\/pt\/wp-json\/wp\/v2\/product_brand?post=45200"},{"taxonomy":"product_cat","embeddable":true,"href":"https:\/\/occasionmachines.com\/pt\/wp-json\/wp\/v2\/product_cat?post=45200"},{"taxonomy":"product_tag","embeddable":true,"href":"https:\/\/occasionmachines.com\/pt\/wp-json\/wp\/v2\/product_tag?post=45200"}],"curies":[{"name":"wp","href":"https:\/\/api.w.org\/{rel}","templated":true}]}}