{"id":45724,"date":"2020-10-26T13:06:14","date_gmt":"2020-10-26T13:06:14","guid":{"rendered":"https:\/\/occasionmachines.com\/?post_type=product&#038;p=45724"},"modified":"2023-01-12T12:04:54","modified_gmt":"2023-01-12T12:04:54","slug":"rampa-aco-p-auto","status":"publish","type":"product","link":"https:\/\/occasionmachines.com\/pt\/produto\/rampa-aco-p-auto\/","title":{"rendered":"Rampa A\u00e7o P\/Auto"},"content":{"rendered":"<p><strong>Dados T\u00e9cnicos<\/strong><\/p>\n<ul>\n<li>Capacidade 400 Kg<\/li>\n<li>Cont\u00e9m 2 Un.<\/li>\n<\/ul>\n<p><strong>Embalagem<\/strong><\/p>\n<ul>\n<li>Altura 160.00 cm<\/li>\n<li>Largura 22.50 cm<\/li>\n<li>Comprimento 4.50 cm<\/li>\n<li>Peso Bruto 11.80 Kg<\/li>\n<li>Peso L\u00edquido 11.00 Kg<\/li>\n<\/ul>\n<p><\/p>","protected":false},"excerpt":{"rendered":"<p>Dados T\u00e9cnicos Capacidade 400 Kg Cont\u00e9m 2 Un. Embalagem Altura 160.00 cm Largura 22.50 cm Comprimento 4.50 cm Peso Bruto 11.80 Kg Peso L\u00edquido 11.00 Kg<\/p>\n","protected":false},"featured_media":45725,"comment_status":"open","ping_status":"closed","template":"","meta":[],"product_brand":[],"product_cat":[6586],"product_tag":[],"class_list":{"0":"post-45724","1":"product","2":"type-product","3":"status-publish","4":"has-post-thumbnail","6":"product_cat-rampas-de-carga","7":"product_shipping_class-ferramentas-pequenas","9":"first","10":"onbackorder","11":"taxable","12":"shipping-taxable","13":"purchasable","14":"product-type-simple"},"_links":{"self":[{"href":"https:\/\/occasionmachines.com\/pt\/wp-json\/wp\/v2\/product\/45724","targetHints":{"allow":["GET"]}}],"collection":[{"href":"https:\/\/occasionmachines.com\/pt\/wp-json\/wp\/v2\/product"}],"about":[{"href":"https:\/\/occasionmachines.com\/pt\/wp-json\/wp\/v2\/types\/product"}],"replies":[{"embeddable":true,"href":"https:\/\/occasionmachines.com\/pt\/wp-json\/wp\/v2\/comments?post=45724"}],"wp:featuredmedia":[{"embeddable":true,"href":"https:\/\/occasionmachines.com\/pt\/wp-json\/wp\/v2\/media\/45725"}],"wp:attachment":[{"href":"https:\/\/occasionmachines.com\/pt\/wp-json\/wp\/v2\/media?parent=45724"}],"wp:term":[{"taxonomy":"product_brand","embeddable":true,"href":"https:\/\/occasionmachines.com\/pt\/wp-json\/wp\/v2\/product_brand?post=45724"},{"taxonomy":"product_cat","embeddable":true,"href":"https:\/\/occasionmachines.com\/pt\/wp-json\/wp\/v2\/product_cat?post=45724"},{"taxonomy":"product_tag","embeddable":true,"href":"https:\/\/occasionmachines.com\/pt\/wp-json\/wp\/v2\/product_tag?post=45724"}],"curies":[{"name":"wp","href":"https:\/\/api.w.org\/{rel}","templated":true}]}}