{"id":46210,"date":"2020-10-30T12:07:27","date_gmt":"2020-10-30T12:07:27","guid":{"rendered":"https:\/\/occasionmachines.com\/?post_type=product&#038;p=46210"},"modified":"2022-01-18T21:42:33","modified_gmt":"2022-01-18T21:42:33","slug":"guincho-eletrico-200-400kg","status":"publish","type":"product","link":"https:\/\/occasionmachines.com\/pt\/produto\/guincho-eletrico-200-400kg\/","title":{"rendered":"Guincho El\u00e9trico 200\/400Kg"},"content":{"rendered":"<p><strong>Dados T\u00e9cnicos<\/strong><\/p>\n<ul>\n<li>Capacidade 200\/400Kg<\/li>\n<li>Eleva\u00e7\u00e3o Min 6 M<\/li>\n<li>Eleva\u00e7\u00e3o Max. 12 M<\/li>\n<li>Resist\u00eancia \u009b1100Kg<\/li>\n<li>Voltagem 230V<\/li>\n<\/ul>\n<p><strong>Embalagem<\/strong><\/p>\n<ul>\n<li>Altura 46.00 cm<\/li>\n<li>Largura 15.00 cm<\/li>\n<li>Comprimento 27.00 cm<\/li>\n<li>Peso Bruto 18.50 Kg<\/li>\n<li>Peso L\u00edquido 18.00 Kg<\/li>\n<\/ul>\n<p><\/p>","protected":false},"excerpt":{"rendered":"<p>Dados T\u00e9cnicos Capacidade 200\/400Kg Eleva\u00e7\u00e3o Min 6 M Eleva\u00e7\u00e3o Max. 12 M Resist\u00eancia \u009b1100Kg Voltagem 230V Embalagem Altura 46.00 cm Largura 15.00 cm Comprimento 27.00 cm Peso Bruto 18.50 Kg Peso L\u00edquido 18.00 Kg<\/p>\n","protected":false},"featured_media":46211,"comment_status":"open","ping_status":"closed","template":"","meta":[],"product_brand":[],"product_cat":[3014],"product_tag":[],"class_list":{"0":"post-46210","1":"product","2":"type-product","3":"status-publish","4":"has-post-thumbnail","6":"product_cat-guinchos-eletricos-de-elevacao","7":"product_shipping_class-ferramentas-pequenas","9":"first","10":"onbackorder","11":"taxable","12":"shipping-taxable","13":"purchasable","14":"product-type-simple"},"_links":{"self":[{"href":"https:\/\/occasionmachines.com\/pt\/wp-json\/wp\/v2\/product\/46210","targetHints":{"allow":["GET"]}}],"collection":[{"href":"https:\/\/occasionmachines.com\/pt\/wp-json\/wp\/v2\/product"}],"about":[{"href":"https:\/\/occasionmachines.com\/pt\/wp-json\/wp\/v2\/types\/product"}],"replies":[{"embeddable":true,"href":"https:\/\/occasionmachines.com\/pt\/wp-json\/wp\/v2\/comments?post=46210"}],"wp:featuredmedia":[{"embeddable":true,"href":"https:\/\/occasionmachines.com\/pt\/wp-json\/wp\/v2\/media\/46211"}],"wp:attachment":[{"href":"https:\/\/occasionmachines.com\/pt\/wp-json\/wp\/v2\/media?parent=46210"}],"wp:term":[{"taxonomy":"product_brand","embeddable":true,"href":"https:\/\/occasionmachines.com\/pt\/wp-json\/wp\/v2\/product_brand?post=46210"},{"taxonomy":"product_cat","embeddable":true,"href":"https:\/\/occasionmachines.com\/pt\/wp-json\/wp\/v2\/product_cat?post=46210"},{"taxonomy":"product_tag","embeddable":true,"href":"https:\/\/occasionmachines.com\/pt\/wp-json\/wp\/v2\/product_tag?post=46210"}],"curies":[{"name":"wp","href":"https:\/\/api.w.org\/{rel}","templated":true}]}}