{"id":46228,"date":"2020-10-30T14:31:29","date_gmt":"2020-10-30T14:31:29","guid":{"rendered":"https:\/\/occasionmachines.com\/?post_type=product&#038;p=46228"},"modified":"2023-05-29T16:12:55","modified_gmt":"2023-05-29T15:12:55","slug":"maquina-de-lavar-a-pressao-2800w-160bar","status":"publish","type":"product","link":"https:\/\/occasionmachines.com\/pt\/produto\/maquina-de-lavar-a-pressao-2800w-160bar\/","title":{"rendered":"M\u00e1quina de Lavar \u00e0 Press\u00e3o 2800W 160bar"},"content":{"rendered":"<p><strong>Dados T\u00e9cnicos<\/strong><\/p>\n<ul>\n<li>Press\u00e3o Max 160 bar max<\/li>\n<li>Pot\u00eancia 2800 W<\/li>\n<li>L\/H 510 l\/h max<\/li>\n<\/ul>\n<p><strong>Embalagem<\/strong><\/p>\n<ul>\n<li>Altura 60.00 cm<\/li>\n<li>Largura 41.00 cm<\/li>\n<li>Comprimento 41.00 cm<\/li>\n<li>Peso Bruto 24.00 Kg<\/li>\n<li>Peso L\u00edquido 24.00 Kg<\/li>\n<\/ul>\n<p><\/p>","protected":false},"excerpt":{"rendered":"<p>Dados T\u00e9cnicos Press\u00e3o Max 160 bar max Pot\u00eancia 2800 W L\/H 510 l\/h max Embalagem Altura 60.00 cm Largura 41.00 cm Comprimento 41.00 cm Peso Bruto 24.00 Kg Peso L\u00edquido 24.00 Kg<\/p>\n","protected":false},"featured_media":46229,"comment_status":"open","ping_status":"closed","template":"","meta":[],"product_brand":[],"product_cat":[7824],"product_tag":[],"class_list":{"0":"post-46228","1":"product","2":"type-product","3":"status-publish","4":"has-post-thumbnail","6":"product_cat-lavagem","7":"product_shipping_class-ferramentas-medias","9":"first","10":"onbackorder","11":"taxable","12":"shipping-taxable","13":"purchasable","14":"product-type-simple"},"_links":{"self":[{"href":"https:\/\/occasionmachines.com\/pt\/wp-json\/wp\/v2\/product\/46228","targetHints":{"allow":["GET"]}}],"collection":[{"href":"https:\/\/occasionmachines.com\/pt\/wp-json\/wp\/v2\/product"}],"about":[{"href":"https:\/\/occasionmachines.com\/pt\/wp-json\/wp\/v2\/types\/product"}],"replies":[{"embeddable":true,"href":"https:\/\/occasionmachines.com\/pt\/wp-json\/wp\/v2\/comments?post=46228"}],"wp:featuredmedia":[{"embeddable":true,"href":"https:\/\/occasionmachines.com\/pt\/wp-json\/wp\/v2\/media\/46229"}],"wp:attachment":[{"href":"https:\/\/occasionmachines.com\/pt\/wp-json\/wp\/v2\/media?parent=46228"}],"wp:term":[{"taxonomy":"product_brand","embeddable":true,"href":"https:\/\/occasionmachines.com\/pt\/wp-json\/wp\/v2\/product_brand?post=46228"},{"taxonomy":"product_cat","embeddable":true,"href":"https:\/\/occasionmachines.com\/pt\/wp-json\/wp\/v2\/product_cat?post=46228"},{"taxonomy":"product_tag","embeddable":true,"href":"https:\/\/occasionmachines.com\/pt\/wp-json\/wp\/v2\/product_tag?post=46228"}],"curies":[{"name":"wp","href":"https:\/\/api.w.org\/{rel}","templated":true}]}}