{"id":46260,"date":"2020-10-30T20:05:43","date_gmt":"2020-10-30T20:05:43","guid":{"rendered":"https:\/\/occasionmachines.com\/?post_type=product&#038;p=46260"},"modified":"2023-05-29T16:12:23","modified_gmt":"2023-05-29T15:12:23","slug":"cabo-de-aco-inoxidavel-10mmx100m","status":"publish","type":"product","link":"https:\/\/occasionmachines.com\/pt\/produto\/cabo-de-aco-inoxidavel-10mmx100m\/","title":{"rendered":"Cabo de A\u00e7o Inoxid\u00e1vel 10mmx100m"},"content":{"rendered":"<p><strong>Dados T\u00e9cnicos<\/strong><\/p>\n<ul>\n<li>Tamanho 10mm x 100M<\/li>\n<\/ul>\n<p><strong>Embalagem<\/strong><\/p>\n<ul>\n<li>Altura 40.00 cm<\/li>\n<li>Largura 40.00 cm<\/li>\n<li>Comprimento 28.00 cm<\/li>\n<li>Peso Bruto 44.00 Kg<\/li>\n<li>Peso L\u00edquido 44.00 Kg<\/li>\n<\/ul>\n<p><\/p>","protected":false},"excerpt":{"rendered":"<p>Dados T\u00e9cnicos Tamanho 10mm x 100M Embalagem Altura 40.00 cm Largura 40.00 cm Comprimento 28.00 cm Peso Bruto 44.00 Kg Peso L\u00edquido 44.00 Kg<\/p>\n","protected":false},"featured_media":46261,"comment_status":"open","ping_status":"closed","template":"","meta":[],"product_brand":[],"product_cat":[7798],"product_tag":[],"class_list":{"0":"post-46260","1":"product","2":"type-product","3":"status-publish","4":"has-post-thumbnail","6":"product_cat-ferramentas-ferramentas","7":"product_shipping_class-ferramentas-grandes","9":"first","10":"onbackorder","11":"taxable","12":"shipping-taxable","13":"purchasable","14":"product-type-simple"},"_links":{"self":[{"href":"https:\/\/occasionmachines.com\/pt\/wp-json\/wp\/v2\/product\/46260","targetHints":{"allow":["GET"]}}],"collection":[{"href":"https:\/\/occasionmachines.com\/pt\/wp-json\/wp\/v2\/product"}],"about":[{"href":"https:\/\/occasionmachines.com\/pt\/wp-json\/wp\/v2\/types\/product"}],"replies":[{"embeddable":true,"href":"https:\/\/occasionmachines.com\/pt\/wp-json\/wp\/v2\/comments?post=46260"}],"wp:featuredmedia":[{"embeddable":true,"href":"https:\/\/occasionmachines.com\/pt\/wp-json\/wp\/v2\/media\/46261"}],"wp:attachment":[{"href":"https:\/\/occasionmachines.com\/pt\/wp-json\/wp\/v2\/media?parent=46260"}],"wp:term":[{"taxonomy":"product_brand","embeddable":true,"href":"https:\/\/occasionmachines.com\/pt\/wp-json\/wp\/v2\/product_brand?post=46260"},{"taxonomy":"product_cat","embeddable":true,"href":"https:\/\/occasionmachines.com\/pt\/wp-json\/wp\/v2\/product_cat?post=46260"},{"taxonomy":"product_tag","embeddable":true,"href":"https:\/\/occasionmachines.com\/pt\/wp-json\/wp\/v2\/product_tag?post=46260"}],"curies":[{"name":"wp","href":"https:\/\/api.w.org\/{rel}","templated":true}]}}