{"id":46329,"date":"2020-11-01T17:55:18","date_gmt":"2020-11-01T17:55:18","guid":{"rendered":"https:\/\/occasionmachines.com\/?post_type=product&#038;p=46329"},"modified":"2022-01-25T09:49:24","modified_gmt":"2022-01-25T09:49:24","slug":"porta-paletes-hidraulico-2-5t-duplo","status":"publish","type":"product","link":"https:\/\/occasionmachines.com\/pt\/produto\/porta-paletes-hidraulico-2-5t-duplo\/","title":{"rendered":"Porta Paletes Hidra\u00falico 2.5T Duplo"},"content":{"rendered":"<p><strong>Dados T\u00e9cnicos<\/strong><\/p>\n<ul>\n<li>Carga 2.5T<\/li>\n<li>Eleva\u00e7\u00e3o Min 80mm<\/li>\n<li>Eleva\u00e7\u00e3o Max. 115mm<\/li>\n<li>Medidas Garfos:<\/li>\n<li>Distancia: 550mm<\/li>\n<li>Comp.:1150mm<\/li>\n<li>Tamanho Rodas:<\/li>\n<li>\u00bb Borracha \u00bb\u00d8180x50mm (X2)<\/li>\n<li>\u00bb Poliuretano \u00bb \u00d880 x 70 mm (X4)<\/li>\n<\/ul>\n<p><strong>Embalagem<\/strong><\/p>\n<ul>\n<li>Altura 55.00 cm<\/li>\n<li>Largura 50.00 cm<\/li>\n<li>Comprimento 150.00 cm<\/li>\n<li>Peso Bruto 66.00 Kg<\/li>\n<li>Peso L\u00edquido 66.00 Kg<\/li>\n<\/ul>\n<p><\/p>","protected":false},"excerpt":{"rendered":"<p>Dados T\u00e9cnicos Carga 2.5T Eleva\u00e7\u00e3o Min 80mm Eleva\u00e7\u00e3o Max. 115mm Medidas Garfos: Distancia: 550mm Comp.:1150mm Tamanho Rodas: \u00bb Borracha \u00bb\u00d8180x50mm (X2) \u00bb Poliuretano \u00bb \u00d880 x 70 mm (X4) Embalagem Altura 55.00 cm Largura 50.00 cm Comprimento 150.00 cm Peso Bruto 66.00 Kg Peso L\u00edquido 66.00 Kg<\/p>\n","protected":false},"featured_media":46331,"comment_status":"open","ping_status":"closed","template":"","meta":[],"product_brand":[],"product_cat":[5778],"product_tag":[],"class_list":{"0":"post-46329","1":"product","2":"type-product","3":"status-publish","4":"has-post-thumbnail","6":"product_cat-porta-paletes","7":"product_shipping_class-ferramentas-grandes","9":"first","10":"onbackorder","11":"taxable","12":"shipping-taxable","13":"purchasable","14":"product-type-simple"},"_links":{"self":[{"href":"https:\/\/occasionmachines.com\/pt\/wp-json\/wp\/v2\/product\/46329","targetHints":{"allow":["GET"]}}],"collection":[{"href":"https:\/\/occasionmachines.com\/pt\/wp-json\/wp\/v2\/product"}],"about":[{"href":"https:\/\/occasionmachines.com\/pt\/wp-json\/wp\/v2\/types\/product"}],"replies":[{"embeddable":true,"href":"https:\/\/occasionmachines.com\/pt\/wp-json\/wp\/v2\/comments?post=46329"}],"wp:featuredmedia":[{"embeddable":true,"href":"https:\/\/occasionmachines.com\/pt\/wp-json\/wp\/v2\/media\/46331"}],"wp:attachment":[{"href":"https:\/\/occasionmachines.com\/pt\/wp-json\/wp\/v2\/media?parent=46329"}],"wp:term":[{"taxonomy":"product_brand","embeddable":true,"href":"https:\/\/occasionmachines.com\/pt\/wp-json\/wp\/v2\/product_brand?post=46329"},{"taxonomy":"product_cat","embeddable":true,"href":"https:\/\/occasionmachines.com\/pt\/wp-json\/wp\/v2\/product_cat?post=46329"},{"taxonomy":"product_tag","embeddable":true,"href":"https:\/\/occasionmachines.com\/pt\/wp-json\/wp\/v2\/product_tag?post=46329"}],"curies":[{"name":"wp","href":"https:\/\/api.w.org\/{rel}","templated":true}]}}