{"id":46362,"date":"2020-11-01T22:04:15","date_gmt":"2020-11-01T22:04:15","guid":{"rendered":"https:\/\/occasionmachines.com\/?post_type=product&#038;p=46362"},"modified":"2022-01-25T08:43:52","modified_gmt":"2022-01-25T08:43:52","slug":"gerador-gasolina-70kva-c-rodas","status":"publish","type":"product","link":"https:\/\/occasionmachines.com\/pt\/produto\/gerador-gasolina-70kva-c-rodas\/","title":{"rendered":"Gerador Gasolina 7,0KVA c\/rodas"},"content":{"rendered":"<p><strong>Dados T\u00e9cnicos<\/strong><\/p>\n<ul>\n<li>Voltagem 230V 50Hz<\/li>\n<li>Alternador DLGE7500E<\/li>\n<li>6.5 Kva &#8211; 7.0 Kva<\/li>\n<li>Factor de Pot\u00eancia 1.0<\/li>\n<li>Dep\u00f3sito 25L<\/li>\n<li>Gasolina<\/li>\n<li>Autonom\u00eda 8H<\/li>\n<li>Trabalho n\u00e3o cont\u00ednuo<\/li>\n<li>Motor 190FE<\/li>\n<li>16Hp &#8211; 3600 rpm<\/li>\n<li>420 cc<\/li>\n<li>4 Tempos<\/li>\n<li>Monofasico<\/li>\n<li>Arranque Elctrico<\/li>\n<li>Ruido 76 Db(A)@ 7m<\/li>\n<\/ul>\n<p><strong>Embalagem<\/strong><\/p>\n<ul>\n<li>Altura 70.00 cm<\/li>\n<li>Largura 58.00 cm<\/li>\n<li>Comprimento 56.00 cm<\/li>\n<li>Peso Bruto 85.00 Kg<\/li>\n<li>Peso L\u00edquido 84.00 Kg<\/li>\n<\/ul>\n<p><\/p>","protected":false},"excerpt":{"rendered":"<p>Dados T\u00e9cnicos Voltagem 230V 50Hz Alternador DLGE7500E 6.5 Kva &#8211; 7.0 Kva Factor de Pot\u00eancia 1.0 Dep\u00f3sito 25L Gasolina Autonom\u00eda 8H Trabalho n\u00e3o cont\u00ednuo Motor 190FE 16Hp &#8211; 3600 rpm 420 cc 4 Tempos Monofasico Arranque Elctrico Ruido 76 Db(A)@ 7m Embalagem Altura 70.00 cm Largura 58.00 cm Comprimento 56.00 cm Peso Bruto 85.00 Kg [&hellip;]<\/p>\n","protected":false},"featured_media":46364,"comment_status":"open","ping_status":"closed","template":"","meta":[],"product_brand":[],"product_cat":[4728],"product_tag":[],"class_list":{"0":"post-46362","1":"product","2":"type-product","3":"status-publish","4":"has-post-thumbnail","6":"product_cat-geradores","7":"product_shipping_class-maquinas-pequenas","9":"first","10":"onbackorder","11":"taxable","12":"shipping-taxable","13":"purchasable","14":"product-type-simple"},"_links":{"self":[{"href":"https:\/\/occasionmachines.com\/pt\/wp-json\/wp\/v2\/product\/46362","targetHints":{"allow":["GET"]}}],"collection":[{"href":"https:\/\/occasionmachines.com\/pt\/wp-json\/wp\/v2\/product"}],"about":[{"href":"https:\/\/occasionmachines.com\/pt\/wp-json\/wp\/v2\/types\/product"}],"replies":[{"embeddable":true,"href":"https:\/\/occasionmachines.com\/pt\/wp-json\/wp\/v2\/comments?post=46362"}],"wp:featuredmedia":[{"embeddable":true,"href":"https:\/\/occasionmachines.com\/pt\/wp-json\/wp\/v2\/media\/46364"}],"wp:attachment":[{"href":"https:\/\/occasionmachines.com\/pt\/wp-json\/wp\/v2\/media?parent=46362"}],"wp:term":[{"taxonomy":"product_brand","embeddable":true,"href":"https:\/\/occasionmachines.com\/pt\/wp-json\/wp\/v2\/product_brand?post=46362"},{"taxonomy":"product_cat","embeddable":true,"href":"https:\/\/occasionmachines.com\/pt\/wp-json\/wp\/v2\/product_cat?post=46362"},{"taxonomy":"product_tag","embeddable":true,"href":"https:\/\/occasionmachines.com\/pt\/wp-json\/wp\/v2\/product_tag?post=46362"}],"curies":[{"name":"wp","href":"https:\/\/api.w.org\/{rel}","templated":true}]}}