{"id":4644,"date":"2016-05-18T15:01:57","date_gmt":"2016-05-18T14:01:57","guid":{"rendered":"http:\/\/occasionmachines.com\/?post_type=product&#038;p=4644"},"modified":"2022-01-25T09:05:12","modified_gmt":"2022-01-25T09:05:12","slug":"portico-eletrico-12v-300kg","status":"publish","type":"product","link":"https:\/\/occasionmachines.com\/pt\/produto\/portico-eletrico-12v-300kg\/","title":{"rendered":"P\u00f3rtico El\u00e9trico 12V 300kg"},"content":{"rendered":"<p><strong>Especifica\u00e7\u00f5es:<\/strong><\/p>\n<p>Guincho 12 volts m\u00e1x. 118 A<\/p>\n<p>Entrada do cabo comprimento: 510 cm<\/p>\n<p>O comprimento do cabo de controle remoto: 170 cm<\/p>\n<p>Levantamento de velocidade em marcha lenta: 15 segundos \/ m<\/p>\n<p>Altura de eleva\u00e7\u00e3o m\u00e1xima do ch\u00e3o para os ganchos: 205 cm (proje\u00e7\u00e3o de 110 cm)<\/p>\n<p>Max. Altura total a partir do solo: 215 cm<\/p>\n<p>O comprimento do cabo: 260 cm de ponta do guindaste<\/p>\n<p>Espessura do cabo: 5 mil\u00edmetros<\/p>\n<p>A espessura do material do guindaste: 5 mil\u00edmetros<\/p>\n<p>Base de placa de montagem 25 x 25 cm com 4 furos de \u00d8 15 mm<\/p>\n<p>Max abertura do gancho: 18 mm<\/p>\n<p>C\u00a0x L\u00a0x A: 40 x 45 x 134\u00a0&#8211; (215 cm)<\/p>\n<p>56 kg<\/p>","protected":false},"excerpt":{"rendered":"<p>Especifica\u00e7\u00f5es: Guincho 12 volts m\u00e1x. 118 A Entrada do cabo comprimento: 510 cm O comprimento do cabo de controle remoto: 170 cm Levantamento de velocidade em marcha lenta: 15 segundos \/ m Altura de eleva\u00e7\u00e3o m\u00e1xima do ch\u00e3o para os ganchos: 205 cm (proje\u00e7\u00e3o de 110 cm) Max. Altura total a partir do solo: 215 [&hellip;]<\/p>\n","protected":false},"featured_media":4645,"comment_status":"closed","ping_status":"closed","template":"","meta":[],"product_brand":[],"product_cat":[3171],"product_tag":[3164,3166,3168,3170,3163,3162,3160,3159,3161,3167,3165,3169],"class_list":{"0":"post-4644","1":"product","2":"type-product","3":"status-publish","4":"has-post-thumbnail","6":"product_cat-gruas-hidraulicas","7":"product_tag-pickup-crane-12v-300kg","8":"product_tag-pickup-kran-12v-300kg","9":"product_tag-pickup-vinc-12v-300kg","10":"product_tag-pickup-zuraw-12v-300kg","11":"product_tag-portico","12":"product_tag-portico-eletrico","13":"product_tag-portico-eletrico-12v","14":"product_tag-portico-eletrico-12v-300kg","15":"product_tag-portico-eletrico-300kg","16":"product_tag-ramassage-crane-12v-300kg","17":"product_tag-recogida-de-la-grua-12v-300kg","18":"product_tag---12v-300kg","19":"product_shipping_class-ferramentas-grandes","21":"first","22":"onbackorder","23":"taxable","24":"shipping-taxable","25":"purchasable","26":"product-type-simple"},"_links":{"self":[{"href":"https:\/\/occasionmachines.com\/pt\/wp-json\/wp\/v2\/product\/4644","targetHints":{"allow":["GET"]}}],"collection":[{"href":"https:\/\/occasionmachines.com\/pt\/wp-json\/wp\/v2\/product"}],"about":[{"href":"https:\/\/occasionmachines.com\/pt\/wp-json\/wp\/v2\/types\/product"}],"replies":[{"embeddable":true,"href":"https:\/\/occasionmachines.com\/pt\/wp-json\/wp\/v2\/comments?post=4644"}],"wp:featuredmedia":[{"embeddable":true,"href":"https:\/\/occasionmachines.com\/pt\/wp-json\/wp\/v2\/media\/4645"}],"wp:attachment":[{"href":"https:\/\/occasionmachines.com\/pt\/wp-json\/wp\/v2\/media?parent=4644"}],"wp:term":[{"taxonomy":"product_brand","embeddable":true,"href":"https:\/\/occasionmachines.com\/pt\/wp-json\/wp\/v2\/product_brand?post=4644"},{"taxonomy":"product_cat","embeddable":true,"href":"https:\/\/occasionmachines.com\/pt\/wp-json\/wp\/v2\/product_cat?post=4644"},{"taxonomy":"product_tag","embeddable":true,"href":"https:\/\/occasionmachines.com\/pt\/wp-json\/wp\/v2\/product_tag?post=4644"}],"curies":[{"name":"wp","href":"https:\/\/api.w.org\/{rel}","templated":true}]}}