{"id":46630,"date":"2020-11-02T15:11:04","date_gmt":"2020-11-02T15:11:04","guid":{"rendered":"https:\/\/occasionmachines.com\/?post_type=product&#038;p=46630"},"modified":"2022-01-17T18:30:53","modified_gmt":"2022-01-17T18:30:53","slug":"compressor-de-ar-200l-7-5hp-trifasico","status":"publish","type":"product","link":"https:\/\/occasionmachines.com\/pt\/produto\/compressor-de-ar-200l-7-5hp-trifasico\/","title":{"rendered":"Compressor de Ar 200L 7.5Hp Trif\u00e1sico"},"content":{"rendered":"<p>DESPLA\u00c7AMENTO DO AR \/ PRESS\u00c3O DE EXAUST\u00c3O<br \/>\n1,2 M \/MIN &#8212; 0,7 3 MPA<br \/>\n1,1 M \/MIN &#8212; 0,8 3 MPA<br \/>\n0,95 M \/MIN &#8212; 1 3 MPA<br \/>\n0,8 M \/MIN &#8212; 1,2 3 MPA<br \/>\nREFRIGERADO A AR<br \/>\nTRIF\u00c1SICO<\/p>\n<p>C\/ \u00d3LEO<\/p>\n<p><strong>Dados T\u00e9cnicos<\/strong><\/p>\n<ul>\n<li>Pot\u00eancia 7.5Kw<\/li>\n<li>Dep\u00f3sito 200L<\/li>\n<li>Ruido 62db(A)<\/li>\n<\/ul>\n<p><strong>Embalagem<\/strong><\/p>\n<ul>\n<li>Altura 153.00 cm<\/li>\n<li>Largura 156.00 cm<\/li>\n<li>Comprimento 72.00 cm<\/li>\n<li>Peso Bruto 350.00 Kg<\/li>\n<li>Peso L\u00edquido 350.00 Kg<\/li>\n<\/ul>\n<p><\/p>","protected":false},"excerpt":{"rendered":"<p>DESPLA\u00c7AMENTO DO AR \/ PRESS\u00c3O DE EXAUST\u00c3O 1,2 M \/MIN &#8212; 0,7 3 MPA 1,1 M \/MIN &#8212; 0,8 3 MPA 0,95 M \/MIN &#8212; 1 3 MPA 0,8 M \/MIN &#8212; 1,2 3 MPA REFRIGERADO A AR TRIF\u00c1SICO C\/ \u00d3LEO Dados T\u00e9cnicos Pot\u00eancia 7.5Kw Dep\u00f3sito 200L Ruido 62db(A) Embalagem Altura 153.00 cm Largura 156.00 [&hellip;]<\/p>\n","protected":false},"featured_media":46634,"comment_status":"open","ping_status":"closed","template":"","meta":[],"product_brand":[],"product_cat":[4810],"product_tag":[],"class_list":{"0":"post-46630","1":"product","2":"type-product","3":"status-publish","4":"has-post-thumbnail","6":"product_cat-compressores","7":"product_shipping_class-maquinas-medias","9":"first","10":"onbackorder","11":"taxable","12":"shipping-taxable","13":"purchasable","14":"product-type-simple"},"_links":{"self":[{"href":"https:\/\/occasionmachines.com\/pt\/wp-json\/wp\/v2\/product\/46630","targetHints":{"allow":["GET"]}}],"collection":[{"href":"https:\/\/occasionmachines.com\/pt\/wp-json\/wp\/v2\/product"}],"about":[{"href":"https:\/\/occasionmachines.com\/pt\/wp-json\/wp\/v2\/types\/product"}],"replies":[{"embeddable":true,"href":"https:\/\/occasionmachines.com\/pt\/wp-json\/wp\/v2\/comments?post=46630"}],"wp:featuredmedia":[{"embeddable":true,"href":"https:\/\/occasionmachines.com\/pt\/wp-json\/wp\/v2\/media\/46634"}],"wp:attachment":[{"href":"https:\/\/occasionmachines.com\/pt\/wp-json\/wp\/v2\/media?parent=46630"}],"wp:term":[{"taxonomy":"product_brand","embeddable":true,"href":"https:\/\/occasionmachines.com\/pt\/wp-json\/wp\/v2\/product_brand?post=46630"},{"taxonomy":"product_cat","embeddable":true,"href":"https:\/\/occasionmachines.com\/pt\/wp-json\/wp\/v2\/product_cat?post=46630"},{"taxonomy":"product_tag","embeddable":true,"href":"https:\/\/occasionmachines.com\/pt\/wp-json\/wp\/v2\/product_tag?post=46630"}],"curies":[{"name":"wp","href":"https:\/\/api.w.org\/{rel}","templated":true}]}}