{"id":46637,"date":"2020-11-02T15:20:10","date_gmt":"2020-11-02T15:20:10","guid":{"rendered":"https:\/\/occasionmachines.com\/?post_type=product&#038;p=46637"},"modified":"2022-01-17T20:44:29","modified_gmt":"2022-01-17T20:44:29","slug":"compressor-de-ar-gasolina-eletrico-200l-5-5hp","status":"publish","type":"product","link":"https:\/\/occasionmachines.com\/pt\/produto\/compressor-de-ar-gasolina-eletrico-200l-5-5hp\/","title":{"rendered":"Compressor de Ar Gasolina + El\u00e9trico 200L 5.5HP"},"content":{"rendered":"<p>GASOLINA &#8211; EL\u00c9CTRICO<\/p>\n<p>CORREIA<\/p>\n<p><span id=\"highlightValue\" class=\"spanVal\">C\/ RODAS<\/span><\/p>\n<p>C\/ OLEO<\/p>\n<p><strong>Dados T\u00e9cnicos<\/strong><\/p>\n<ul>\n<li>Dep\u00f3sito 200L<\/li>\n<li>Pot\u00eancia 5.5 Hp \/ 3 Hp<\/li>\n<li>R.P.M. 950RPM<\/li>\n<li>Capacidade de ar 250 L\/min<\/li>\n<li>Press\u00e3o 8 Bar &#8211; 116PSI<\/li>\n<li>Voltagem 230V\/50Hz<\/li>\n<li>Ruido 65 dB<\/li>\n<li>Peso 125Kg<\/li>\n<\/ul>\n<p><strong>Embalagem<\/strong><\/p>\n<ul>\n<li>Altura 156.00 cm<\/li>\n<li>Largura 96.00 cm<\/li>\n<li>Comprimento 50.00 cm<\/li>\n<li>Peso Bruto 140.00 Kg<\/li>\n<li>Peso L\u00edquido 140.00 Kg<\/li>\n<\/ul>\n<p><\/p>","protected":false},"excerpt":{"rendered":"<p>GASOLINA &#8211; EL\u00c9CTRICO CORREIA C\/ RODAS C\/ OLEO Dados T\u00e9cnicos Dep\u00f3sito 200L Pot\u00eancia 5.5 Hp \/ 3 Hp R.P.M. 950RPM Capacidade de ar 250 L\/min Press\u00e3o 8 Bar &#8211; 116PSI Voltagem 230V\/50Hz Ruido 65 dB Peso 125Kg Embalagem Altura 156.00 cm Largura 96.00 cm Comprimento 50.00 cm Peso Bruto 140.00 Kg Peso L\u00edquido 140.00 Kg<\/p>\n","protected":false},"featured_media":46642,"comment_status":"open","ping_status":"closed","template":"","meta":[],"product_brand":[],"product_cat":[4810],"product_tag":[],"class_list":{"0":"post-46637","1":"product","2":"type-product","3":"status-publish","4":"has-post-thumbnail","6":"product_cat-compressores","7":"product_shipping_class-maquinas-pequenas","9":"first","10":"onbackorder","11":"taxable","12":"shipping-taxable","13":"purchasable","14":"product-type-simple"},"_links":{"self":[{"href":"https:\/\/occasionmachines.com\/pt\/wp-json\/wp\/v2\/product\/46637","targetHints":{"allow":["GET"]}}],"collection":[{"href":"https:\/\/occasionmachines.com\/pt\/wp-json\/wp\/v2\/product"}],"about":[{"href":"https:\/\/occasionmachines.com\/pt\/wp-json\/wp\/v2\/types\/product"}],"replies":[{"embeddable":true,"href":"https:\/\/occasionmachines.com\/pt\/wp-json\/wp\/v2\/comments?post=46637"}],"wp:featuredmedia":[{"embeddable":true,"href":"https:\/\/occasionmachines.com\/pt\/wp-json\/wp\/v2\/media\/46642"}],"wp:attachment":[{"href":"https:\/\/occasionmachines.com\/pt\/wp-json\/wp\/v2\/media?parent=46637"}],"wp:term":[{"taxonomy":"product_brand","embeddable":true,"href":"https:\/\/occasionmachines.com\/pt\/wp-json\/wp\/v2\/product_brand?post=46637"},{"taxonomy":"product_cat","embeddable":true,"href":"https:\/\/occasionmachines.com\/pt\/wp-json\/wp\/v2\/product_cat?post=46637"},{"taxonomy":"product_tag","embeddable":true,"href":"https:\/\/occasionmachines.com\/pt\/wp-json\/wp\/v2\/product_tag?post=46637"}],"curies":[{"name":"wp","href":"https:\/\/api.w.org\/{rel}","templated":true}]}}