{"id":46728,"date":"2020-11-02T21:52:50","date_gmt":"2020-11-02T21:52:50","guid":{"rendered":"https:\/\/occasionmachines.com\/?post_type=product&#038;p=46728"},"modified":"2022-01-17T19:39:50","modified_gmt":"2022-01-17T19:39:50","slug":"porta-paletes-1-5t-eletrico","status":"publish","type":"product","link":"https:\/\/occasionmachines.com\/pt\/produto\/porta-paletes-1-5t-eletrico\/","title":{"rendered":"Porta Paletes 1.5T El\u00e9trico"},"content":{"rendered":"<p>MANOBRAR EL\u00c9TRICO<br \/>\nSUBIR\/DESCER EL\u00c9CTRICO<br \/>\nLARGURA GARFOS: 550MM<br \/>\nCOMPRIMENTO GARFOS: 1150 MM<\/p>\n<p><strong>Dados T\u00e9cnicos<\/strong><\/p>\n<ul>\n<li>Carga 1.5T<\/li>\n<li>Eleva\u00e7\u00e3o Max. 200 mm \u00bb 85 mm<\/li>\n<li>Bateria 24V 20Ah L\u00edtio<\/li>\n<\/ul>\n<p><strong>Embalagem<\/strong><\/p>\n<ul>\n<li>Altura 115.00 cm<\/li>\n<li>Largura 55.00 cm<\/li>\n<li>Comprimento 85.00 cm<\/li>\n<li>Peso Bruto 120.00 Kg<\/li>\n<li>Peso L\u00edquido 120.00 Kg<\/li>\n<\/ul>\n<p><\/p>","protected":false},"excerpt":{"rendered":"<p>MANOBRAR EL\u00c9TRICO SUBIR\/DESCER EL\u00c9CTRICO LARGURA GARFOS: 550MM COMPRIMENTO GARFOS: 1150 MM Dados T\u00e9cnicos Carga 1.5T Eleva\u00e7\u00e3o Max. 200 mm \u00bb 85 mm Bateria 24V 20Ah L\u00edtio Embalagem Altura 115.00 cm Largura 55.00 cm Comprimento 85.00 cm Peso Bruto 120.00 Kg Peso L\u00edquido 120.00 Kg<\/p>\n","protected":false},"featured_media":46736,"comment_status":"open","ping_status":"closed","template":"","meta":[],"product_brand":[],"product_cat":[5778],"product_tag":[],"class_list":{"0":"post-46728","1":"product","2":"type-product","3":"status-publish","4":"has-post-thumbnail","6":"product_cat-porta-paletes","7":"product_shipping_class-maquinas-pequenas","9":"first","10":"onbackorder","11":"taxable","12":"shipping-taxable","13":"purchasable","14":"product-type-simple"},"_links":{"self":[{"href":"https:\/\/occasionmachines.com\/pt\/wp-json\/wp\/v2\/product\/46728","targetHints":{"allow":["GET"]}}],"collection":[{"href":"https:\/\/occasionmachines.com\/pt\/wp-json\/wp\/v2\/product"}],"about":[{"href":"https:\/\/occasionmachines.com\/pt\/wp-json\/wp\/v2\/types\/product"}],"replies":[{"embeddable":true,"href":"https:\/\/occasionmachines.com\/pt\/wp-json\/wp\/v2\/comments?post=46728"}],"wp:featuredmedia":[{"embeddable":true,"href":"https:\/\/occasionmachines.com\/pt\/wp-json\/wp\/v2\/media\/46736"}],"wp:attachment":[{"href":"https:\/\/occasionmachines.com\/pt\/wp-json\/wp\/v2\/media?parent=46728"}],"wp:term":[{"taxonomy":"product_brand","embeddable":true,"href":"https:\/\/occasionmachines.com\/pt\/wp-json\/wp\/v2\/product_brand?post=46728"},{"taxonomy":"product_cat","embeddable":true,"href":"https:\/\/occasionmachines.com\/pt\/wp-json\/wp\/v2\/product_cat?post=46728"},{"taxonomy":"product_tag","embeddable":true,"href":"https:\/\/occasionmachines.com\/pt\/wp-json\/wp\/v2\/product_tag?post=46728"}],"curies":[{"name":"wp","href":"https:\/\/api.w.org\/{rel}","templated":true}]}}