{"id":46732,"date":"2020-11-02T21:59:58","date_gmt":"2020-11-02T21:59:58","guid":{"rendered":"https:\/\/occasionmachines.com\/?post_type=product&#038;p=46732"},"modified":"2022-01-17T20:02:27","modified_gmt":"2022-01-17T20:02:27","slug":"porta-palete-semi-eletrico-1-5t","status":"publish","type":"product","link":"https:\/\/occasionmachines.com\/pt\/produto\/porta-palete-semi-eletrico-1-5t\/","title":{"rendered":"Porta Palete Semi-El\u00e9trico 1.5T"},"content":{"rendered":"<p>MANOBRAR EL\u00c9TRICO<br \/>\nSUBIR\/DESCER MANUAL<br \/>\nDESTAQUES LARGURA GARFOS: 550MM<br \/>\nCOMPRIMENTO GARFOS: 1150MM<\/p>\n<p><strong>Dados T\u00e9cnicos<\/strong><\/p>\n<ul>\n<li>Carga 1.5T<\/li>\n<li>Eleva\u00e7\u00e3o Max. 200 mm \u00bb 85 mm<\/li>\n<li>Bateria 24V 20Ah L\u00edtio<\/li>\n<\/ul>\n<p><strong>Embalagem<\/strong><\/p>\n<ul>\n<li>Altura 11.50 cm<\/li>\n<li>Largura 5.50 cm<\/li>\n<li>Comprimento 8.50 cm<\/li>\n<li>Peso Bruto 120.00 Kg<\/li>\n<li>Peso L\u00edquido 120.00 Kg<\/li>\n<\/ul>\n<p><\/p>","protected":false},"excerpt":{"rendered":"<p>MANOBRAR EL\u00c9TRICO SUBIR\/DESCER MANUAL DESTAQUES LARGURA GARFOS: 550MM COMPRIMENTO GARFOS: 1150MM Dados T\u00e9cnicos Carga 1.5T Eleva\u00e7\u00e3o Max. 200 mm \u00bb 85 mm Bateria 24V 20Ah L\u00edtio Embalagem Altura 11.50 cm Largura 5.50 cm Comprimento 8.50 cm Peso Bruto 120.00 Kg Peso L\u00edquido 120.00 Kg<\/p>\n","protected":false},"featured_media":46740,"comment_status":"open","ping_status":"closed","template":"","meta":[],"product_brand":[],"product_cat":[5778],"product_tag":[],"class_list":{"0":"post-46732","1":"product","2":"type-product","3":"status-publish","4":"has-post-thumbnail","6":"product_cat-porta-paletes","7":"product_shipping_class-maquinas-pequenas","9":"first","10":"onbackorder","11":"taxable","12":"shipping-taxable","13":"purchasable","14":"product-type-simple"},"_links":{"self":[{"href":"https:\/\/occasionmachines.com\/pt\/wp-json\/wp\/v2\/product\/46732","targetHints":{"allow":["GET"]}}],"collection":[{"href":"https:\/\/occasionmachines.com\/pt\/wp-json\/wp\/v2\/product"}],"about":[{"href":"https:\/\/occasionmachines.com\/pt\/wp-json\/wp\/v2\/types\/product"}],"replies":[{"embeddable":true,"href":"https:\/\/occasionmachines.com\/pt\/wp-json\/wp\/v2\/comments?post=46732"}],"wp:featuredmedia":[{"embeddable":true,"href":"https:\/\/occasionmachines.com\/pt\/wp-json\/wp\/v2\/media\/46740"}],"wp:attachment":[{"href":"https:\/\/occasionmachines.com\/pt\/wp-json\/wp\/v2\/media?parent=46732"}],"wp:term":[{"taxonomy":"product_brand","embeddable":true,"href":"https:\/\/occasionmachines.com\/pt\/wp-json\/wp\/v2\/product_brand?post=46732"},{"taxonomy":"product_cat","embeddable":true,"href":"https:\/\/occasionmachines.com\/pt\/wp-json\/wp\/v2\/product_cat?post=46732"},{"taxonomy":"product_tag","embeddable":true,"href":"https:\/\/occasionmachines.com\/pt\/wp-json\/wp\/v2\/product_tag?post=46732"}],"curies":[{"name":"wp","href":"https:\/\/api.w.org\/{rel}","templated":true}]}}