{"id":47020,"date":"2020-11-04T18:25:20","date_gmt":"2020-11-04T18:25:20","guid":{"rendered":"https:\/\/occasionmachines.com\/?post_type=product&#038;p=47020"},"modified":"2023-05-29T15:23:32","modified_gmt":"2023-05-29T14:23:32","slug":"tanque-movel-para-combustivel-440l-2","status":"publish","type":"product","link":"https:\/\/occasionmachines.com\/pt\/produto\/tanque-movel-para-combustivel-440l-2\/","title":{"rendered":"Tanque M\u00f3vel para Combust\u00edvel 440L"},"content":{"rendered":"<p><strong>Dados T\u00e9cnicos<\/strong><\/p>\n<ul>\n<li>Volume 440L<\/li>\n<li>Pot\u00eancia 12V<\/li>\n<li>Acess\u00f3rios Pistola autom\u00e1tica, sem contador<\/li>\n<li>L\/Min 40L<\/li>\n<\/ul>\n<p><strong>Embalagem<\/strong><\/p>\n<ul>\n<li>Altura 70.00 cm<\/li>\n<li>Largura 117.00 cm<\/li>\n<li>Comprimento 79.00 cm<\/li>\n<li>Peso Bruto 40.00 Kg<\/li>\n<li>Peso L\u00edquido 40.00 Kg<\/li>\n<\/ul>\n<p><\/p>","protected":false},"excerpt":{"rendered":"<p>Dados T\u00e9cnicos Volume 440L Pot\u00eancia 12V Acess\u00f3rios Pistola autom\u00e1tica, sem contador L\/Min 40L Embalagem Altura 70.00 cm Largura 117.00 cm Comprimento 79.00 cm Peso Bruto 40.00 Kg Peso L\u00edquido 40.00 Kg<\/p>\n","protected":false},"featured_media":47022,"comment_status":"open","ping_status":"closed","template":"","meta":[],"product_brand":[],"product_cat":[7798],"product_tag":[],"class_list":{"0":"post-47020","1":"product","2":"type-product","3":"status-publish","4":"has-post-thumbnail","6":"product_cat-ferramentas-ferramentas","7":"product_shipping_class-ferramentas-grandes","9":"first","10":"onbackorder","11":"taxable","12":"shipping-taxable","13":"purchasable","14":"product-type-simple"},"_links":{"self":[{"href":"https:\/\/occasionmachines.com\/pt\/wp-json\/wp\/v2\/product\/47020","targetHints":{"allow":["GET"]}}],"collection":[{"href":"https:\/\/occasionmachines.com\/pt\/wp-json\/wp\/v2\/product"}],"about":[{"href":"https:\/\/occasionmachines.com\/pt\/wp-json\/wp\/v2\/types\/product"}],"replies":[{"embeddable":true,"href":"https:\/\/occasionmachines.com\/pt\/wp-json\/wp\/v2\/comments?post=47020"}],"wp:featuredmedia":[{"embeddable":true,"href":"https:\/\/occasionmachines.com\/pt\/wp-json\/wp\/v2\/media\/47022"}],"wp:attachment":[{"href":"https:\/\/occasionmachines.com\/pt\/wp-json\/wp\/v2\/media?parent=47020"}],"wp:term":[{"taxonomy":"product_brand","embeddable":true,"href":"https:\/\/occasionmachines.com\/pt\/wp-json\/wp\/v2\/product_brand?post=47020"},{"taxonomy":"product_cat","embeddable":true,"href":"https:\/\/occasionmachines.com\/pt\/wp-json\/wp\/v2\/product_cat?post=47020"},{"taxonomy":"product_tag","embeddable":true,"href":"https:\/\/occasionmachines.com\/pt\/wp-json\/wp\/v2\/product_tag?post=47020"}],"curies":[{"name":"wp","href":"https:\/\/api.w.org\/{rel}","templated":true}]}}