{"id":47036,"date":"2020-11-04T18:40:26","date_gmt":"2020-11-04T18:40:26","guid":{"rendered":"https:\/\/occasionmachines.com\/?post_type=product&#038;p=47036"},"modified":"2024-05-15T16:30:27","modified_gmt":"2024-05-15T15:30:27","slug":"porta-paletes-eletrico-1-5t","status":"publish","type":"product","link":"https:\/\/occasionmachines.com\/pt\/produto\/porta-paletes-eletrico-1-5t\/","title":{"rendered":"Porta-Paletes El\u00e9trico 1.5T"},"content":{"rendered":"<p>EL\u00c9TRICO<\/p>\n<p><strong>Dados T\u00e9cnicos<\/strong><\/p>\n<ul>\n<li>Carga 1.5T<\/li>\n<li>Altura De Eleva\u00e7\u00e3o 82-200mm<\/li>\n<li>Largura Garfos 550mm<\/li>\n<li>Comprimento Garfos 1150mm<\/li>\n<li>Bateria 24V, 20AH, L\u00edtio<\/li>\n<\/ul>\n<p><strong>Embalagem<\/strong><\/p>\n<ul>\n<li>Altura 120.00 cm<\/li>\n<li>Largura 80.00 cm<\/li>\n<li>Comprimento 150.00 cm<\/li>\n<li>Peso Bruto 120.00 Kg<\/li>\n<li>Peso L\u00edquido 120.00 Kg<\/li>\n<\/ul>\n<p><\/p>","protected":false},"excerpt":{"rendered":"<p>EL\u00c9TRICO Dados T\u00e9cnicos Carga 1.5T Altura De Eleva\u00e7\u00e3o 82-200mm Largura Garfos 550mm Comprimento Garfos 1150mm Bateria 24V, 20AH, L\u00edtio Embalagem Altura 120.00 cm Largura 80.00 cm Comprimento 150.00 cm Peso Bruto 120.00 Kg Peso L\u00edquido 120.00 Kg<\/p>\n","protected":false},"featured_media":47039,"comment_status":"open","ping_status":"closed","template":"","meta":[],"product_brand":[],"product_cat":[5778],"product_tag":[],"class_list":{"0":"post-47036","1":"product","2":"type-product","3":"status-publish","4":"has-post-thumbnail","6":"product_cat-porta-paletes","7":"product_shipping_class-maquinas-pequenas","9":"first","10":"onbackorder","11":"taxable","12":"shipping-taxable","13":"purchasable","14":"product-type-simple"},"_links":{"self":[{"href":"https:\/\/occasionmachines.com\/pt\/wp-json\/wp\/v2\/product\/47036","targetHints":{"allow":["GET"]}}],"collection":[{"href":"https:\/\/occasionmachines.com\/pt\/wp-json\/wp\/v2\/product"}],"about":[{"href":"https:\/\/occasionmachines.com\/pt\/wp-json\/wp\/v2\/types\/product"}],"replies":[{"embeddable":true,"href":"https:\/\/occasionmachines.com\/pt\/wp-json\/wp\/v2\/comments?post=47036"}],"wp:featuredmedia":[{"embeddable":true,"href":"https:\/\/occasionmachines.com\/pt\/wp-json\/wp\/v2\/media\/47039"}],"wp:attachment":[{"href":"https:\/\/occasionmachines.com\/pt\/wp-json\/wp\/v2\/media?parent=47036"}],"wp:term":[{"taxonomy":"product_brand","embeddable":true,"href":"https:\/\/occasionmachines.com\/pt\/wp-json\/wp\/v2\/product_brand?post=47036"},{"taxonomy":"product_cat","embeddable":true,"href":"https:\/\/occasionmachines.com\/pt\/wp-json\/wp\/v2\/product_cat?post=47036"},{"taxonomy":"product_tag","embeddable":true,"href":"https:\/\/occasionmachines.com\/pt\/wp-json\/wp\/v2\/product_tag?post=47036"}],"curies":[{"name":"wp","href":"https:\/\/api.w.org\/{rel}","templated":true}]}}