{"id":4709,"date":"2016-05-19T15:11:44","date_gmt":"2016-05-19T14:11:44","guid":{"rendered":"http:\/\/occasionmachines.com\/?post_type=product&#038;p=4709"},"modified":"2025-03-07T18:05:49","modified_gmt":"2025-03-07T18:05:49","slug":"prensa-hidraulica-30t-de-mao","status":"publish","type":"product","link":"https:\/\/occasionmachines.com\/pt\/produto\/prensa-hidraulica-30t-de-mao\/","title":{"rendered":"Prensa Hidraulica 30T de m\u00e3o"},"content":{"rendered":"<p><strong>Caracter\u00edsticas:<\/strong><\/p>\n<p>Orienta\u00e7\u00f5es precisas<\/p>\n<p>Manipula\u00e7\u00e3o boa<\/p>\n<p>Indica\u00e7\u00e3o da press\u00e3o atrav\u00e9s do man\u00f3metro<\/p>\n<p>Incl. bomba hidr\u00e1ulica e 2 impress\u00e3o de placas<\/p>\n<p><strong>Dados t\u00e9cnicos:<\/strong><\/p>\n<p>Dimens\u00f5es CxLxA: 72 x 70 x 176 cent\u00edmetros<\/p>\n<p>Peso total cerca de 131 kg<\/p>\n<p>Sistema manual ou tamb\u00e9m a ar conforme video demonstrativo,<br \/>\n<iframe loading=\"lazy\" src=\"https:\/\/www.youtube.com\/embed\/Xz6WpNcD7gs\" width=\"720\" height=\"415\"><br \/>\n<\/iframe><\/p>","protected":false},"excerpt":{"rendered":"<p>Caracter\u00edsticas: Orienta\u00e7\u00f5es precisas Manipula\u00e7\u00e3o boa Indica\u00e7\u00e3o da press\u00e3o atrav\u00e9s do man\u00f3metro Incl. bomba hidr\u00e1ulica e 2 impress\u00e3o de placas Dados t\u00e9cnicos: Dimens\u00f5es CxLxA: 72 x 70 x 176 cent\u00edmetros Peso total cerca de 131 kg Sistema manual ou tamb\u00e9m a ar conforme video demonstrativo,<\/p>\n","protected":false},"featured_media":4713,"comment_status":"closed","ping_status":"closed","template":"","meta":[],"product_brand":[],"product_cat":[1692],"product_tag":[3262,3259,3263,3266,1564,3258,3257,2829,3260,3261],"class_list":{"0":"post-4709","1":"product","2":"type-product","3":"status-publish","4":"has-post-thumbnail","6":"product_cat-prensas-hidrualicas","7":"product_tag-atelier-de-presse-30t","8":"product_tag-hydraulic-press-30t","9":"product_tag-laboratorio-stampa-30t","10":"product_tag-prasa-warsztatowa-30t","11":"product_tag-prensa-hidraulica","12":"product_tag-prensa-hidraulica-30t","13":"product_tag-prensa-hidraulica-30t-de-mao","14":"product_tag-prensas-hidraulicas","15":"product_tag-taller-de-prensa-30t","16":"product_tag-werkstattpresse-30t","17":"product_shipping_class-ferramentas-medias","19":"first","20":"onbackorder","21":"featured","22":"taxable","23":"shipping-taxable","24":"purchasable","25":"product-type-simple"},"_links":{"self":[{"href":"https:\/\/occasionmachines.com\/pt\/wp-json\/wp\/v2\/product\/4709","targetHints":{"allow":["GET"]}}],"collection":[{"href":"https:\/\/occasionmachines.com\/pt\/wp-json\/wp\/v2\/product"}],"about":[{"href":"https:\/\/occasionmachines.com\/pt\/wp-json\/wp\/v2\/types\/product"}],"replies":[{"embeddable":true,"href":"https:\/\/occasionmachines.com\/pt\/wp-json\/wp\/v2\/comments?post=4709"}],"wp:featuredmedia":[{"embeddable":true,"href":"https:\/\/occasionmachines.com\/pt\/wp-json\/wp\/v2\/media\/4713"}],"wp:attachment":[{"href":"https:\/\/occasionmachines.com\/pt\/wp-json\/wp\/v2\/media?parent=4709"}],"wp:term":[{"taxonomy":"product_brand","embeddable":true,"href":"https:\/\/occasionmachines.com\/pt\/wp-json\/wp\/v2\/product_brand?post=4709"},{"taxonomy":"product_cat","embeddable":true,"href":"https:\/\/occasionmachines.com\/pt\/wp-json\/wp\/v2\/product_cat?post=4709"},{"taxonomy":"product_tag","embeddable":true,"href":"https:\/\/occasionmachines.com\/pt\/wp-json\/wp\/v2\/product_tag?post=4709"}],"curies":[{"name":"wp","href":"https:\/\/api.w.org\/{rel}","templated":true}]}}