{"id":47145,"date":"2020-11-05T01:27:58","date_gmt":"2020-11-05T01:27:58","guid":{"rendered":"https:\/\/occasionmachines.com\/?post_type=product&#038;p=47145"},"modified":"2022-01-25T08:42:31","modified_gmt":"2022-01-25T08:42:31","slug":"gerador-monofasico-com-rodas-8-0kva","status":"publish","type":"product","link":"https:\/\/occasionmachines.com\/pt\/produto\/gerador-monofasico-com-rodas-8-0kva\/","title":{"rendered":"Gerador Monof\u00e1sico com Rodas 8.0Kva"},"content":{"rendered":"<p><strong>Dados T\u00e9cnicos<\/strong><\/p>\n<ul>\n<li>Pot\u00eancia 7.7 Kva \u00bb 8.0 Kva<\/li>\n<li>Factor de Pot\u00eancia 1.0<\/li>\n<li>Ruido 78 Db(A) @ 7m<\/li>\n<li>Dep\u00f3sito 25L &#8211; Gasolina<\/li>\n<li>Autonom\u00eda 11 H (servi\u00e7o n\u00e3o-cont\u00ednuo)<\/li>\n<li>Motor 18HP<\/li>\n<li>3600RPM<\/li>\n<li>460CC<\/li>\n<li>Monocilindrico &#8211; 4 Tempos<\/li>\n<li>Arranque El\u00e9trico<\/li>\n<\/ul>\n<p><strong>Embalagem<\/strong><\/p>\n<ul>\n<li>Altura 69.00 cm<\/li>\n<li>Largura 59.00 cm<\/li>\n<li>Comprimento 53.00 cm<\/li>\n<li>Peso Bruto 93.00 Kg<\/li>\n<li>Peso L\u00edquido 91.00 Kg<\/li>\n<\/ul>\n<p><\/p>","protected":false},"excerpt":{"rendered":"<p>Dados T\u00e9cnicos Pot\u00eancia 7.7 Kva \u00bb 8.0 Kva Factor de Pot\u00eancia 1.0 Ruido 78 Db(A) @ 7m Dep\u00f3sito 25L &#8211; Gasolina Autonom\u00eda 11 H (servi\u00e7o n\u00e3o-cont\u00ednuo) Motor 18HP 3600RPM 460CC Monocilindrico &#8211; 4 Tempos Arranque El\u00e9trico Embalagem Altura 69.00 cm Largura 59.00 cm Comprimento 53.00 cm Peso Bruto 93.00 Kg Peso L\u00edquido 91.00 Kg<\/p>\n","protected":false},"featured_media":47148,"comment_status":"open","ping_status":"closed","template":"","meta":[],"product_brand":[],"product_cat":[4728],"product_tag":[],"class_list":{"0":"post-47145","1":"product","2":"type-product","3":"status-publish","4":"has-post-thumbnail","6":"product_cat-geradores","7":"product_shipping_class-maquinas-pequenas","9":"first","10":"onbackorder","11":"taxable","12":"shipping-taxable","13":"purchasable","14":"product-type-simple"},"_links":{"self":[{"href":"https:\/\/occasionmachines.com\/pt\/wp-json\/wp\/v2\/product\/47145","targetHints":{"allow":["GET"]}}],"collection":[{"href":"https:\/\/occasionmachines.com\/pt\/wp-json\/wp\/v2\/product"}],"about":[{"href":"https:\/\/occasionmachines.com\/pt\/wp-json\/wp\/v2\/types\/product"}],"replies":[{"embeddable":true,"href":"https:\/\/occasionmachines.com\/pt\/wp-json\/wp\/v2\/comments?post=47145"}],"wp:featuredmedia":[{"embeddable":true,"href":"https:\/\/occasionmachines.com\/pt\/wp-json\/wp\/v2\/media\/47148"}],"wp:attachment":[{"href":"https:\/\/occasionmachines.com\/pt\/wp-json\/wp\/v2\/media?parent=47145"}],"wp:term":[{"taxonomy":"product_brand","embeddable":true,"href":"https:\/\/occasionmachines.com\/pt\/wp-json\/wp\/v2\/product_brand?post=47145"},{"taxonomy":"product_cat","embeddable":true,"href":"https:\/\/occasionmachines.com\/pt\/wp-json\/wp\/v2\/product_cat?post=47145"},{"taxonomy":"product_tag","embeddable":true,"href":"https:\/\/occasionmachines.com\/pt\/wp-json\/wp\/v2\/product_tag?post=47145"}],"curies":[{"name":"wp","href":"https:\/\/api.w.org\/{rel}","templated":true}]}}