{"id":4715,"date":"2016-05-19T15:36:34","date_gmt":"2016-05-19T14:36:34","guid":{"rendered":"http:\/\/occasionmachines.com\/?post_type=product&#038;p=4715"},"modified":"2025-03-07T18:04:53","modified_gmt":"2025-03-07T18:04:53","slug":"prensa-hidraulica-50t","status":"publish","type":"product","link":"https:\/\/occasionmachines.com\/pt\/produto\/prensa-hidraulica-50t\/","title":{"rendered":"Prensa Hidraulica 50T"},"content":{"rendered":"<p><strong>Caracter\u00edsticas:<\/strong><\/p>\n<p>A opera\u00e7\u00e3o manual<\/p>\n<p>Manipula\u00e7\u00e3o boa<\/p>\n<p>Indica\u00e7\u00e3o da press\u00e3o atrav\u00e9s do man\u00f4metro<\/p>\n<p>Guincho pr\u00e1tico para ajuste da barra de press\u00e3o<\/p>\n<p>Poss\u00edvel do solo de montagem (ap\u00f3s a perfura\u00e7\u00e3o!)<\/p>\n<p>Incl. Bomba hidr\u00e1ulica com 2 cilindros e 2 impress\u00e3o placas<\/p>\n<p><strong>Especifica\u00e7\u00f5es:<\/strong><\/p>\n<p>Dimens\u00f5es b\u00e1sicas CxLxA: 80x128x182 cm<\/p>\n<p>Peso total: 235 kg<\/p>","protected":false},"excerpt":{"rendered":"<p>Caracter\u00edsticas: A opera\u00e7\u00e3o manual Manipula\u00e7\u00e3o boa Indica\u00e7\u00e3o da press\u00e3o atrav\u00e9s do man\u00f4metro Guincho pr\u00e1tico para ajuste da barra de press\u00e3o Poss\u00edvel do solo de montagem (ap\u00f3s a perfura\u00e7\u00e3o!) Incl. Bomba hidr\u00e1ulica com 2 cilindros e 2 impress\u00e3o placas Especifica\u00e7\u00f5es: Dimens\u00f5es b\u00e1sicas CxLxA: 80x128x182 cm Peso total: 235 kg<\/p>\n","protected":false},"featured_media":4716,"comment_status":"closed","ping_status":"closed","template":"","meta":[],"product_brand":[],"product_cat":[1692],"product_tag":[1564,3268,2816,4517,2829,3269,3270,3276],"class_list":{"0":"post-4715","1":"product","2":"type-product","3":"status-publish","4":"has-post-thumbnail","6":"product_cat-prensas-hidrualicas","7":"product_tag-prensa-hidraulica","8":"product_tag-prensa-hidraulica-50t","9":"product_tag-prensa-hidraulica-com-manometro","10":"product_tag-prensa-hidraulica-manual","11":"product_tag-prensas-hidraulicas","12":"product_tag-taller-de-prensa-50t","13":"product_tag-werkstattpresse-50t","14":"product_tag-workshop-lis-50t","15":"product_shipping_class-ferramentas-grandes","17":"first","18":"onbackorder","19":"taxable","20":"shipping-taxable","21":"purchasable","22":"product-type-simple"},"_links":{"self":[{"href":"https:\/\/occasionmachines.com\/pt\/wp-json\/wp\/v2\/product\/4715","targetHints":{"allow":["GET"]}}],"collection":[{"href":"https:\/\/occasionmachines.com\/pt\/wp-json\/wp\/v2\/product"}],"about":[{"href":"https:\/\/occasionmachines.com\/pt\/wp-json\/wp\/v2\/types\/product"}],"replies":[{"embeddable":true,"href":"https:\/\/occasionmachines.com\/pt\/wp-json\/wp\/v2\/comments?post=4715"}],"wp:featuredmedia":[{"embeddable":true,"href":"https:\/\/occasionmachines.com\/pt\/wp-json\/wp\/v2\/media\/4716"}],"wp:attachment":[{"href":"https:\/\/occasionmachines.com\/pt\/wp-json\/wp\/v2\/media?parent=4715"}],"wp:term":[{"taxonomy":"product_brand","embeddable":true,"href":"https:\/\/occasionmachines.com\/pt\/wp-json\/wp\/v2\/product_brand?post=4715"},{"taxonomy":"product_cat","embeddable":true,"href":"https:\/\/occasionmachines.com\/pt\/wp-json\/wp\/v2\/product_cat?post=4715"},{"taxonomy":"product_tag","embeddable":true,"href":"https:\/\/occasionmachines.com\/pt\/wp-json\/wp\/v2\/product_tag?post=4715"}],"curies":[{"name":"wp","href":"https:\/\/api.w.org\/{rel}","templated":true}]}}