{"id":4723,"date":"2016-05-19T16:29:21","date_gmt":"2016-05-19T16:29:21","guid":{"rendered":"http:\/\/occasionmachines.com\/?post_type=product&#038;p=4723"},"modified":"2025-03-07T18:04:27","modified_gmt":"2025-03-07T18:04:27","slug":"prensa-hidraulica-75t","status":"publish","type":"product","link":"https:\/\/occasionmachines.com\/pt\/produto\/prensa-hidraulica-75t\/","title":{"rendered":"Prensa Hidraulica 75T"},"content":{"rendered":"<p><strong>Caracter\u00edsticas:<\/strong><\/p>\n<p>Design de alta qualidade<\/p>\n<p>Orienta\u00e7\u00f5es precisas<\/p>\n<p>Unidade de cilindro de press\u00e3o m\u00f3vel<\/p>\n<p>Guincho pr\u00e1tico<\/p>\n<p>Controle de p\u00e9 pneum\u00e1tico<\/p>\n<p>O visor de press\u00e3o atrav\u00e9s do man\u00f3metro<\/p>\n<p>2 chapas de impress\u00e3o &#8211; usados \u200b\u200bem ambos os lados com mola\u00a0de seguran\u00e7a<\/p>\n<p>Retorno autom\u00e1tico do pist\u00e3o ao abrir o parafuso<\/p>\n<p>Possibilidade de montagem em piso<br \/>\n<strong>Especifica\u00e7\u00f5es:<\/strong><\/p>\n<p>&nbsp;<\/p>\n<p>Max press\u00e3o. 75 toneladas<\/p>\n<p>Faixa de trabalho vertical: 0 &#8211; 88 cm<\/p>\n<p>Max. Largura de trabalho Horizontal: 80 cm<\/p>\n<p>\u00cambolo: \u00d8 9,2 cm<\/p>\n<p>Almofada de carimbo: \u00d8 7,8 cm<\/p>\n<p>2x chapas de impress\u00e3o CxLxA: 13&#215;29,5&#215;4 cm<\/p>\n<p>Pedal para ar comprimido: 160 cm<\/p>\n<p>Press\u00e3o de ar recomendada: 4-6 bar<\/p>\n<p>Dimens\u00f5es totais CxLxA: 141x80x190 cm<\/p>\n<p>Peso total: 440 kg<\/p>","protected":false},"excerpt":{"rendered":"<p>Caracter\u00edsticas: Design de alta qualidade Orienta\u00e7\u00f5es precisas Unidade de cilindro de press\u00e3o m\u00f3vel Guincho pr\u00e1tico Controle de p\u00e9 pneum\u00e1tico O visor de press\u00e3o atrav\u00e9s do man\u00f3metro 2 chapas de impress\u00e3o &#8211; usados \u200b\u200bem ambos os lados com mola\u00a0de seguran\u00e7a Retorno autom\u00e1tico do pist\u00e3o ao abrir o parafuso Possibilidade de montagem em piso Especifica\u00e7\u00f5es: &nbsp; Max [&hellip;]<\/p>\n","protected":false},"featured_media":4724,"comment_status":"open","ping_status":"closed","template":"","meta":[],"product_brand":[],"product_cat":[1692],"product_tag":[3283,3285,3280,3284,3287,1564,3279,3254,3281,3282,3288,3286],"class_list":{"0":"post-4723","1":"product","2":"type-product","3":"status-publish","4":"has-post-thumbnail","6":"product_cat-prensas-hidrualicas","7":"product_tag-atelier-de-presse-75t","8":"product_tag-atolye-basin-75t","9":"product_tag-hydraulic-press-75t","10":"product_tag-laboratorio-stampa-75t","11":"product_tag-prasa-warsztatowa-75t","12":"product_tag-prensa-hidraulica","13":"product_tag-prensa-hidraulica-75t","14":"product_tag-prensa-hidraulica-nova","15":"product_tag-taller-de-prensa-75t","16":"product_tag-werkstattpresse-75t","17":"product_tag-workshop-lis-75t","18":"product_tag---75t","19":"product_shipping_class-ferramentas-grandes","21":"first","22":"onbackorder","23":"taxable","24":"shipping-taxable","25":"purchasable","26":"product-type-simple"},"_links":{"self":[{"href":"https:\/\/occasionmachines.com\/pt\/wp-json\/wp\/v2\/product\/4723","targetHints":{"allow":["GET"]}}],"collection":[{"href":"https:\/\/occasionmachines.com\/pt\/wp-json\/wp\/v2\/product"}],"about":[{"href":"https:\/\/occasionmachines.com\/pt\/wp-json\/wp\/v2\/types\/product"}],"replies":[{"embeddable":true,"href":"https:\/\/occasionmachines.com\/pt\/wp-json\/wp\/v2\/comments?post=4723"}],"wp:featuredmedia":[{"embeddable":true,"href":"https:\/\/occasionmachines.com\/pt\/wp-json\/wp\/v2\/media\/4724"}],"wp:attachment":[{"href":"https:\/\/occasionmachines.com\/pt\/wp-json\/wp\/v2\/media?parent=4723"}],"wp:term":[{"taxonomy":"product_brand","embeddable":true,"href":"https:\/\/occasionmachines.com\/pt\/wp-json\/wp\/v2\/product_brand?post=4723"},{"taxonomy":"product_cat","embeddable":true,"href":"https:\/\/occasionmachines.com\/pt\/wp-json\/wp\/v2\/product_cat?post=4723"},{"taxonomy":"product_tag","embeddable":true,"href":"https:\/\/occasionmachines.com\/pt\/wp-json\/wp\/v2\/product_tag?post=4723"}],"curies":[{"name":"wp","href":"https:\/\/api.w.org\/{rel}","templated":true}]}}