{"id":47258,"date":"2020-11-05T21:59:29","date_gmt":"2020-11-05T21:59:29","guid":{"rendered":"https:\/\/occasionmachines.com\/?post_type=product&#038;p=47258"},"modified":"2022-01-17T19:31:19","modified_gmt":"2022-01-17T19:31:19","slug":"porta-paletes-1-5t-2","status":"publish","type":"product","link":"https:\/\/occasionmachines.com\/pt\/produto\/porta-paletes-1-5t-2\/","title":{"rendered":"Porta-Paletes 1.5T"},"content":{"rendered":"<p><strong>Dados T\u00e9cnicos<\/strong><\/p>\n<ul>\n<li>Altura De Eleva\u00e7\u00e3o 200 mm \u00bb 82 mm<\/li>\n<li>Bateria 48V 10Ah<\/li>\n<li>L\u00edtio<\/li>\n<li>Carga 1.5T<\/li>\n<li>Especifica\u00e7\u00e3o Largura Garfo 685mm<\/li>\n<li>Comprimento Garfo 1150mm<\/li>\n<\/ul>\n<p><strong>Embalagem<\/strong><\/p>\n<ul>\n<li>Altura 115.00 cm<\/li>\n<li>Largura 68.50 cm<\/li>\n<li>Comprimento 88.50 cm<\/li>\n<li>Peso Bruto 120.00 Kg<\/li>\n<li>Peso L\u00edquido 1.00 Kg<\/li>\n<\/ul>\n<p><\/p>","protected":false},"excerpt":{"rendered":"<p>Dados T\u00e9cnicos Altura De Eleva\u00e7\u00e3o 200 mm \u00bb 82 mm Bateria 48V 10Ah L\u00edtio Carga 1.5T Especifica\u00e7\u00e3o Largura Garfo 685mm Comprimento Garfo 1150mm Embalagem Altura 115.00 cm Largura 68.50 cm Comprimento 88.50 cm Peso Bruto 120.00 Kg Peso L\u00edquido 1.00 Kg<\/p>\n","protected":false},"featured_media":47260,"comment_status":"open","ping_status":"closed","template":"","meta":[],"product_brand":[],"product_cat":[5778],"product_tag":[],"class_list":{"0":"post-47258","1":"product","2":"type-product","3":"status-publish","4":"has-post-thumbnail","6":"product_cat-porta-paletes","7":"product_shipping_class-maquinas-pequenas","9":"first","10":"onbackorder","11":"taxable","12":"shipping-taxable","13":"purchasable","14":"product-type-simple"},"_links":{"self":[{"href":"https:\/\/occasionmachines.com\/pt\/wp-json\/wp\/v2\/product\/47258","targetHints":{"allow":["GET"]}}],"collection":[{"href":"https:\/\/occasionmachines.com\/pt\/wp-json\/wp\/v2\/product"}],"about":[{"href":"https:\/\/occasionmachines.com\/pt\/wp-json\/wp\/v2\/types\/product"}],"replies":[{"embeddable":true,"href":"https:\/\/occasionmachines.com\/pt\/wp-json\/wp\/v2\/comments?post=47258"}],"wp:featuredmedia":[{"embeddable":true,"href":"https:\/\/occasionmachines.com\/pt\/wp-json\/wp\/v2\/media\/47260"}],"wp:attachment":[{"href":"https:\/\/occasionmachines.com\/pt\/wp-json\/wp\/v2\/media?parent=47258"}],"wp:term":[{"taxonomy":"product_brand","embeddable":true,"href":"https:\/\/occasionmachines.com\/pt\/wp-json\/wp\/v2\/product_brand?post=47258"},{"taxonomy":"product_cat","embeddable":true,"href":"https:\/\/occasionmachines.com\/pt\/wp-json\/wp\/v2\/product_cat?post=47258"},{"taxonomy":"product_tag","embeddable":true,"href":"https:\/\/occasionmachines.com\/pt\/wp-json\/wp\/v2\/product_tag?post=47258"}],"curies":[{"name":"wp","href":"https:\/\/api.w.org\/{rel}","templated":true}]}}