{"id":4730,"date":"2016-05-20T15:31:39","date_gmt":"2016-05-20T15:31:39","guid":{"rendered":"http:\/\/occasionmachines.com\/?post_type=product&#038;p=4730"},"modified":"2025-03-07T18:04:17","modified_gmt":"2025-03-07T18:04:17","slug":"guilhotina-manual-1m","status":"publish","type":"product","link":"https:\/\/occasionmachines.com\/pt\/produto\/guilhotina-manual-1m\/","title":{"rendered":"Guilhotina Manual 1m"},"content":{"rendered":"<p>&nbsp;<\/p>\n<p><strong>Especifica\u00e7\u00f5es:<\/strong><\/p>\n<p>Dimens\u00f5es guilhotina\u00a0fechada: C\u00a0x L\u00a0x A: 138 x 40 x 73,5 cm<\/p>\n<p>Dimens\u00f5es guilhotina\u00a0aberta: C\u00a0x\u00a0L x A: 114 x 40 x 149 cent\u00edmetros<\/p>\n<p>Comprimento de corte 100 cent\u00edmetros<\/p>\n<p>Altura da mesa de corte: 67 cm<\/p>\n<p>Max. espessura da folha a ser cortada: 1,5 mm (alum\u00ednio e a\u00e7o inoxid\u00e1vel a 0,7 mm)<\/p>\n<p>Peso: 52,5 kg<\/p>","protected":false},"excerpt":{"rendered":"<p>&nbsp; Especifica\u00e7\u00f5es: Dimens\u00f5es guilhotina\u00a0fechada: C\u00a0x L\u00a0x A: 138 x 40 x 73,5 cm Dimens\u00f5es guilhotina\u00a0aberta: C\u00a0x\u00a0L x A: 114 x 40 x 149 cent\u00edmetros Comprimento de corte 100 cent\u00edmetros Altura da mesa de corte: 67 cm Max. espessura da folha a ser cortada: 1,5 mm (alum\u00ednio e a\u00e7o inoxid\u00e1vel a 0,7 mm) Peso: 52,5 kg<\/p>\n","protected":false},"featured_media":4731,"comment_status":"open","ping_status":"closed","template":"","meta":[],"product_brand":[],"product_cat":[1946],"product_tag":[3295,3294,3292,1949,2839,3289,3290,2842,3293,3296,3299,3291,3298,3297],"class_list":{"0":"post-4730","1":"product","2":"type-product","3":"status-publish","4":"has-post-thumbnail","6":"product_cat-guilhotinas","7":"product_tag-cesoia-1m","8":"product_tag-cisaille-1m","9":"product_tag-esquiladora-1m","10":"product_tag-guilhotina","11":"product_tag-guilhotina-manual","12":"product_tag-guilhotina-manual-1m","13":"product_tag-guilhotina-manual-nova","14":"product_tag-guilhotina-nova","15":"product_tag-handhebelschere-metall-1m","16":"product_tag-kesme-makinesi-1m","17":"product_tag-nuzky-1m","18":"product_tag-shearing-machine-1m","19":"product_tag-urzadzenie-scierajace-1m","20":"product_tag---1m","21":"product_shipping_class-ferramentas-medias","23":"first","24":"onbackorder","25":"taxable","26":"shipping-taxable","27":"purchasable","28":"product-type-simple"},"_links":{"self":[{"href":"https:\/\/occasionmachines.com\/pt\/wp-json\/wp\/v2\/product\/4730","targetHints":{"allow":["GET"]}}],"collection":[{"href":"https:\/\/occasionmachines.com\/pt\/wp-json\/wp\/v2\/product"}],"about":[{"href":"https:\/\/occasionmachines.com\/pt\/wp-json\/wp\/v2\/types\/product"}],"replies":[{"embeddable":true,"href":"https:\/\/occasionmachines.com\/pt\/wp-json\/wp\/v2\/comments?post=4730"}],"wp:featuredmedia":[{"embeddable":true,"href":"https:\/\/occasionmachines.com\/pt\/wp-json\/wp\/v2\/media\/4731"}],"wp:attachment":[{"href":"https:\/\/occasionmachines.com\/pt\/wp-json\/wp\/v2\/media?parent=4730"}],"wp:term":[{"taxonomy":"product_brand","embeddable":true,"href":"https:\/\/occasionmachines.com\/pt\/wp-json\/wp\/v2\/product_brand?post=4730"},{"taxonomy":"product_cat","embeddable":true,"href":"https:\/\/occasionmachines.com\/pt\/wp-json\/wp\/v2\/product_cat?post=4730"},{"taxonomy":"product_tag","embeddable":true,"href":"https:\/\/occasionmachines.com\/pt\/wp-json\/wp\/v2\/product_tag?post=4730"}],"curies":[{"name":"wp","href":"https:\/\/api.w.org\/{rel}","templated":true}]}}