{"id":47330,"date":"2020-11-06T01:39:05","date_gmt":"2020-11-06T01:39:05","guid":{"rendered":"https:\/\/occasionmachines.com\/?post_type=product&#038;p=47330"},"modified":"2022-01-17T20:11:50","modified_gmt":"2022-01-17T20:11:50","slug":"compressor-200l-3-0hp-com-correias-trifasico","status":"publish","type":"product","link":"https:\/\/occasionmachines.com\/pt\/produto\/compressor-200l-3-0hp-com-correias-trifasico\/","title":{"rendered":"Compressor 200L 3.0hp Com Correias Trif\u00e1sico"},"content":{"rendered":"<p><strong>Dados T\u00e9cnicos<\/strong><\/p>\n<ul>\n<li>Capacidade 200L<\/li>\n<li>Pot\u00eancia 3HP<\/li>\n<li>Corrente Trif\u00e1sica<\/li>\n<\/ul>\n<p><strong>Embalagem<\/strong><\/p>\n<ul>\n<li>Altura 113.00 cm<\/li>\n<li>Largura 150.00 cm<\/li>\n<li>Comprimento 45.00 cm<\/li>\n<li>Peso Bruto 101.00 Kg<\/li>\n<li>Peso L\u00edquido 96.00 Kg<\/li>\n<\/ul>\n<p><\/p>","protected":false},"excerpt":{"rendered":"<p>Dados T\u00e9cnicos Capacidade 200L Pot\u00eancia 3HP Corrente Trif\u00e1sica Embalagem Altura 113.00 cm Largura 150.00 cm Comprimento 45.00 cm Peso Bruto 101.00 Kg Peso L\u00edquido 96.00 Kg<\/p>\n","protected":false},"featured_media":47336,"comment_status":"open","ping_status":"closed","template":"","meta":[],"product_brand":[],"product_cat":[4810],"product_tag":[],"class_list":{"0":"post-47330","1":"product","2":"type-product","3":"status-publish","4":"has-post-thumbnail","6":"product_cat-compressores","7":"product_shipping_class-maquinas-pequenas","9":"first","10":"onbackorder","11":"taxable","12":"shipping-taxable","13":"purchasable","14":"product-type-simple"},"_links":{"self":[{"href":"https:\/\/occasionmachines.com\/pt\/wp-json\/wp\/v2\/product\/47330","targetHints":{"allow":["GET"]}}],"collection":[{"href":"https:\/\/occasionmachines.com\/pt\/wp-json\/wp\/v2\/product"}],"about":[{"href":"https:\/\/occasionmachines.com\/pt\/wp-json\/wp\/v2\/types\/product"}],"replies":[{"embeddable":true,"href":"https:\/\/occasionmachines.com\/pt\/wp-json\/wp\/v2\/comments?post=47330"}],"wp:featuredmedia":[{"embeddable":true,"href":"https:\/\/occasionmachines.com\/pt\/wp-json\/wp\/v2\/media\/47336"}],"wp:attachment":[{"href":"https:\/\/occasionmachines.com\/pt\/wp-json\/wp\/v2\/media?parent=47330"}],"wp:term":[{"taxonomy":"product_brand","embeddable":true,"href":"https:\/\/occasionmachines.com\/pt\/wp-json\/wp\/v2\/product_brand?post=47330"},{"taxonomy":"product_cat","embeddable":true,"href":"https:\/\/occasionmachines.com\/pt\/wp-json\/wp\/v2\/product_cat?post=47330"},{"taxonomy":"product_tag","embeddable":true,"href":"https:\/\/occasionmachines.com\/pt\/wp-json\/wp\/v2\/product_tag?post=47330"}],"curies":[{"name":"wp","href":"https:\/\/api.w.org\/{rel}","templated":true}]}}