{"id":4738,"date":"2016-05-20T15:56:28","date_gmt":"2016-05-20T14:56:28","guid":{"rendered":"http:\/\/occasionmachines.com\/?post_type=product&#038;p=4738"},"modified":"2022-12-31T16:10:32","modified_gmt":"2022-12-31T16:10:32","slug":"3-em-1-quinadeira-guilhotina-e-calandra","status":"publish","type":"product","link":"https:\/\/occasionmachines.com\/pt\/produto\/3-em-1-quinadeira-guilhotina-e-calandra\/","title":{"rendered":"3 em 1 Quinadeira, Guilhotina e Calandra"},"content":{"rendered":"<p>Di\u00e2metro do rolo: 43mm<\/p>\n<p>90 graus de \u00e2ngulo de flex\u00e3o<\/p>\n<p>Espessura m\u00e1xima da folha: 0,8mm (qualidade normal)<\/p>\n<p>Largura de trabalho 1,025mm<\/p>\n<p>Medidas m\u00e1quina C x L x A: 123 x 38 x 56 cm<\/p>\n<p>Peso 190 kg<\/p>","protected":false},"excerpt":{"rendered":"<p>Di\u00e2metro do rolo: 43mm 90 graus de \u00e2ngulo de flex\u00e3o Espessura m\u00e1xima da folha: 0,8mm (qualidade normal) Largura de trabalho 1,025mm Medidas m\u00e1quina C x L x A: 123 x 38 x 56 cm Peso 190 kg<\/p>\n","protected":false},"featured_media":4739,"comment_status":"closed","ping_status":"closed","template":"","meta":[],"product_brand":[],"product_cat":[2870],"product_tag":[3300,1960,3306,3305,3303,1949,3301,3304,3307,3310,1950,3302,3309,3308],"class_list":{"0":"post-4738","1":"product","2":"type-product","3":"status-publish","4":"has-post-thumbnail","6":"product_cat-3-em-1-quinadeira-guilhotina-e-calandra","7":"product_tag-3-em-1-quinadeira","8":"product_tag-calandra","9":"product_tag-cesoia-stampa-macchina-piegatrice","10":"product_tag-cisaille-presse-machine-a-cintrer","11":"product_tag-cizalla-prensa-maquina-dobladora","12":"product_tag-guilhotina","13":"product_tag-guilhotina-e-calandra","14":"product_tag-hebelschere-abkantbank-biegemaschine","15":"product_tag-kesme-makinesi-abkant-pres-bukme-makinesi","16":"product_tag-nuzky-press-brzdy-ohybaci-stroj","17":"product_tag-quinadeira","18":"product_tag-shearing-machine-press-brake-bending-machine","19":"product_tag-urzadzenie-scierajace-prasa-gietarka","20":"product_tag-3308","21":"product_shipping_class-maquinas-pequenas","23":"first","24":"onbackorder","25":"taxable","26":"shipping-taxable","27":"purchasable","28":"product-type-simple"},"_links":{"self":[{"href":"https:\/\/occasionmachines.com\/pt\/wp-json\/wp\/v2\/product\/4738","targetHints":{"allow":["GET"]}}],"collection":[{"href":"https:\/\/occasionmachines.com\/pt\/wp-json\/wp\/v2\/product"}],"about":[{"href":"https:\/\/occasionmachines.com\/pt\/wp-json\/wp\/v2\/types\/product"}],"replies":[{"embeddable":true,"href":"https:\/\/occasionmachines.com\/pt\/wp-json\/wp\/v2\/comments?post=4738"}],"wp:featuredmedia":[{"embeddable":true,"href":"https:\/\/occasionmachines.com\/pt\/wp-json\/wp\/v2\/media\/4739"}],"wp:attachment":[{"href":"https:\/\/occasionmachines.com\/pt\/wp-json\/wp\/v2\/media?parent=4738"}],"wp:term":[{"taxonomy":"product_brand","embeddable":true,"href":"https:\/\/occasionmachines.com\/pt\/wp-json\/wp\/v2\/product_brand?post=4738"},{"taxonomy":"product_cat","embeddable":true,"href":"https:\/\/occasionmachines.com\/pt\/wp-json\/wp\/v2\/product_cat?post=4738"},{"taxonomy":"product_tag","embeddable":true,"href":"https:\/\/occasionmachines.com\/pt\/wp-json\/wp\/v2\/product_tag?post=4738"}],"curies":[{"name":"wp","href":"https:\/\/api.w.org\/{rel}","templated":true}]}}