{"id":47519,"date":"2020-11-17T12:12:18","date_gmt":"2020-11-17T12:12:18","guid":{"rendered":"https:\/\/occasionmachines.com\/?post_type=product&#038;p=47519"},"modified":"2024-05-02T11:10:48","modified_gmt":"2024-05-02T10:10:48","slug":"bucha-de-3-grampos-200mm","status":"publish","type":"product","link":"https:\/\/occasionmachines.com\/pt\/produto\/bucha-de-3-grampos-200mm\/","title":{"rendered":"Bucha de 3 Grampos 200mm"},"content":{"rendered":"<p><\/p>\n<div class=\"descriptioncontent__headline\">Descri\u00e7\u00e3o<\/div>\n<div id=\"textContent\" class=\"clr lheight20 large\">\n<p>Bucha para torno de 3 grampos nova<\/p>\n<p>200mm di\u00e2metro<\/p>\n<p>Valor mais iva<\/p>\n<p>Envio nacional 7\u20ac<\/p>\n<\/div>\n<p><\/p>","protected":false},"excerpt":{"rendered":"<p>Descri\u00e7\u00e3o Bucha para torno de 3 grampos nova 200mm di\u00e2metro Valor mais iva Envio nacional 7\u20ac<\/p>\n","protected":false},"featured_media":47520,"comment_status":"open","ping_status":"closed","template":"","meta":[],"product_brand":[],"product_cat":[7746],"product_tag":[],"class_list":{"0":"post-47519","1":"product","2":"type-product","3":"status-publish","4":"has-post-thumbnail","6":"product_cat-acessorios-e-ferramentas-usadas","8":"first","9":"instock","10":"sold-individually","11":"taxable","12":"shipping-taxable","13":"purchasable","14":"product-type-simple"},"_links":{"self":[{"href":"https:\/\/occasionmachines.com\/pt\/wp-json\/wp\/v2\/product\/47519","targetHints":{"allow":["GET"]}}],"collection":[{"href":"https:\/\/occasionmachines.com\/pt\/wp-json\/wp\/v2\/product"}],"about":[{"href":"https:\/\/occasionmachines.com\/pt\/wp-json\/wp\/v2\/types\/product"}],"replies":[{"embeddable":true,"href":"https:\/\/occasionmachines.com\/pt\/wp-json\/wp\/v2\/comments?post=47519"}],"wp:featuredmedia":[{"embeddable":true,"href":"https:\/\/occasionmachines.com\/pt\/wp-json\/wp\/v2\/media\/47520"}],"wp:attachment":[{"href":"https:\/\/occasionmachines.com\/pt\/wp-json\/wp\/v2\/media?parent=47519"}],"wp:term":[{"taxonomy":"product_brand","embeddable":true,"href":"https:\/\/occasionmachines.com\/pt\/wp-json\/wp\/v2\/product_brand?post=47519"},{"taxonomy":"product_cat","embeddable":true,"href":"https:\/\/occasionmachines.com\/pt\/wp-json\/wp\/v2\/product_cat?post=47519"},{"taxonomy":"product_tag","embeddable":true,"href":"https:\/\/occasionmachines.com\/pt\/wp-json\/wp\/v2\/product_tag?post=47519"}],"curies":[{"name":"wp","href":"https:\/\/api.w.org\/{rel}","templated":true}]}}