{"id":47557,"date":"2020-11-18T17:40:58","date_gmt":"2020-11-18T17:40:58","guid":{"rendered":"https:\/\/occasionmachines.com\/?post_type=product&#038;p=47557"},"modified":"2023-05-29T15:12:50","modified_gmt":"2023-05-29T14:12:50","slug":"retificadora-radial-e-angular-2","status":"publish","type":"product","link":"https:\/\/occasionmachines.com\/pt\/produto\/retificadora-radial-e-angular-2\/","title":{"rendered":"Retificadora Radial e Angular"},"content":{"rendered":"<p><span class=\"tlid-translation translation\" lang=\"pt\" tabindex=\"-1\"><span class=\"\" title=\"\">Leitura vernier de 6 minutos.<\/span><br \/>\n<span class=\"\" title=\"\">5-1 \/ 2 &#8220;longx6-1 \/ 2&#8221; de altura.<\/span><br \/>\n<span title=\"\">Bot\u00e3o de dupla fun\u00e7\u00e3o para movimento de tambor e \u00e2ngulo.<\/span><br \/>\n<span title=\"\">Pare para raio c\u00f4ncavo e convexo.<\/span><br \/>\n<span title=\"\">Vem com medidor de configura\u00e7\u00e3o para ferramenta de diamante.<\/span><br \/>\n<\/span><\/p>\n<p><span class=\"tlid-translation translation\" lang=\"pt\" tabindex=\"-1\"><strong><span title=\"\">Especifica\u00e7\u00f5es<\/span><\/strong><br \/>\n<\/span><\/p>\n<ul>\n<li><span class=\"tlid-translation translation\" lang=\"pt\" tabindex=\"-1\"><span title=\"\">M\u00e1x.<\/span> <span title=\"\">di\u00e2metro da roda, padr\u00e3o: 11 &#8220;<\/span><br \/>\n<\/span><\/li>\n<li><span class=\"tlid-translation translation\" lang=\"pt\" tabindex=\"-1\"><span title=\"\">Raio c\u00f4ncavo com diamantes padr\u00e3o: 0-2\u00bc &#8220;<\/span><br \/>\n<\/span><\/li>\n<li><span class=\"tlid-translation translation\" lang=\"pt\" tabindex=\"-1\"><span title=\"\">Raio c\u00f4ncavo com diamantes de cauda rta: 0-2\u00bc &#8220;<\/span><br \/>\n<\/span><\/li>\n<li><span class=\"tlid-translation translation\" lang=\"pt\" tabindex=\"-1\"><span title=\"\">Raio convexo: 0-4 &#8220;<\/span><br \/>\n<\/span><\/li>\n<li><span class=\"tlid-translation translation\" lang=\"pt\" tabindex=\"-1\"><span title=\"\">Curso tangente em cada dire\u00e7\u00e3o: 1,950 &#8220;<\/span><br \/>\n<\/span><\/li>\n<li><span class=\"tlid-translation translation\" lang=\"pt\" tabindex=\"-1\"><span title=\"\">Linha central: 3,4 &#8220;<\/span><\/span><\/li>\n<\/ul>\n<p><\/p>","protected":false},"excerpt":{"rendered":"<p>Leitura vernier de 6 minutos. 5-1 \/ 2 &#8220;longx6-1 \/ 2&#8221; de altura. Bot\u00e3o de dupla fun\u00e7\u00e3o para movimento de tambor e \u00e2ngulo. Pare para raio c\u00f4ncavo e convexo. Vem com medidor de configura\u00e7\u00e3o para ferramenta de diamante. Especifica\u00e7\u00f5es M\u00e1x. di\u00e2metro da roda, padr\u00e3o: 11 &#8220; Raio c\u00f4ncavo com diamantes padr\u00e3o: 0-2\u00bc &#8220; Raio c\u00f4ncavo [&hellip;]<\/p>\n","protected":false},"featured_media":47558,"comment_status":"open","ping_status":"closed","template":"","meta":[],"product_brand":[],"product_cat":[7798],"product_tag":[],"class_list":{"0":"post-47557","1":"product","2":"type-product","3":"status-publish","4":"has-post-thumbnail","6":"product_cat-ferramentas-ferramentas","7":"product_shipping_class-ferramentas-pequenas","9":"first","10":"onbackorder","11":"taxable","12":"shipping-taxable","13":"product-type-simple"},"_links":{"self":[{"href":"https:\/\/occasionmachines.com\/pt\/wp-json\/wp\/v2\/product\/47557","targetHints":{"allow":["GET"]}}],"collection":[{"href":"https:\/\/occasionmachines.com\/pt\/wp-json\/wp\/v2\/product"}],"about":[{"href":"https:\/\/occasionmachines.com\/pt\/wp-json\/wp\/v2\/types\/product"}],"replies":[{"embeddable":true,"href":"https:\/\/occasionmachines.com\/pt\/wp-json\/wp\/v2\/comments?post=47557"}],"wp:featuredmedia":[{"embeddable":true,"href":"https:\/\/occasionmachines.com\/pt\/wp-json\/wp\/v2\/media\/47558"}],"wp:attachment":[{"href":"https:\/\/occasionmachines.com\/pt\/wp-json\/wp\/v2\/media?parent=47557"}],"wp:term":[{"taxonomy":"product_brand","embeddable":true,"href":"https:\/\/occasionmachines.com\/pt\/wp-json\/wp\/v2\/product_brand?post=47557"},{"taxonomy":"product_cat","embeddable":true,"href":"https:\/\/occasionmachines.com\/pt\/wp-json\/wp\/v2\/product_cat?post=47557"},{"taxonomy":"product_tag","embeddable":true,"href":"https:\/\/occasionmachines.com\/pt\/wp-json\/wp\/v2\/product_tag?post=47557"}],"curies":[{"name":"wp","href":"https:\/\/api.w.org\/{rel}","templated":true}]}}