{"id":4756,"date":"2016-05-20T18:41:19","date_gmt":"2016-05-20T17:41:19","guid":{"rendered":"http:\/\/occasionmachines.com\/?post_type=product&#038;p=4756"},"modified":"2025-03-07T18:04:03","modified_gmt":"2025-03-07T18:04:03","slug":"desmontadora-de-pneus-502","status":"publish","type":"product","link":"https:\/\/occasionmachines.com\/pt\/produto\/desmontadora-de-pneus-502\/","title":{"rendered":"Desmontadora de pneus 502"},"content":{"rendered":"<p><strong>Caracter\u00edsticas:<\/strong><\/p>\n<p>Conex\u00e3o: 230 Volt \/ ar<\/p>\n<p>Conex\u00e3o de ar com filtro, separador de \u00e1gua e lubrificador<\/p>\n<p>Motor potente<\/p>\n<p>Incl. alavanca<\/p>\n<p>Alavanca com fixa\u00e7\u00e3o r\u00e1pida<\/p>\n<p><strong>Especifica\u00e7\u00f5es:<\/strong><\/p>\n<p>230 Volt \/ 50 Hz \/ chumbo: 170 cm<\/p>\n<p>750 &#8211; 1100 Watt<\/p>\n<p>Press\u00e3o de trabalho: 3,5 &#8211; 10 bar<\/p>\n<p>Largura m\u00e1xima do pneu: 320 mil\u00edmetros<\/p>\n<p>Di\u00e2metro m\u00e1ximo das rodas 96 cm<\/p>\n<p>Ru\u00eddo: 75 db<\/p>\n<p>Temperatura ambiente: de 0 &#8211; 50 \u00b0 C<\/p>\n<p>Peso: 178 kg<\/p>\n<p>Dimens\u00f5es CxLxA: 90x75x140 cm<\/p>","protected":false},"excerpt":{"rendered":"<p>Caracter\u00edsticas: Conex\u00e3o: 230 Volt \/ ar Conex\u00e3o de ar com filtro, separador de \u00e1gua e lubrificador Motor potente Incl. alavanca Alavanca com fixa\u00e7\u00e3o r\u00e1pida Especifica\u00e7\u00f5es: 230 Volt \/ 50 Hz \/ chumbo: 170 cm 750 &#8211; 1100 Watt Press\u00e3o de trabalho: 3,5 &#8211; 10 bar Largura m\u00e1xima do pneu: 320 mil\u00edmetros Di\u00e2metro m\u00e1ximo das rodas [&hellip;]<\/p>\n","protected":false},"featured_media":4757,"comment_status":"open","ping_status":"closed","template":"","meta":[],"product_brand":[],"product_cat":[5013],"product_tag":[3351,3343,3342,3353,3346,3347,3344,3350,3354,3345,3349,3348,3352],"class_list":{"0":"post-4756","1":"product","2":"type-product","3":"status-publish","4":"has-post-thumbnail","6":"product_cat-desmontadoras-de-pneus","7":"product_tag-cozucu-lastikler-502","8":"product_tag-desmontadora-de-pneus","9":"product_tag-desmontadora-de-pneus-502","10":"product_tag-dezasembler-opon-502","11":"product_tag-disassembler-tires-502","12":"product_tag-neumaticos-desensamblador-502","13":"product_tag-pneu","14":"product_tag-pneumatici-disassembler-502","15":"product_tag-pneumatik-disassembler-502","16":"product_tag-pneus","17":"product_tag-pneus-desassembleur-502","18":"product_tag-reifenmontiermaschine-502","19":"product_tag---502","20":"product_shipping_class-ferramentas-grandes","22":"first","23":"onbackorder","24":"taxable","25":"shipping-taxable","26":"purchasable","27":"product-type-simple"},"_links":{"self":[{"href":"https:\/\/occasionmachines.com\/pt\/wp-json\/wp\/v2\/product\/4756","targetHints":{"allow":["GET"]}}],"collection":[{"href":"https:\/\/occasionmachines.com\/pt\/wp-json\/wp\/v2\/product"}],"about":[{"href":"https:\/\/occasionmachines.com\/pt\/wp-json\/wp\/v2\/types\/product"}],"replies":[{"embeddable":true,"href":"https:\/\/occasionmachines.com\/pt\/wp-json\/wp\/v2\/comments?post=4756"}],"wp:featuredmedia":[{"embeddable":true,"href":"https:\/\/occasionmachines.com\/pt\/wp-json\/wp\/v2\/media\/4757"}],"wp:attachment":[{"href":"https:\/\/occasionmachines.com\/pt\/wp-json\/wp\/v2\/media?parent=4756"}],"wp:term":[{"taxonomy":"product_brand","embeddable":true,"href":"https:\/\/occasionmachines.com\/pt\/wp-json\/wp\/v2\/product_brand?post=4756"},{"taxonomy":"product_cat","embeddable":true,"href":"https:\/\/occasionmachines.com\/pt\/wp-json\/wp\/v2\/product_cat?post=4756"},{"taxonomy":"product_tag","embeddable":true,"href":"https:\/\/occasionmachines.com\/pt\/wp-json\/wp\/v2\/product_tag?post=4756"}],"curies":[{"name":"wp","href":"https:\/\/api.w.org\/{rel}","templated":true}]}}