{"id":47653,"date":"2020-11-21T13:35:00","date_gmt":"2020-11-21T13:35:00","guid":{"rendered":"https:\/\/occasionmachines.com\/?post_type=product&#038;p=47653"},"modified":"2023-05-29T15:05:56","modified_gmt":"2023-05-29T14:05:56","slug":"placa-sinusoidal-ajustavel-com-mandril-magnetico","status":"publish","type":"product","link":"https:\/\/occasionmachines.com\/pt\/produto\/placa-sinusoidal-ajustavel-com-mandril-magnetico\/","title":{"rendered":"Placa Sinusoidal Ajust\u00e1vel com Mandril Magn\u00e9tico"},"content":{"rendered":"<p>A placa senoidal com mandril magn\u00e9tico possui alta precis\u00e3o e estabilidade.<\/p>\n<p>De 0 \u00b0 a 60 \u00b0 pode ser usado para \u00e2ngulo<\/p>\n<p>A precis\u00e3o \u00e9 de 0,003m \/ m.<\/p>","protected":false},"excerpt":{"rendered":"<p>A placa senoidal com mandril magn\u00e9tico possui alta precis\u00e3o e estabilidade. De 0 \u00b0 a 60 \u00b0 pode ser usado para \u00e2ngulo A precis\u00e3o \u00e9 de 0,003m \/ m.<\/p>\n","protected":false},"featured_media":47654,"comment_status":"open","ping_status":"closed","template":"","meta":[],"product_brand":[],"product_cat":[1432],"product_tag":[],"class_list":{"0":"post-47653","1":"product","2":"type-product","3":"status-publish","4":"has-post-thumbnail","6":"product_cat-ferramentas","7":"product_shipping_class-ferramentas-pequenas","9":"first","10":"onbackorder","11":"taxable","12":"shipping-taxable","13":"product-type-simple"},"_links":{"self":[{"href":"https:\/\/occasionmachines.com\/pt\/wp-json\/wp\/v2\/product\/47653","targetHints":{"allow":["GET"]}}],"collection":[{"href":"https:\/\/occasionmachines.com\/pt\/wp-json\/wp\/v2\/product"}],"about":[{"href":"https:\/\/occasionmachines.com\/pt\/wp-json\/wp\/v2\/types\/product"}],"replies":[{"embeddable":true,"href":"https:\/\/occasionmachines.com\/pt\/wp-json\/wp\/v2\/comments?post=47653"}],"wp:featuredmedia":[{"embeddable":true,"href":"https:\/\/occasionmachines.com\/pt\/wp-json\/wp\/v2\/media\/47654"}],"wp:attachment":[{"href":"https:\/\/occasionmachines.com\/pt\/wp-json\/wp\/v2\/media?parent=47653"}],"wp:term":[{"taxonomy":"product_brand","embeddable":true,"href":"https:\/\/occasionmachines.com\/pt\/wp-json\/wp\/v2\/product_brand?post=47653"},{"taxonomy":"product_cat","embeddable":true,"href":"https:\/\/occasionmachines.com\/pt\/wp-json\/wp\/v2\/product_cat?post=47653"},{"taxonomy":"product_tag","embeddable":true,"href":"https:\/\/occasionmachines.com\/pt\/wp-json\/wp\/v2\/product_tag?post=47653"}],"curies":[{"name":"wp","href":"https:\/\/api.w.org\/{rel}","templated":true}]}}