{"id":47754,"date":"2020-11-23T00:51:01","date_gmt":"2020-11-23T00:51:01","guid":{"rendered":"https:\/\/occasionmachines.com\/?post_type=product&#038;p=47754"},"modified":"2024-05-15T16:30:23","modified_gmt":"2024-05-15T15:30:23","slug":"controlador-magnetico-220v-5a","status":"publish","type":"product","link":"https:\/\/occasionmachines.com\/pt\/produto\/controlador-magnetico-220v-5a\/","title":{"rendered":"Controlador Magn\u00e9tico 220V\/5A"},"content":{"rendered":"<p><strong>\u00a0VCC-705 (5A)<\/strong><br \/>\n1. Adequado para o tipo padr\u00e3o de mandris magn\u00e9ticos el\u00e9tricos.<br \/>\n2. Com capacidade atual de 5A; o tempo de desmagnetiza\u00e7\u00e3o \u00e9 de 6 a 15 segundos.<br \/>\n3. Ajuste com precis\u00e3o a for\u00e7a magn\u00e9tica dos mandris magn\u00e9ticos el\u00e9tricos e indique a tens\u00e3o do LED.<br \/>\n4. Adequado para qualquer tipo de mandris magn\u00e9ticos el\u00e9tricos<\/p>\n<p><strong>VCC-805A (10A); VCC-815 (15A)<\/strong><br \/>\n1. Adequado para o tipo padr\u00e3o de mandris magn\u00e9ticos el\u00e9tricos.<br \/>\n2. Com capacidade atual de 10A e 15A; o tempo de desmagnetiza\u00e7\u00e3o \u00e9 de 6 a 15 segundos.<br \/>\n3. Ajuste com precis\u00e3o a for\u00e7a magn\u00e9tica dos mandris magn\u00e9ticos el\u00e9tricos e indique a tens\u00e3o e a corrente do LED.<br \/>\n4. Adequado para qualquer tipo de mandris magn\u00e9ticos el\u00e9tricos<\/p>\n<p><strong>VCC-820 (20A)<\/strong><br \/>\n1. Adequado para o tipo superpoderoso de grandes mandris magn\u00e9ticos el\u00e9tricos e pode controlar 2 mandris ao mesmo tempo.<br \/>\n2. Com capacidade atual de 20A; o tempo de desmagnetiza\u00e7\u00e3o \u00e9 de 8-15 segundos.<br \/>\n3. Ajuste com precis\u00e3o a for\u00e7a magn\u00e9tica dos mandris magn\u00e9ticos el\u00e9tricos e indique a tens\u00e3o do LED.<br \/>\n4. Adequado para qualquer tipo de mandris magn\u00e9ticos el\u00e9tricos<\/p>\n<p><img loading=\"lazy\" decoding=\"async\" class=\"alignnone size-full wp-image-47759\" src=\"https:\/\/occasionmachines.com\/wp-content\/uploads\/2020\/11\/vcc-705_6.png\" alt=\"\" width=\"1029\" height=\"195\" srcset=\"https:\/\/occasionmachines.com\/wp-content\/uploads\/2020\/11\/vcc-705_6.png 1029w, https:\/\/occasionmachines.com\/wp-content\/uploads\/2020\/11\/vcc-705_6-416x79.png 416w, https:\/\/occasionmachines.com\/wp-content\/uploads\/2020\/11\/vcc-705_6-768x146.png 768w\" sizes=\"auto, (max-width: 1029px) 100vw, 1029px\" \/><\/p>","protected":false},"excerpt":{"rendered":"<p>\u00a0VCC-705 (5A) 1. Adequado para o tipo padr\u00e3o de mandris magn\u00e9ticos el\u00e9tricos. 2. Com capacidade atual de 5A; o tempo de desmagnetiza\u00e7\u00e3o \u00e9 de 6 a 15 segundos. 3. Ajuste com precis\u00e3o a for\u00e7a magn\u00e9tica dos mandris magn\u00e9ticos el\u00e9tricos e indique a tens\u00e3o do LED. 4. Adequado para qualquer tipo de mandris magn\u00e9ticos el\u00e9tricos VCC-805A [&hellip;]<\/p>\n","protected":false},"featured_media":47755,"comment_status":"open","ping_status":"closed","template":"","meta":[],"product_brand":[],"product_cat":[7798,1432],"product_tag":[],"class_list":{"0":"post-47754","1":"product","2":"type-product","3":"status-publish","4":"has-post-thumbnail","6":"product_cat-ferramentas-ferramentas","7":"product_cat-ferramentas","9":"first","10":"onbackorder","11":"taxable","12":"shipping-taxable","13":"purchasable","14":"product-type-variable"},"_links":{"self":[{"href":"https:\/\/occasionmachines.com\/pt\/wp-json\/wp\/v2\/product\/47754","targetHints":{"allow":["GET"]}}],"collection":[{"href":"https:\/\/occasionmachines.com\/pt\/wp-json\/wp\/v2\/product"}],"about":[{"href":"https:\/\/occasionmachines.com\/pt\/wp-json\/wp\/v2\/types\/product"}],"replies":[{"embeddable":true,"href":"https:\/\/occasionmachines.com\/pt\/wp-json\/wp\/v2\/comments?post=47754"}],"wp:featuredmedia":[{"embeddable":true,"href":"https:\/\/occasionmachines.com\/pt\/wp-json\/wp\/v2\/media\/47755"}],"wp:attachment":[{"href":"https:\/\/occasionmachines.com\/pt\/wp-json\/wp\/v2\/media?parent=47754"}],"wp:term":[{"taxonomy":"product_brand","embeddable":true,"href":"https:\/\/occasionmachines.com\/pt\/wp-json\/wp\/v2\/product_brand?post=47754"},{"taxonomy":"product_cat","embeddable":true,"href":"https:\/\/occasionmachines.com\/pt\/wp-json\/wp\/v2\/product_cat?post=47754"},{"taxonomy":"product_tag","embeddable":true,"href":"https:\/\/occasionmachines.com\/pt\/wp-json\/wp\/v2\/product_tag?post=47754"}],"curies":[{"name":"wp","href":"https:\/\/api.w.org\/{rel}","templated":true}]}}