{"id":47775,"date":"2020-11-23T02:29:54","date_gmt":"2020-11-23T02:29:54","guid":{"rendered":"https:\/\/occasionmachines.com\/?post_type=product&#038;p=47775"},"modified":"2023-05-29T15:04:00","modified_gmt":"2023-05-29T14:04:00","slug":"separador-de-chapa-de-aco-magnetica","status":"publish","type":"product","link":"https:\/\/occasionmachines.com\/pt\/produto\/separador-de-chapa-de-aco-magnetica\/","title":{"rendered":"Separador de Chapa de A\u00e7o Magn\u00e9tica"},"content":{"rendered":"<p>Adequado para separar uma pilha de placas de ferro finas ou para separa\u00e7\u00e3o de cavacos.<br \/>\nPelo princ\u00edpio da repuls\u00e3o m\u00fatua entre os mesmos p\u00f3los magn\u00e9ticos, este item permite a f\u00e1cil separa\u00e7\u00e3o de finas placas de ferro.<br \/>\nTamb\u00e9m pode ser usado para separa\u00e7\u00e3o de cavacos no pequeno conversor.<\/p>\n<p><img loading=\"lazy\" decoding=\"async\" class=\"alignnone size-full wp-image-47778\" src=\"https:\/\/occasionmachines.com\/wp-content\/uploads\/2020\/11\/vcp-10_2.png\" alt=\"\" width=\"875\" height=\"117\" srcset=\"https:\/\/occasionmachines.com\/wp-content\/uploads\/2020\/11\/vcp-10_2.png 875w, https:\/\/occasionmachines.com\/wp-content\/uploads\/2020\/11\/vcp-10_2-416x56.png 416w, https:\/\/occasionmachines.com\/wp-content\/uploads\/2020\/11\/vcp-10_2-768x103.png 768w\" sizes=\"auto, (max-width: 875px) 100vw, 875px\" \/><\/p>","protected":false},"excerpt":{"rendered":"<p>Adequado para separar uma pilha de placas de ferro finas ou para separa\u00e7\u00e3o de cavacos. Pelo princ\u00edpio da repuls\u00e3o m\u00fatua entre os mesmos p\u00f3los magn\u00e9ticos, este item permite a f\u00e1cil separa\u00e7\u00e3o de finas placas de ferro. Tamb\u00e9m pode ser usado para separa\u00e7\u00e3o de cavacos no pequeno conversor.<\/p>\n","protected":false},"featured_media":47776,"comment_status":"open","ping_status":"closed","template":"","meta":[],"product_brand":[],"product_cat":[7798,1432],"product_tag":[],"class_list":{"0":"post-47775","1":"product","2":"type-product","3":"status-publish","4":"has-post-thumbnail","6":"product_cat-ferramentas-ferramentas","7":"product_cat-ferramentas","9":"first","10":"onbackorder","11":"taxable","12":"shipping-taxable","13":"product-type-variable"},"_links":{"self":[{"href":"https:\/\/occasionmachines.com\/pt\/wp-json\/wp\/v2\/product\/47775","targetHints":{"allow":["GET"]}}],"collection":[{"href":"https:\/\/occasionmachines.com\/pt\/wp-json\/wp\/v2\/product"}],"about":[{"href":"https:\/\/occasionmachines.com\/pt\/wp-json\/wp\/v2\/types\/product"}],"replies":[{"embeddable":true,"href":"https:\/\/occasionmachines.com\/pt\/wp-json\/wp\/v2\/comments?post=47775"}],"wp:featuredmedia":[{"embeddable":true,"href":"https:\/\/occasionmachines.com\/pt\/wp-json\/wp\/v2\/media\/47776"}],"wp:attachment":[{"href":"https:\/\/occasionmachines.com\/pt\/wp-json\/wp\/v2\/media?parent=47775"}],"wp:term":[{"taxonomy":"product_brand","embeddable":true,"href":"https:\/\/occasionmachines.com\/pt\/wp-json\/wp\/v2\/product_brand?post=47775"},{"taxonomy":"product_cat","embeddable":true,"href":"https:\/\/occasionmachines.com\/pt\/wp-json\/wp\/v2\/product_cat?post=47775"},{"taxonomy":"product_tag","embeddable":true,"href":"https:\/\/occasionmachines.com\/pt\/wp-json\/wp\/v2\/product_tag?post=47775"}],"curies":[{"name":"wp","href":"https:\/\/api.w.org\/{rel}","templated":true}]}}