{"id":4825,"date":"2016-05-23T14:06:18","date_gmt":"2016-05-23T13:06:18","guid":{"rendered":"http:\/\/occasionmachines.com\/?post_type=product&#038;p=4825"},"modified":"2025-03-07T18:02:58","modified_gmt":"2025-03-07T18:02:58","slug":"torno-mecanico-530mm","status":"publish","type":"product","link":"https:\/\/occasionmachines.com\/pt\/produto\/torno-mecanico-530mm\/","title":{"rendered":"Torno Mec\u00e2nico 530mm"},"content":{"rendered":"<p><strong>Especifica\u00e7\u00f5es:<\/strong><\/p>\n<p>Engrenagens: 7<br \/>\nFaixa de velocidade 160-1360 U \/ min<br \/>\nDist\u00e2ncia entre os centros: 500 mil\u00edmetros<br \/>\nAltura do centro: 210 mil\u00edmetros<br \/>\nEixo de furo 28 mil\u00edmetros<br \/>\nRosca m\u00e9trica 0,25-6,0<br \/>\nSegmento polegadas 4-120 TPI<br \/>\nMotor: 0,55 kW \/ 0,68 HP<br \/>\nConex\u00e3o: 230 volts \/ 50 Hz<br \/>\nPeso: 235 kg<br \/>\nDimens\u00f5es CxLxA: 110x53x96cm<\/p>","protected":false},"excerpt":{"rendered":"<p>Especifica\u00e7\u00f5es: Engrenagens: 7 Faixa de velocidade 160-1360 U \/ min Dist\u00e2ncia entre os centros: 500 mil\u00edmetros Altura do centro: 210 mil\u00edmetros Eixo de furo 28 mil\u00edmetros Rosca m\u00e9trica 0,25-6,0 Segmento polegadas 4-120 TPI Motor: 0,55 kW \/ 0,68 HP Conex\u00e3o: 230 volts \/ 50 Hz Peso: 235 kg Dimens\u00f5es CxLxA: 110x53x96cm<\/p>\n","protected":false},"featured_media":4826,"comment_status":"closed","ping_status":"closed","template":"","meta":[],"product_brand":[],"product_cat":[1836],"product_tag":[3453,3445,3452,3450,3448,3447,3449,1886,3446,1895,3444,4405,3451],"class_list":{"0":"post-4825","1":"product","2":"type-product","3":"status-publish","4":"has-post-thumbnail","6":"product_cat-torno-mecanico","7":"product_tag-kov-soustruh-soustruh-530mm","8":"product_tag-metal-lathe-530mm","9":"product_tag-metal-tokarka-530mm","10":"product_tag-metal-torna-530mm","11":"product_tag-metal-tour-530mm","12":"product_tag-metalldrehmaschine-leitspindeldrehmaschine-530mm","13":"product_tag-metallo-tornio-530mm","14":"product_tag-torno","15":"product_tag-torno-de-metal-530mm","16":"product_tag-torno-mecanico","17":"product_tag-torno-mecanico-530mm","18":"product_tag-tornos-m-m-ecanicos-novos","19":"product_tag-----530mm","20":"product_shipping_class-ferramentas-grandes","22":"first","23":"onbackorder","24":"taxable","25":"shipping-taxable","26":"purchasable","27":"product-type-simple"},"_links":{"self":[{"href":"https:\/\/occasionmachines.com\/pt\/wp-json\/wp\/v2\/product\/4825","targetHints":{"allow":["GET"]}}],"collection":[{"href":"https:\/\/occasionmachines.com\/pt\/wp-json\/wp\/v2\/product"}],"about":[{"href":"https:\/\/occasionmachines.com\/pt\/wp-json\/wp\/v2\/types\/product"}],"replies":[{"embeddable":true,"href":"https:\/\/occasionmachines.com\/pt\/wp-json\/wp\/v2\/comments?post=4825"}],"wp:featuredmedia":[{"embeddable":true,"href":"https:\/\/occasionmachines.com\/pt\/wp-json\/wp\/v2\/media\/4826"}],"wp:attachment":[{"href":"https:\/\/occasionmachines.com\/pt\/wp-json\/wp\/v2\/media?parent=4825"}],"wp:term":[{"taxonomy":"product_brand","embeddable":true,"href":"https:\/\/occasionmachines.com\/pt\/wp-json\/wp\/v2\/product_brand?post=4825"},{"taxonomy":"product_cat","embeddable":true,"href":"https:\/\/occasionmachines.com\/pt\/wp-json\/wp\/v2\/product_cat?post=4825"},{"taxonomy":"product_tag","embeddable":true,"href":"https:\/\/occasionmachines.com\/pt\/wp-json\/wp\/v2\/product_tag?post=4825"}],"curies":[{"name":"wp","href":"https:\/\/api.w.org\/{rel}","templated":true}]}}