{"id":49090,"date":"2021-05-31T21:35:03","date_gmt":"2021-05-31T20:35:03","guid":{"rendered":"https:\/\/occasionmachines.com\/?post_type=product&#038;p=49090"},"modified":"2025-07-09T15:56:02","modified_gmt":"2025-07-09T14:56:02","slug":"retificadora-plana-elb","status":"publish","type":"product","link":"https:\/\/occasionmachines.com\/pt\/produto\/retificadora-plana-elb\/","title":{"rendered":"Retificadora Plana Elb SW3"},"content":{"rendered":"<p>Retificadora Plana Elb SW3<\/p>\n<p>Hidr\u00e1ulica, el\u00e9trica e manual<\/p>\n<p>X: 600mm<br \/>\nY: 200mm<br \/>\nZ: 350mm<\/p>\n<p>Em bom estado, carregamento inclu\u00eddo<\/p>","protected":false},"excerpt":{"rendered":"<p>Retificadora Plana Elb SW3 Hidr\u00e1ulica, el\u00e9trica e manual X: 600mm Y: 200mm Z: 350mm Em bom estado, carregamento inclu\u00eddo<\/p>\n","protected":false},"featured_media":49091,"comment_status":"closed","ping_status":"closed","template":"","meta":[],"product_brand":[],"product_cat":[7720,7722],"product_tag":[],"class_list":{"0":"post-49090","1":"product","2":"type-product","3":"status-publish","4":"has-post-thumbnail","6":"product_cat-maquinas-usadas-e-recondicionadas","7":"product_cat-retificadoras-usadas","8":"product_shipping_class-maquinas-pequenas","10":"first","11":"instock","12":"sold-individually","13":"taxable","14":"shipping-taxable","15":"purchasable","16":"product-type-simple"},"_links":{"self":[{"href":"https:\/\/occasionmachines.com\/pt\/wp-json\/wp\/v2\/product\/49090","targetHints":{"allow":["GET"]}}],"collection":[{"href":"https:\/\/occasionmachines.com\/pt\/wp-json\/wp\/v2\/product"}],"about":[{"href":"https:\/\/occasionmachines.com\/pt\/wp-json\/wp\/v2\/types\/product"}],"replies":[{"embeddable":true,"href":"https:\/\/occasionmachines.com\/pt\/wp-json\/wp\/v2\/comments?post=49090"}],"wp:featuredmedia":[{"embeddable":true,"href":"https:\/\/occasionmachines.com\/pt\/wp-json\/wp\/v2\/media\/49091"}],"wp:attachment":[{"href":"https:\/\/occasionmachines.com\/pt\/wp-json\/wp\/v2\/media?parent=49090"}],"wp:term":[{"taxonomy":"product_brand","embeddable":true,"href":"https:\/\/occasionmachines.com\/pt\/wp-json\/wp\/v2\/product_brand?post=49090"},{"taxonomy":"product_cat","embeddable":true,"href":"https:\/\/occasionmachines.com\/pt\/wp-json\/wp\/v2\/product_cat?post=49090"},{"taxonomy":"product_tag","embeddable":true,"href":"https:\/\/occasionmachines.com\/pt\/wp-json\/wp\/v2\/product_tag?post=49090"}],"curies":[{"name":"wp","href":"https:\/\/api.w.org\/{rel}","templated":true}]}}