{"id":49339,"date":"2021-07-13T10:29:44","date_gmt":"2021-07-13T09:29:44","guid":{"rendered":"https:\/\/occasionmachines.com\/?post_type=product&#038;p=49339"},"modified":"2025-01-30T15:30:12","modified_gmt":"2025-01-30T15:30:12","slug":"lixadora-industrial-p400","status":"publish","type":"product","link":"https:\/\/occasionmachines.com\/pt\/produto\/lixadora-industrial-p400\/","title":{"rendered":"Polidora Industrial 400V 50HZ PGP400"},"content":{"rendered":"<table border=1 cellspacing=0 cellpadding=0 width=\"100%\">\n<tr>\n<td bgcolor=AntiqueWhite align=left>&nbsp;Caracter\u00edsticas T\u00e9cnicas<\/td>\n<td bgcolor=AntiqueWhite align=left>&nbsp;&#8211;<\/td>\n<td bgcolor=AntiqueWhite align=left>&nbsp;&#8212;<\/td>\n<\/tr>\n<tr>\n<td bgcolor=White>&nbsp;Voltagem \/ Frequ\u00eancia<\/td>\n<td bgcolor=White>&nbsp;<\/td>\n<td bgcolor=White>&nbsp;400V \/ 50Hz<\/td>\n<\/tr>\n<tr>\n<td bgcolor=White>&nbsp;Pot\u00eancia Motor<\/td>\n<td bgcolor=White>&nbsp;<\/td>\n<td bgcolor=White>&nbsp;2.2 kW \/ 3 HP<\/td>\n<\/tr>\n<tr>\n<td bgcolor=White>&nbsp;Velocidade Motor<\/td>\n<td bgcolor=White>&nbsp;rpm<\/td>\n<td bgcolor=White>&nbsp;200 ~ 2800<\/td>\n<\/tr>\n<tr>\n<td bgcolor=White>&nbsp;Di\u00e2metro Disco Maior<\/td>\n<td bgcolor=White>&nbsp;mm<\/td>\n<td bgcolor=White>&nbsp;\u00f8 250 ~ 320<\/td>\n<\/tr>\n<tr>\n<td bgcolor=White>&nbsp;Di\u00e2metro Rolo Lixa<\/td>\n<td bgcolor=White>&nbsp;mm<\/td>\n<td bgcolor=White>&nbsp;\u00f8150<\/td>\n<\/tr>\n<tr>\n<td bgcolor=White>&nbsp;Dimens\u00e3o da Cinta<\/td>\n<td bgcolor=White>&nbsp;mm<\/td>\n<td bgcolor=White>&nbsp;2000 x 50<\/td>\n<\/tr>\n<\/table>\n","protected":false},"excerpt":{"rendered":"<p>&nbsp;Caracter\u00edsticas T\u00e9cnicas &nbsp;&#8211; &nbsp;&#8212; &nbsp;Voltagem \/ Frequ\u00eancia &nbsp; &nbsp;400V \/ 50Hz &nbsp;Pot\u00eancia Motor &nbsp; &nbsp;2.2 kW \/ 3 HP &nbsp;Velocidade Motor &nbsp;rpm &nbsp;200 ~ 2800 &nbsp;Di\u00e2metro Disco Maior &nbsp;mm &nbsp;\u00f8 250 ~ 320 &nbsp;Di\u00e2metro Rolo Lixa &nbsp;mm &nbsp;\u00f8150 &nbsp;Dimens\u00e3o da Cinta &nbsp;mm &nbsp;2000 x 50<\/p>\n","protected":false},"featured_media":63007,"comment_status":"closed","ping_status":"closed","template":"","meta":[],"product_brand":[],"product_cat":[6906],"product_tag":[],"class_list":{"0":"post-49339","1":"product","2":"type-product","3":"status-publish","4":"has-post-thumbnail","6":"product_cat-polidoras","8":"first","9":"onbackorder","10":"sold-individually","11":"taxable","12":"shipping-taxable","13":"purchasable","14":"product-type-simple"},"_links":{"self":[{"href":"https:\/\/occasionmachines.com\/pt\/wp-json\/wp\/v2\/product\/49339","targetHints":{"allow":["GET"]}}],"collection":[{"href":"https:\/\/occasionmachines.com\/pt\/wp-json\/wp\/v2\/product"}],"about":[{"href":"https:\/\/occasionmachines.com\/pt\/wp-json\/wp\/v2\/types\/product"}],"replies":[{"embeddable":true,"href":"https:\/\/occasionmachines.com\/pt\/wp-json\/wp\/v2\/comments?post=49339"}],"wp:featuredmedia":[{"embeddable":true,"href":"https:\/\/occasionmachines.com\/pt\/wp-json\/wp\/v2\/media\/63007"}],"wp:attachment":[{"href":"https:\/\/occasionmachines.com\/pt\/wp-json\/wp\/v2\/media?parent=49339"}],"wp:term":[{"taxonomy":"product_brand","embeddable":true,"href":"https:\/\/occasionmachines.com\/pt\/wp-json\/wp\/v2\/product_brand?post=49339"},{"taxonomy":"product_cat","embeddable":true,"href":"https:\/\/occasionmachines.com\/pt\/wp-json\/wp\/v2\/product_cat?post=49339"},{"taxonomy":"product_tag","embeddable":true,"href":"https:\/\/occasionmachines.com\/pt\/wp-json\/wp\/v2\/product_tag?post=49339"}],"curies":[{"name":"wp","href":"https:\/\/api.w.org\/{rel}","templated":true}]}}