{"id":49343,"date":"2021-07-13T11:05:36","date_gmt":"2021-07-13T10:05:36","guid":{"rendered":"https:\/\/occasionmachines.com\/?post_type=product&#038;p=49343"},"modified":"2025-01-30T15:28:07","modified_gmt":"2025-01-30T15:28:07","slug":"curvadora-3-rolos-hidraulica-prbm50","status":"publish","type":"product","link":"https:\/\/occasionmachines.com\/pt\/produto\/curvadora-3-rolos-hidraulica-prbm50\/","title":{"rendered":"Curvadora 3 Rolos Prbm50hvh Hidraulica 3PH-400V"},"content":{"rendered":"<table border=1 cellspacing=0 cellpadding=0 width=\"100%\">\n<tr>\n<td bgcolor=AntiqueWhite align=left>&nbsp;Caracter\u00edsticas T\u00e9cnicas<\/td>\n<td bgcolor=AntiqueWhite align=left>&nbsp;&#8211;<\/td>\n<td bgcolor=AntiqueWhite align=left>&nbsp;&#8212;<\/td>\n<\/tr>\n<tr>\n<td bgcolor=White>&nbsp;Voltagem<\/td>\n<td bgcolor=White>&nbsp;V<\/td>\n<td bgcolor=White>&nbsp;400<\/td>\n<\/tr>\n<tr>\n<td bgcolor=White>&nbsp;Frequ\u00eancia<\/td>\n<td bgcolor=White>&nbsp;Hz<\/td>\n<td bgcolor=White>&nbsp;50<\/td>\n<\/tr>\n<tr>\n<td bgcolor=White>&nbsp;Pot\u00eancia do Motor<\/td>\n<td bgcolor=White>&nbsp;kW<\/td>\n<td bgcolor=White>&nbsp;2.2<\/td>\n<\/tr>\n<tr>\n<td bgcolor=White>&nbsp;Pot\u00eancia do Motor<\/td>\n<td bgcolor=White>&nbsp;hp<\/td>\n<td bgcolor=White>&nbsp;3<\/td>\n<\/tr>\n<tr>\n<td bgcolor=White>&nbsp;Di\u00e2metro dos Rolos<\/td>\n<td bgcolor=White>&nbsp;mm<\/td>\n<td bgcolor=White>&nbsp;50<\/td>\n<\/tr>\n<tr>\n<td bgcolor=White>&nbsp;Velocidade do Eixo<\/td>\n<td bgcolor=White>&nbsp;rpm<\/td>\n<td bgcolor=White>&nbsp;9<\/td>\n<\/tr>\n<tr>\n<td bgcolor=White>&nbsp;Capacidade Cilindro Hidr\u00e1ulico<\/td>\n<td bgcolor=White>&nbsp;Ton<\/td>\n<td bgcolor=White>&nbsp;8<\/td>\n<\/tr>\n<\/table>\n","protected":false},"excerpt":{"rendered":"<p>&nbsp;Caracter\u00edsticas T\u00e9cnicas &nbsp;&#8211; &nbsp;&#8212; &nbsp;Voltagem &nbsp;V &nbsp;400 &nbsp;Frequ\u00eancia &nbsp;Hz &nbsp;50 &nbsp;Pot\u00eancia do Motor &nbsp;kW &nbsp;2.2 &nbsp;Pot\u00eancia do Motor &nbsp;hp &nbsp;3 &nbsp;Di\u00e2metro dos Rolos &nbsp;mm &nbsp;50 &nbsp;Velocidade do Eixo &nbsp;rpm &nbsp;9 &nbsp;Capacidade Cilindro Hidr\u00e1ulico &nbsp;Ton &nbsp;8<\/p>\n","protected":false},"featured_media":63003,"comment_status":"closed","ping_status":"closed","template":"","meta":[],"product_brand":[],"product_cat":[4332],"product_tag":[],"class_list":{"0":"post-49343","1":"product","2":"type-product","3":"status-publish","4":"has-post-thumbnail","6":"product_cat-maquinas-de-dobrar-tubos","8":"first","9":"onbackorder","10":"sold-individually","11":"taxable","12":"shipping-taxable","13":"purchasable","14":"product-type-simple"},"_links":{"self":[{"href":"https:\/\/occasionmachines.com\/pt\/wp-json\/wp\/v2\/product\/49343","targetHints":{"allow":["GET"]}}],"collection":[{"href":"https:\/\/occasionmachines.com\/pt\/wp-json\/wp\/v2\/product"}],"about":[{"href":"https:\/\/occasionmachines.com\/pt\/wp-json\/wp\/v2\/types\/product"}],"replies":[{"embeddable":true,"href":"https:\/\/occasionmachines.com\/pt\/wp-json\/wp\/v2\/comments?post=49343"}],"wp:featuredmedia":[{"embeddable":true,"href":"https:\/\/occasionmachines.com\/pt\/wp-json\/wp\/v2\/media\/63003"}],"wp:attachment":[{"href":"https:\/\/occasionmachines.com\/pt\/wp-json\/wp\/v2\/media?parent=49343"}],"wp:term":[{"taxonomy":"product_brand","embeddable":true,"href":"https:\/\/occasionmachines.com\/pt\/wp-json\/wp\/v2\/product_brand?post=49343"},{"taxonomy":"product_cat","embeddable":true,"href":"https:\/\/occasionmachines.com\/pt\/wp-json\/wp\/v2\/product_cat?post=49343"},{"taxonomy":"product_tag","embeddable":true,"href":"https:\/\/occasionmachines.com\/pt\/wp-json\/wp\/v2\/product_tag?post=49343"}],"curies":[{"name":"wp","href":"https:\/\/api.w.org\/{rel}","templated":true}]}}