{"id":49345,"date":"2021-07-13T11:33:00","date_gmt":"2021-07-13T10:33:00","guid":{"rendered":"https:\/\/occasionmachines.com\/?post_type=product&#038;p=49345"},"modified":"2025-01-30T15:27:38","modified_gmt":"2025-01-30T15:27:38","slug":"torno-mecanico-engenho-c-bancada-pte8","status":"publish","type":"product","link":"https:\/\/occasionmachines.com\/pt\/produto\/torno-mecanico-engenho-c-bancada-pte8\/","title":{"rendered":"Torno Mecanico 800mm C\/ Engenho e Bancada PTE800-3 380V"},"content":{"rendered":"<p><\/p>\n<table border=\"1\" width=\"100%\" cellspacing=\"0\" cellpadding=\"0\">\n<tbody>\n<tr>\n<td align=\"left\" bgcolor=\"AntiqueWhite\">\u00a0Caracter\u00edsticas T\u00e9cnicas<\/td>\n<td align=\"left\" bgcolor=\"AntiqueWhite\">\u00a0&#8211;<\/td>\n<td align=\"left\" bgcolor=\"AntiqueWhite\">\u00a0&#8212;<\/td>\n<\/tr>\n<tr>\n<td bgcolor=\"White\">\u00a0TORNEAMENTO<\/td>\n<td bgcolor=\"White\"><\/td>\n<td bgcolor=\"White\"><\/td>\n<\/tr>\n<tr>\n<td bgcolor=\"White\">\u00a0Dist\u00e2ncia entre Pontos<\/td>\n<td bgcolor=\"White\">\u00a0mm<\/td>\n<td bgcolor=\"White\">\u00a0800<\/td>\n<\/tr>\n<tr>\n<td bgcolor=\"White\">\u00a0Di\u00e2metro M\u00e1x. Torne\u00e1vel<\/td>\n<td bgcolor=\"White\">\u00a0mm<\/td>\n<td bgcolor=\"White\">\u00a0420<\/td>\n<\/tr>\n<tr>\n<td bgcolor=\"White\">\u00a0Deslocamento M\u00e1x. Longitudinal<\/td>\n<td bgcolor=\"White\">\u00a0mm<\/td>\n<td bgcolor=\"White\">\u00a0740<\/td>\n<\/tr>\n<tr>\n<td bgcolor=\"White\">\u00a0Deslocamento M\u00e1x. Cruzado<\/td>\n<td bgcolor=\"White\">\u00a0mm<\/td>\n<td bgcolor=\"White\">\u00a0200<\/td>\n<\/tr>\n<tr>\n<td bgcolor=\"White\">\u00a0Acopolamento Bucha<\/td>\n<td bgcolor=\"White\"><\/td>\n<td bgcolor=\"White\">\u00a0M.T. 4<\/td>\n<\/tr>\n<tr>\n<td bgcolor=\"White\">\u00a0Ajuste Longitudinal Contraponto<\/td>\n<td bgcolor=\"White\">\u00a0mm<\/td>\n<td bgcolor=\"White\">\u00a070<\/td>\n<\/tr>\n<tr>\n<td bgcolor=\"White\">\u00a0Acopolamento Contraponto<\/td>\n<td bgcolor=\"White\"><\/td>\n<td bgcolor=\"White\">\u00a0M.T. 3<\/td>\n<\/tr>\n<tr>\n<td bgcolor=\"White\">\u00a0Di\u00e2metro Furo Bucha<\/td>\n<td bgcolor=\"White\">\u00a0mm<\/td>\n<td bgcolor=\"White\">\u00a0\u00d8 28<\/td>\n<\/tr>\n<tr>\n<td bgcolor=\"White\">\u00a0Velocidade Bucha<\/td>\n<td bgcolor=\"White\">\u00a0rpm<\/td>\n<td bgcolor=\"White\">\u00a0160-1360<\/td>\n<\/tr>\n<tr>\n<td bgcolor=\"White\">\u00a0Passo Rosca Longitudinal<\/td>\n<td bgcolor=\"White\"><\/td>\n<td bgcolor=\"White\">\u00a06 T.P.I. \/ 4 mm<\/td>\n<\/tr>\n<tr>\n<td bgcolor=\"White\">\u00a0Capacidade Roscagem<\/td>\n<td bgcolor=\"White\"><\/td>\n<td bgcolor=\"White\">\u00a04-120 T.P.I. \/ 0.2-6 mm<\/td>\n<\/tr>\n<tr>\n<td bgcolor=\"White\">\u00a0Faixa Alimenta\u00e7\u00e3o Autom\u00e1tica<\/td>\n<td bgcolor=\"White\"><\/td>\n<td bgcolor=\"White\">\u00a00.002-0.014 inch \/ 0.05-0.35 mm<\/td>\n<\/tr>\n<tr>\n<td bgcolor=\"White\">\u00a0FURA\u00c7\u00c3O E FRESAGEM<\/td>\n<td bgcolor=\"White\"><\/td>\n<td bgcolor=\"White\"><\/td>\n<\/tr>\n<tr>\n<td bgcolor=\"White\">\u00a0Acopolamento Bucha<\/td>\n<td bgcolor=\"White\"><\/td>\n<td bgcolor=\"White\">\u00a0M.T. 3<\/td>\n<\/tr>\n<tr>\n<td bgcolor=\"White\">\u00a0Deslocamento Bucha<\/td>\n<td bgcolor=\"White\">\u00a0mm<\/td>\n<td bgcolor=\"White\">\u00a0110<\/td>\n<\/tr>\n<tr>\n<td bgcolor=\"White\">\u00a0Dist\u00e2ncia M\u00e1x. Centro Bucha-Coluna<\/td>\n<td bgcolor=\"White\">\u00a0mm<\/td>\n<td bgcolor=\"White\">\u00a0285<\/td>\n<\/tr>\n<tr>\n<td bgcolor=\"White\">\u00a0Dist\u00e2ncia M\u00e1x. Bucha-Mesa<\/td>\n<td bgcolor=\"White\">\u00a0mm<\/td>\n<td bgcolor=\"White\">\u00a0306<\/td>\n<\/tr>\n<tr>\n<td bgcolor=\"White\">\u00a0Velocidade Bucha<\/td>\n<td bgcolor=\"White\"><\/td>\n<td bgcolor=\"White\">\u00a0120-3000 r.p.m. (16V)<\/td>\n<\/tr>\n<tr>\n<td bgcolor=\"White\">\u00a0Tamanho Mesa<\/td>\n<td bgcolor=\"White\">\u00a0mm<\/td>\n<td bgcolor=\"White\">\u00a0475 \u00d7 160<\/td>\n<\/tr>\n<tr>\n<td bgcolor=\"White\">\u00a0Capacidade Perfura\u00e7\u00e3o<\/td>\n<td bgcolor=\"White\">\u00a0mm<\/td>\n<td bgcolor=\"White\">\u00a022<\/td>\n<\/tr>\n<tr>\n<td bgcolor=\"White\">\u00a0Capacidade Fresamento Final<\/td>\n<td bgcolor=\"White\">\u00a0mm<\/td>\n<td bgcolor=\"White\">\u00a028<\/td>\n<\/tr>\n<tr>\n<td bgcolor=\"White\">\u00a0Capacidade Fresamento Face<\/td>\n<td bgcolor=\"White\">\u00a0mm<\/td>\n<td bgcolor=\"White\">\u00a080<\/td>\n<\/tr>\n<tr>\n<td bgcolor=\"White\">\u00a0CARACTERISTICAS MOTOR<\/td>\n<td bgcolor=\"White\"><\/td>\n<td bgcolor=\"White\"><\/td>\n<\/tr>\n<tr>\n<td bgcolor=\"White\">\u00a0Pot\u00eancia Motor<\/td>\n<td bgcolor=\"White\">\u00a0kW<\/td>\n<td bgcolor=\"White\">\u00a00.55<\/td>\n<\/tr>\n<tr>\n<td bgcolor=\"White\">\u00a0Voltagem \/ Frequ\u00eancia \/ Fase<\/td>\n<td bgcolor=\"White\"><\/td>\n<td bgcolor=\"White\">\u00a0380V 50Hz 3PH<\/td>\n<\/tr>\n<\/tbody>\n<\/table>\n<p><\/p>","protected":false},"excerpt":{"rendered":"<p>\u00a0Caracter\u00edsticas T\u00e9cnicas \u00a0&#8211; \u00a0&#8212; \u00a0TORNEAMENTO \u00a0Dist\u00e2ncia entre Pontos \u00a0mm \u00a0800 \u00a0Di\u00e2metro M\u00e1x. Torne\u00e1vel \u00a0mm \u00a0420 \u00a0Deslocamento M\u00e1x. Longitudinal \u00a0mm \u00a0740 \u00a0Deslocamento M\u00e1x. Cruzado \u00a0mm \u00a0200 \u00a0Acopolamento Bucha \u00a0M.T. 4 \u00a0Ajuste Longitudinal Contraponto \u00a0mm \u00a070 \u00a0Acopolamento Contraponto \u00a0M.T. 3 \u00a0Di\u00e2metro Furo Bucha \u00a0mm \u00a0\u00d8 28 \u00a0Velocidade Bucha \u00a0rpm \u00a0160-1360 \u00a0Passo Rosca Longitudinal \u00a06 T.P.I. \/ 4 [&hellip;]<\/p>\n","protected":false},"featured_media":62996,"comment_status":"closed","ping_status":"closed","template":"","meta":[],"product_brand":[],"product_cat":[1836],"product_tag":[],"class_list":{"0":"post-49345","1":"product","2":"type-product","3":"status-publish","4":"has-post-thumbnail","6":"product_cat-torno-mecanico","8":"first","9":"onbackorder","10":"taxable","11":"shipping-taxable","12":"purchasable","13":"product-type-simple"},"_links":{"self":[{"href":"https:\/\/occasionmachines.com\/pt\/wp-json\/wp\/v2\/product\/49345","targetHints":{"allow":["GET"]}}],"collection":[{"href":"https:\/\/occasionmachines.com\/pt\/wp-json\/wp\/v2\/product"}],"about":[{"href":"https:\/\/occasionmachines.com\/pt\/wp-json\/wp\/v2\/types\/product"}],"replies":[{"embeddable":true,"href":"https:\/\/occasionmachines.com\/pt\/wp-json\/wp\/v2\/comments?post=49345"}],"wp:featuredmedia":[{"embeddable":true,"href":"https:\/\/occasionmachines.com\/pt\/wp-json\/wp\/v2\/media\/62996"}],"wp:attachment":[{"href":"https:\/\/occasionmachines.com\/pt\/wp-json\/wp\/v2\/media?parent=49345"}],"wp:term":[{"taxonomy":"product_brand","embeddable":true,"href":"https:\/\/occasionmachines.com\/pt\/wp-json\/wp\/v2\/product_brand?post=49345"},{"taxonomy":"product_cat","embeddable":true,"href":"https:\/\/occasionmachines.com\/pt\/wp-json\/wp\/v2\/product_cat?post=49345"},{"taxonomy":"product_tag","embeddable":true,"href":"https:\/\/occasionmachines.com\/pt\/wp-json\/wp\/v2\/product_tag?post=49345"}],"curies":[{"name":"wp","href":"https:\/\/api.w.org\/{rel}","templated":true}]}}