{"id":49347,"date":"2021-07-13T12:22:27","date_gmt":"2021-07-13T11:22:27","guid":{"rendered":"https:\/\/occasionmachines.com\/?post_type=product&#038;p=49347"},"modified":"2025-01-30T15:27:11","modified_gmt":"2025-01-30T15:27:11","slug":"prensa-hidro-pneumatica-12-ton-2","status":"publish","type":"product","link":"https:\/\/occasionmachines.com\/pt\/produto\/prensa-hidro-pneumatica-12-ton-2\/","title":{"rendered":"Prensa 20t Hidro-pneumatica PPSP20"},"content":{"rendered":"<table border=1 cellspacing=0 cellpadding=0 width=\"100%\">\n<tr>\n<td bgcolor=AntiqueWhite align=left>&nbsp;Caracter\u00edsticas T\u00e9cnicas<\/td>\n<td bgcolor=AntiqueWhite align=left>&nbsp;&#8211;<\/td>\n<td bgcolor=AntiqueWhite align=left>&nbsp;&#8212;<\/td>\n<\/tr>\n<tr>\n<td bgcolor=White>&nbsp;Pot\u00eancia<\/td>\n<td bgcolor=White>&nbsp;t<\/td>\n<td bgcolor=White>&nbsp;20<\/td>\n<\/tr>\n<tr>\n<td bgcolor=White>&nbsp;Curso<\/td>\n<td bgcolor=White>&nbsp;mm<\/td>\n<td bgcolor=White>&nbsp;145<\/td>\n<\/tr>\n<tr>\n<td bgcolor=White>&nbsp;MEDIDAS<\/td>\n<td bgcolor=White>&nbsp;<\/td>\n<td bgcolor=White>&nbsp;<\/td>\n<\/tr>\n<tr>\n<td bgcolor=White>&nbsp;A<\/td>\n<td bgcolor=White>&nbsp;mm<\/td>\n<td bgcolor=White>&nbsp;58-1018<\/td>\n<\/tr>\n<tr>\n<td bgcolor=White>&nbsp;B<\/td>\n<td bgcolor=White>&nbsp;mm<\/td>\n<td bgcolor=White>&nbsp;600<\/td>\n<\/tr>\n<tr>\n<td bgcolor=White>&nbsp;C<\/td>\n<td bgcolor=White>&nbsp;mm<\/td>\n<td bgcolor=White>&nbsp;760<\/td>\n<\/tr>\n<tr>\n<td bgcolor=White>&nbsp;D<\/td>\n<td bgcolor=White>&nbsp;mm<\/td>\n<td bgcolor=White>&nbsp;540<\/td>\n<\/tr>\n<tr>\n<td bgcolor=White>&nbsp;E<\/td>\n<td bgcolor=White>&nbsp;mm<\/td>\n<td bgcolor=White>&nbsp;140<\/td>\n<\/tr>\n<tr>\n<td bgcolor=White>&nbsp;F<\/td>\n<td bgcolor=White>&nbsp;mm<\/td>\n<td bgcolor=White>&nbsp;1663<\/td>\n<\/tr>\n<tr>\n<td bgcolor=White>&nbsp;Roldana Eleva\u00e7\u00e3o<\/td>\n<td bgcolor=White>&nbsp;<\/td>\n<td bgcolor=White>&nbsp;N\u00e3o<\/td>\n<\/tr>\n<\/table>\n","protected":false},"excerpt":{"rendered":"<p>&nbsp;Caracter\u00edsticas T\u00e9cnicas &nbsp;&#8211; &nbsp;&#8212; &nbsp;Pot\u00eancia &nbsp;t &nbsp;20 &nbsp;Curso &nbsp;mm &nbsp;145 &nbsp;MEDIDAS &nbsp; &nbsp; &nbsp;A &nbsp;mm &nbsp;58-1018 &nbsp;B &nbsp;mm &nbsp;600 &nbsp;C &nbsp;mm &nbsp;760 &nbsp;D &nbsp;mm &nbsp;540 &nbsp;E &nbsp;mm &nbsp;140 &nbsp;F &nbsp;mm &nbsp;1663 &nbsp;Roldana Eleva\u00e7\u00e3o &nbsp; &nbsp;N\u00e3o<\/p>\n","protected":false},"featured_media":63305,"comment_status":"closed","ping_status":"closed","template":"","meta":[],"product_brand":[],"product_cat":[1692],"product_tag":[],"class_list":{"0":"post-49347","1":"product","2":"type-product","3":"status-publish","4":"has-post-thumbnail","6":"product_cat-prensas-hidrualicas","8":"first","9":"onbackorder","10":"taxable","11":"shipping-taxable","12":"purchasable","13":"product-type-simple"},"_links":{"self":[{"href":"https:\/\/occasionmachines.com\/pt\/wp-json\/wp\/v2\/product\/49347","targetHints":{"allow":["GET"]}}],"collection":[{"href":"https:\/\/occasionmachines.com\/pt\/wp-json\/wp\/v2\/product"}],"about":[{"href":"https:\/\/occasionmachines.com\/pt\/wp-json\/wp\/v2\/types\/product"}],"replies":[{"embeddable":true,"href":"https:\/\/occasionmachines.com\/pt\/wp-json\/wp\/v2\/comments?post=49347"}],"wp:featuredmedia":[{"embeddable":true,"href":"https:\/\/occasionmachines.com\/pt\/wp-json\/wp\/v2\/media\/63305"}],"wp:attachment":[{"href":"https:\/\/occasionmachines.com\/pt\/wp-json\/wp\/v2\/media?parent=49347"}],"wp:term":[{"taxonomy":"product_brand","embeddable":true,"href":"https:\/\/occasionmachines.com\/pt\/wp-json\/wp\/v2\/product_brand?post=49347"},{"taxonomy":"product_cat","embeddable":true,"href":"https:\/\/occasionmachines.com\/pt\/wp-json\/wp\/v2\/product_cat?post=49347"},{"taxonomy":"product_tag","embeddable":true,"href":"https:\/\/occasionmachines.com\/pt\/wp-json\/wp\/v2\/product_tag?post=49347"}],"curies":[{"name":"wp","href":"https:\/\/api.w.org\/{rel}","templated":true}]}}