{"id":49374,"date":"2021-07-13T17:31:39","date_gmt":"2021-07-13T16:31:39","guid":{"rendered":"https:\/\/occasionmachines.com\/?post_type=product&#038;p=49374"},"modified":"2025-01-30T15:17:37","modified_gmt":"2025-01-30T15:17:37","slug":"elevador-de-coluna-chao-livre-passagem-de-cabos-no-topo-4-toneladas","status":"publish","type":"product","link":"https:\/\/occasionmachines.com\/pt\/produto\/elevador-de-coluna-chao-livre-passagem-de-cabos-no-topo-4-toneladas\/","title":{"rendered":"Elevador 2 Colunas 4ton Chao Livre PA2L4BT-CF"},"content":{"rendered":"<table border=1 cellspacing=0 cellpadding=0 width=\"100%\">\n<tr>\n<td bgcolor=AntiqueWhite align=left>&nbsp;Caracter\u00edsticas T\u00e9cnicas<\/td>\n<td bgcolor=AntiqueWhite align=left>&nbsp;&#8211;<\/td>\n<td bgcolor=AntiqueWhite align=left>&nbsp;&#8212;<\/td>\n<\/tr>\n<tr>\n<td bgcolor=White>&nbsp;Pot\u00eancia<\/td>\n<td bgcolor=White>&nbsp;kW<\/td>\n<td bgcolor=White>&nbsp;2.2<\/td>\n<\/tr>\n<tr>\n<td bgcolor=White>&nbsp;Voltagem<\/td>\n<td bgcolor=White>&nbsp;V<\/td>\n<td bgcolor=White>&nbsp;400<\/td>\n<\/tr>\n<tr>\n<td bgcolor=White>&nbsp;Frequ\u00eancia<\/td>\n<td bgcolor=White>&nbsp;Hz<\/td>\n<td bgcolor=White>&nbsp;50<\/td>\n<\/tr>\n<tr>\n<td bgcolor=White>&nbsp;Capacidade Eleva\u00e7\u00e3o<\/td>\n<td bgcolor=White>&nbsp;<\/td>\n<td bgcolor=White>&nbsp;4000kg (8818lb)<\/td>\n<\/tr>\n<tr>\n<td bgcolor=White>&nbsp;Altura M\u00e1x. Eleva\u00e7\u00e3o<\/td>\n<td bgcolor=White>&nbsp;<\/td>\n<td bgcolor=White>&nbsp;1850mm (73&#8243;)<\/td>\n<\/tr>\n<tr>\n<td bgcolor=White>&nbsp;Altura Total Elevador<\/td>\n<td bgcolor=White>&nbsp;<\/td>\n<td bgcolor=White>&nbsp;3605mm (142&#8243;)<\/td>\n<\/tr>\n<tr>\n<td bgcolor=White>&nbsp;Altura Sensor Eleva\u00e7\u00e3o<\/td>\n<td bgcolor=White>&nbsp;<\/td>\n<td bgcolor=White>&nbsp;3442mm (135&#8243;)<\/td>\n<\/tr>\n<tr>\n<td bgcolor=White>&nbsp;Largura Total Elevador<\/td>\n<td bgcolor=White>&nbsp;<\/td>\n<td bgcolor=White>&nbsp;3426mm (134&#8243;)<\/td>\n<\/tr>\n<tr>\n<td bgcolor=White>&nbsp;Comprimento Total Elevador<\/td>\n<td bgcolor=White>&nbsp;<\/td>\n<td bgcolor=White>&nbsp;2693mm (106&#8243;)<\/td>\n<\/tr>\n<tr>\n<td bgcolor=White>&nbsp;Distan\u00e7ia Entre Colunas<\/td>\n<td bgcolor=White>&nbsp;<\/td>\n<td bgcolor=White>&nbsp;2576mm (101&#8243;)<\/td>\n<\/tr>\n<tr>\n<td bgcolor=White>&nbsp;Tempo de Subida \/ Descida<\/td>\n<td bgcolor=White>&nbsp;<\/td>\n<td bgcolor=White>&nbsp;=40~60s<\/td>\n<\/tr>\n<tr>\n<td bgcolor=White>&nbsp;Ru\u00eddo<\/td>\n<td bgcolor=White>&nbsp;<\/td>\n<td bgcolor=White>&nbsp;&lt;80 dB<\/td>\n<\/tr>\n<\/table>\n","protected":false},"excerpt":{"rendered":"<p>&nbsp;Caracter\u00edsticas T\u00e9cnicas &nbsp;&#8211; &nbsp;&#8212; &nbsp;Pot\u00eancia &nbsp;kW &nbsp;2.2 &nbsp;Voltagem &nbsp;V &nbsp;400 &nbsp;Frequ\u00eancia &nbsp;Hz &nbsp;50 &nbsp;Capacidade Eleva\u00e7\u00e3o &nbsp; &nbsp;4000kg (8818lb) &nbsp;Altura M\u00e1x. Eleva\u00e7\u00e3o &nbsp; &nbsp;1850mm (73&#8243;) &nbsp;Altura Total Elevador &nbsp; &nbsp;3605mm (142&#8243;) &nbsp;Altura Sensor Eleva\u00e7\u00e3o &nbsp; &nbsp;3442mm (135&#8243;) &nbsp;Largura Total Elevador &nbsp; &nbsp;3426mm (134&#8243;) &nbsp;Comprimento Total Elevador &nbsp; &nbsp;2693mm (106&#8243;) &nbsp;Distan\u00e7ia Entre Colunas &nbsp; &nbsp;2576mm (101&#8243;) &nbsp;Tempo [&hellip;]<\/p>\n","protected":false},"featured_media":63227,"comment_status":"closed","ping_status":"closed","template":"","meta":[],"product_brand":[],"product_cat":[5774],"product_tag":[],"class_list":{"0":"post-49374","1":"product","2":"type-product","3":"status-publish","4":"has-post-thumbnail","6":"product_cat-elevadores-de-colunas","8":"first","9":"onbackorder","10":"taxable","11":"shipping-taxable","12":"purchasable","13":"product-type-simple"},"_links":{"self":[{"href":"https:\/\/occasionmachines.com\/pt\/wp-json\/wp\/v2\/product\/49374","targetHints":{"allow":["GET"]}}],"collection":[{"href":"https:\/\/occasionmachines.com\/pt\/wp-json\/wp\/v2\/product"}],"about":[{"href":"https:\/\/occasionmachines.com\/pt\/wp-json\/wp\/v2\/types\/product"}],"replies":[{"embeddable":true,"href":"https:\/\/occasionmachines.com\/pt\/wp-json\/wp\/v2\/comments?post=49374"}],"wp:featuredmedia":[{"embeddable":true,"href":"https:\/\/occasionmachines.com\/pt\/wp-json\/wp\/v2\/media\/63227"}],"wp:attachment":[{"href":"https:\/\/occasionmachines.com\/pt\/wp-json\/wp\/v2\/media?parent=49374"}],"wp:term":[{"taxonomy":"product_brand","embeddable":true,"href":"https:\/\/occasionmachines.com\/pt\/wp-json\/wp\/v2\/product_brand?post=49374"},{"taxonomy":"product_cat","embeddable":true,"href":"https:\/\/occasionmachines.com\/pt\/wp-json\/wp\/v2\/product_cat?post=49374"},{"taxonomy":"product_tag","embeddable":true,"href":"https:\/\/occasionmachines.com\/pt\/wp-json\/wp\/v2\/product_tag?post=49374"}],"curies":[{"name":"wp","href":"https:\/\/api.w.org\/{rel}","templated":true}]}}