{"id":51055,"date":"2021-11-02T23:01:41","date_gmt":"2021-11-02T23:01:41","guid":{"rendered":"https:\/\/occasionmachines.com\/?post_type=product&#038;p=51055"},"modified":"2025-01-30T15:14:54","modified_gmt":"2025-01-30T15:14:54","slug":"engenho-de-furar-de-correia-coluna-alta-trifasico-26mm-750w","status":"publish","type":"product","link":"https:\/\/occasionmachines.com\/pt\/produto\/engenho-de-furar-de-correia-coluna-alta-trifasico-26mm-750w\/","title":{"rendered":"Engenho de Furar de Correia Coluna Alta Monof\u00e1sico 25mm 900W"},"content":{"rendered":"<p><strong>Dados T\u00e9cnicos<\/strong><\/p>\n<ul>\n<li>Volts: 230<\/li>\n<li>Capac. M\u00e1x. Fura\u00e7\u00e3o: 25 mm<\/li>\n<li>Capacid. da Bucha: 5.0-16 mm<\/li>\n<li>Potencia do Motor: 900 W<\/li>\n<li>Curso (B) 85 mm<\/li>\n<li>N\u00ba de Velocidades: 12<\/li>\n<li>Rota\u00e7\u00f5es rpm: 280-2380<\/li>\n<li>Cone Morse: MT3<\/li>\n<li>Dist. \u00c1rvore-Coluna: 220 mm<\/li>\n<li>Di\u00e2m. Coluna: 80 mm<\/li>\n<li>Altura total: 1600 mm<\/li>\n<li>Peso: 75 Kg<\/li>\n<\/ul>\n<p>Mesa Oval<\/p>\n<p>Bucha sem Chave<\/p>\n<p>Micro-Swich de Seguran\u00e7a<\/p>\n<p>Prote\u00e7\u00e3o T\u00e9rmica<\/p>\n<p>Interruptor com Paragem de Emerg\u00eancia Frontal<\/p>","protected":false},"excerpt":{"rendered":"<p>Dados T\u00e9cnicos Volts: 230 Capac. M\u00e1x. Fura\u00e7\u00e3o: 25 mm Capacid. da Bucha: 5.0-16 mm Potencia do Motor: 900 W Curso (B) 85 mm N\u00ba de Velocidades: 12 Rota\u00e7\u00f5es rpm: 280-2380 Cone Morse: MT3 Dist. \u00c1rvore-Coluna: 220 mm Di\u00e2m. Coluna: 80 mm Altura total: 1600 mm Peso: 75 Kg Mesa Oval Bucha sem Chave Micro-Swich de [&hellip;]<\/p>\n","protected":false},"featured_media":51885,"comment_status":"open","ping_status":"closed","template":"","meta":[],"product_brand":[],"product_cat":[1807],"product_tag":[],"class_list":{"0":"post-51055","1":"product","2":"type-product","3":"status-publish","4":"has-post-thumbnail","6":"product_cat-engenhos-de-furar","7":"product_shipping_class-maquinas-pequenas","9":"first","10":"onbackorder","11":"sold-individually","12":"taxable","13":"shipping-taxable","14":"purchasable","15":"product-type-simple"},"_links":{"self":[{"href":"https:\/\/occasionmachines.com\/pt\/wp-json\/wp\/v2\/product\/51055","targetHints":{"allow":["GET"]}}],"collection":[{"href":"https:\/\/occasionmachines.com\/pt\/wp-json\/wp\/v2\/product"}],"about":[{"href":"https:\/\/occasionmachines.com\/pt\/wp-json\/wp\/v2\/types\/product"}],"replies":[{"embeddable":true,"href":"https:\/\/occasionmachines.com\/pt\/wp-json\/wp\/v2\/comments?post=51055"}],"wp:featuredmedia":[{"embeddable":true,"href":"https:\/\/occasionmachines.com\/pt\/wp-json\/wp\/v2\/media\/51885"}],"wp:attachment":[{"href":"https:\/\/occasionmachines.com\/pt\/wp-json\/wp\/v2\/media?parent=51055"}],"wp:term":[{"taxonomy":"product_brand","embeddable":true,"href":"https:\/\/occasionmachines.com\/pt\/wp-json\/wp\/v2\/product_brand?post=51055"},{"taxonomy":"product_cat","embeddable":true,"href":"https:\/\/occasionmachines.com\/pt\/wp-json\/wp\/v2\/product_cat?post=51055"},{"taxonomy":"product_tag","embeddable":true,"href":"https:\/\/occasionmachines.com\/pt\/wp-json\/wp\/v2\/product_tag?post=51055"}],"curies":[{"name":"wp","href":"https:\/\/api.w.org\/{rel}","templated":true}]}}